{"id":1723,"date":"2024-01-16T14:52:04","date_gmt":"2024-01-16T14:52:04","guid":{"rendered":"https:\/\/quintadacorte.com\/quinta\/historia-e-legado\/"},"modified":"2024-10-23T14:34:09","modified_gmt":"2024-10-23T14:34:09","slug":"history-and-legacy","status":"publish","type":"page","link":"https:\/\/quintadacorte.com\/en\/quinta\/history-and-legacy\/","title":{"rendered":"History and legacy"},"content":{"rendered":"<!--themify_builder_content-->\n<div id=\"themify_builder_content-1723\" data-postid=\"1723\" class=\"themify_builder_content themify_builder_content-1723 themify_builder tf_clear\">\n                    <div  data-css_id=\"nbav179\" data-lazy=\"1\" class=\"module_row themify_builder_row fullwidth_row_container tb_nbav179 tb_first tf_w wow\" data-tf-animation=\"fadeIn\">\n            <span class=\"builder_row_cover tf_abs\"><\/span>            <div class=\"row_inner col_align_top tb_col_count_1 tf_box tf_rel\">\n                        <div  data-lazy=\"1\" class=\"module_column tb-column col-full tb_eqjd179 first\">\n                    <!-- module plain text -->\n<div  class=\"module module-plain-text tb_qcad377 \" data-lazy=\"1\">\n        <div class=\"tb_text_wrap\">\n    <h1 class=\"page-title-default\">\n\tHistory and legacy\n<\/h1>    <\/div>\n<\/div>\n<!-- \/module plain text -->        <\/div>\n                        <\/div>\n        <\/div>\n                        <div  data-css_id=\"lycv552\" data-lazy=\"1\" class=\"module_row themify_builder_row section-default fullwidth tb_lycv552 tf_w wow\" data-tf-animation=\"fadeIn\" data-tf-animation_delay=\"0.6\">\n                        <div class=\"row_inner col_align_middle tb_col_count_2 tf_box tf_rel\">\n                        <div  data-lazy=\"1\" class=\"module_column tb-column col4-2 tb_yq59552 first\">\n                    <!-- module plain text -->\n<div  class=\"module module-plain-text tb_geme552 \" data-lazy=\"1\">\n        <div class=\"tb_text_wrap\">\n    <h2>\n\tA estate known for the quality of its soil\n<\/h2>\n\n<p>\n\tQuinta da C\u00f4rte illustrates the nobility of an unavoidable history and an exceptional schist terroir. Its history dates back to the 19th century, with the first reports of vine plantations dating back to 1814. Parcel 505 is one of the oldest post-phylloxera plots with over 100 mixed grape varieties. Historically linked to Port Wine production, it began producing DOC Douro and Port Wines under its own name when it became part of Philippe Austruy&#8217;s wine properties in 2013. Today, Quinta da C\u00f4rte follows the Austruy vineyard philosophy and is part of the Commanderie de Peyrassol brotherhood in C\u00f4tes de Provence, Ch\u00e2teau Malescasse, a &#8220;cru bourgeois&#8221; in the Haut-M\u00e9doc region of France, and Tenuta Casenuove in Tuscany.\n<\/p>    <\/div>\n<\/div>\n<!-- \/module plain text -->        <\/div>\n                    <div  data-lazy=\"1\" class=\"module_column tb-column col4-2 tb_4ig3552 last\">\n                            <\/div>\n                        <\/div>\n        <\/div>\n                        <div  data-parallax-bg=\"desktop\" data-css_id=\"10xk591\" data-lazy=\"1\" class=\"module_row themify_builder_row highlighted-section fullwidth_row_container tb_10xk591 tf_w\">\n                        <div class=\"row_inner col_align_top tb_col_count_1 tf_box tf_rel\">\n                        <div  data-lazy=\"1\" class=\"module_column tb-column col-full tb_534y591 first\">\n                    <!-- module plain text -->\n<div  class=\"module module-plain-text tb_jua5629  wow\" data-tf-animation=\"fadeIn\" data-tf-animation_delay=\"0.3\" data-lazy=\"1\">\n        <div class=\"tb_text_wrap\">\n    <h2>\n\tA vineyard subject to all attention\n<\/h2>\n\n<p>\n\tIn extreme conditions like those in the Douro, the vineyard demands constant monitoring. It requires even more attention because working in this vineyard is extremely challenging, and the diversity of grape varieties does not allow for a one-size-fits-all solution. It&#8217;s a personalized effort, every day.\n<\/p>    <\/div>\n<\/div>\n<!-- \/module plain text -->        <\/div>\n                        <\/div>\n        <\/div>\n                        <div  data-css_id=\"wxve297\" data-lazy=\"1\" class=\"module_row themify_builder_row section-default fullwidth tb_wxve297 tf_w wow\" data-tf-animation=\"fadeIn\" data-tf-animation_delay=\"0.3\">\n                        <div class=\"row_inner col_align_middle tb_col_count_2 tf_box tf_rel\">\n                        <div  data-lazy=\"1\" class=\"module_column tb-column col4-2 tb_4do7505 first\">\n                            <\/div>\n                    <div  data-lazy=\"1\" class=\"module_column tb-column col4-2 tb_tt3x120 last\">\n                    <!-- module plain text -->\n<div  class=\"module module-plain-text tb_ay5c120 \" data-lazy=\"1\">\n        <div class=\"tb_text_wrap\">\n    <h2>\n\tLetting the land speak\n<\/h2>\n\n<p>We let the land speak. The rhythm is created by the land. To perpetuate the identity of the estate, each harvest involves contemplation, daily and rigorous monitoring in the vineyard, always in close proximity to nature and what it brings each passing year. Nothing is done in haste; we pause, breathe, and feel each moment so that the essence of this land is reflected in every harvest and every bottle.<\/p>\n\n<p>Adopting a sustainable cultivation method, Quinta da C\u00f4rte prioritizes the gradual creation of a natural balance between the vineyard and its environment. Each of the 22 plots is cultivated differently, and each vine within every plot receives differentiated attention. Following the philosophy of Austruy&#8217;s vineyards, the interventions aim to accompany the vine, allowing it to give its best in a unique context every year: the harvest. The same applies to the winery \u2013 vinifications never force the material, enabling the greatest possible expression of the land from which it originates.<\/p>    <\/div>\n<\/div>\n<!-- \/module plain text -->        <\/div>\n                        <\/div>\n        <\/div>\n        <\/div>\n<!--\/themify_builder_content-->","protected":false},"excerpt":{"rendered":"","protected":false},"author":1,"featured_media":1292,"parent":1713,"menu_order":0,"comment_status":"closed","ping_status":"closed","template":"","meta":{"_acf_changed":false,"footnotes":""},"class_list":["post-1723","page","type-page","status-publish","has-post-thumbnail","hentry","has-post-title","has-post-date","has-post-category","has-post-tag","has-post-comment","has-post-author",""],"acf":[],"builder_content":"<h1> History and legacy <\/h1>\n<h2> A estate known for the quality of its soil <\/h2>\n<p> Quinta da C\u00f4rte illustrates the nobility of an unavoidable history and an exceptional schist terroir. Its history dates back to the 19th century, with the first reports of vine plantations dating back to 1814. Parcel 505 is one of the oldest post-phylloxera plots with over 100 mixed grape varieties. Historically linked to Port Wine production, it began producing DOC Douro and Port Wines under its own name when it became part of Philippe Austruy's wine properties in 2013. Today, Quinta da C\u00f4rte follows the Austruy vineyard philosophy and is part of the Commanderie de Peyrassol brotherhood in C\u00f4tes de Provence, Ch\u00e2teau Malescasse, a \"cru bourgeois\" in the Haut-M\u00e9doc region of France, and Tenuta Casenuove in Tuscany. <\/p>\n<h2> A vineyard subject to all attention <\/h2>\n<p> In extreme conditions like those in the Douro, the vineyard demands constant monitoring. It requires even more attention because working in this vineyard is extremely challenging, and the diversity of grape varieties does not allow for a one-size-fits-all solution. It's a personalized effort, every day. <\/p>\n<h2> Letting the land speak <\/h2>\n<p>We let the land speak. The rhythm is created by the land. To perpetuate the identity of the estate, each harvest involves contemplation, daily and rigorous monitoring in the vineyard, always in close proximity to nature and what it brings each passing year. Nothing is done in haste; we pause, breathe, and feel each moment so that the essence of this land is reflected in every harvest and every bottle.<\/p>\n<p>Adopting a sustainable cultivation method, Quinta da C\u00f4rte prioritizes the gradual creation of a natural balance between the vineyard and its environment. Each of the 22 plots is cultivated differently, and each vine within every plot receives differentiated attention. Following the philosophy of Austruy's vineyards, the interventions aim to accompany the vine, allowing it to give its best in a unique context every year: the harvest. The same applies to the winery \u2013 vinifications never force the material, enabling the greatest possible expression of the land from which it originates.<\/p>","post_mailing_queue_ids":[],"_links":{"self":[{"href":"https:\/\/quintadacorte.com\/en\/wp-json\/wp\/v2\/pages\/1723","targetHints":{"allow":["GET"]}}],"collection":[{"href":"https:\/\/quintadacorte.com\/en\/wp-json\/wp\/v2\/pages"}],"about":[{"href":"https:\/\/quintadacorte.com\/en\/wp-json\/wp\/v2\/types\/page"}],"author":[{"embeddable":true,"href":"https:\/\/quintadacorte.com\/en\/wp-json\/wp\/v2\/users\/1"}],"replies":[{"embeddable":true,"href":"https:\/\/quintadacorte.com\/en\/wp-json\/wp\/v2\/comments?post=1723"}],"version-history":[{"count":6,"href":"https:\/\/quintadacorte.com\/en\/wp-json\/wp\/v2\/pages\/1723\/revisions"}],"predecessor-version":[{"id":3280,"href":"https:\/\/quintadacorte.com\/en\/wp-json\/wp\/v2\/pages\/1723\/revisions\/3280"}],"up":[{"embeddable":true,"href":"https:\/\/quintadacorte.com\/en\/wp-json\/wp\/v2\/pages\/1713"}],"wp:featuredmedia":[{"embeddable":true,"href":"https:\/\/quintadacorte.com\/en\/wp-json\/wp\/v2\/media\/1292"}],"wp:attachment":[{"href":"https:\/\/quintadacorte.com\/en\/wp-json\/wp\/v2\/media?parent=1723"}],"curies":[{"name":"wp","href":"https:\/\/api.w.org\/{rel}","templated":true}]}}