{"id":1752,"date":"2024-01-15T13:08:26","date_gmt":"2024-01-15T13:08:26","guid":{"rendered":"https:\/\/quintadacorte.com\/vinhos\/"},"modified":"2026-03-04T12:40:54","modified_gmt":"2026-03-04T12:40:54","slug":"wines","status":"publish","type":"page","link":"https:\/\/quintadacorte.com\/en\/wines\/","title":{"rendered":"Wines"},"content":{"rendered":"<!--themify_builder_content-->\n<div id=\"themify_builder_content-1752\" data-postid=\"1752\" class=\"themify_builder_content themify_builder_content-1752 themify_builder tf_clear\">\n                    <div  data-css_id=\"exsd325\" data-lazy=\"1\" class=\"module_row themify_builder_row fullwidth_row_container tb_exsd325 tb_first tf_w wow\" data-tf-animation=\"fadeIn\">\n            <span class=\"builder_row_cover tf_abs\"><\/span>            <div class=\"row_inner col_align_top tb_col_count_1 tf_box tf_rel\">\n                        <div  data-lazy=\"1\" class=\"module_column tb-column col-full tb_r78f325 first\">\n                    <!-- module plain text -->\n<div  class=\"module module-plain-text tb_tmaf325 \" data-lazy=\"1\">\n        <div class=\"tb_text_wrap\">\n    <h1 class=\"page-title-default\">\n\tWines\n<\/h1>    <\/div>\n<\/div>\n<!-- \/module plain text -->        <\/div>\n                        <\/div>\n        <\/div>\n                        <div  data-parallax-bg=\"desktop\" data-css_id=\"hfs1652\" data-lazy=\"1\" class=\"module_row themify_builder_row highlighted-section fullwidth_row_container tb_hfs1652 tf_w wow\" data-tf-animation=\"fadeIn\" data-tf-animation_delay=\"0.3\">\n                        <div class=\"row_inner col_align_top tb_col_count_1 tf_box tf_rel\">\n                        <div  data-lazy=\"1\" class=\"module_column tb-column col-full tb_a1nc653 first\">\n                    <!-- module plain text -->\n<div  class=\"module module-plain-text tb_znd5653  wow\" data-tf-animation=\"fadeIn\" data-tf-animation_delay=\"0.6\" data-lazy=\"1\">\n        <div class=\"tb_text_wrap\">\n    <h2>\n\tDouro and Porto\n<\/h2>\n\n<p>\nThe vineyard to this day is cultivated in a traditional manner and according to the rules of the art, resulting in deep and elegant wines. The wines are the result of rigor and excellence in each plot of this property. Each plot and grape variety are vinified separately, and the ancient foot treading is maintained in the production of Port Wines. The tone is set by the \u201cEarth\u201d, and according to the philosophy of the Austruy vineyards, the interventions carried out aim to accompany the vine, allowing it to give its best in a context that is unique every year: the harvest. Quinta da C\u00f4rte focuses on producing high-quality DOC Douro wines and special categories of Port Wines.<\/p>    <\/div>\n<\/div>\n<!-- \/module plain text -->        <\/div>\n                        <\/div>\n        <\/div>\n                        <div  data-css_id=\"7ghl498\" data-lazy=\"1\" class=\"module_row themify_builder_row section-default fullwidth tb_7ghl498 tf_w wow\" data-tf-animation=\"fadeIn\" data-tf-animation_delay=\"0.3\">\n                        <div class=\"row_inner col_align_middle gutter-none tb_col_count_2 tf_box tf_rel\">\n                        <div  data-lazy=\"1\" class=\"module_column tb-column col4-2 tb_m5vp498 first\">\n                    <!-- module plain text -->\n<div  class=\"module module-plain-text tb_laf5498  wow\" data-tf-animation=\"fadeIn\" data-tf-animation_delay=\"0.6\" data-lazy=\"1\">\n        <div class=\"tb_text_wrap\">\n    <h2 class=\"titulos-lista-vinhos\">\n\tQuinta da C\u00f4rte<br>Grande Reserva Red\n<\/h2>\n\n<p>The Quinta da C\u00f4rte Douro DOC Grande Reserva Tinto reflects the excellence of a unique terroir and embodies the distinctive character of the estate. Produced from a careful selection of the finest grapes from old vineyard parcels, this wine represents the Quinta&#8217;s commitment to quality. With a deep and captivating colour, it reveals complex aromas of black fruit and chocolate, spices, and softly integrated wood notes. On the palate, it presents an elegant structure with a long and persistent finish, leaving a lasting impression of sophistication and refinement.<\/p>\n\n<p>\n\t<a class=\"btn-default\" href=\"\/en\/wines\/doc-douro\/grande-reserva-tinto\/\">View Wine<\/a>\n<\/p>    <\/div>\n<\/div>\n<!-- \/module plain text -->        <\/div>\n                    <div  data-lazy=\"1\" class=\"module_column tb-column col4-2 tb_ue88620 last\">\n                            <\/div>\n                        <\/div>\n        <\/div>\n                        <div  data-css_id=\"04oi845\" data-lazy=\"1\" class=\"module_row themify_builder_row section-default fullwidth tb_04oi845 tf_w wow\" data-tf-animation=\"fadeIn\" data-tf-animation_delay=\"0.3\">\n                        <div class=\"row_inner col_align_middle gutter-none tb_col_count_2 tf_box tf_rel\">\n                        <div  data-lazy=\"1\" class=\"module_column tb-column col4-2 tb_i0fn917 first\">\n                            <\/div>\n                    <div  data-lazy=\"1\" class=\"module_column tb-column col4-2 tb_zeby222 last\">\n                    <!-- module plain text -->\n<div  class=\"module module-plain-text tb_okxb222  wow\" data-tf-animation=\"fadeIn\" data-tf-animation_delay=\"0.6\" data-lazy=\"1\">\n        <div class=\"tb_text_wrap\">\n    <h2 class=\"titulos-lista-vinhos\">\n\tPrincesa Reserve Red\n<\/h2>\n\n<p>The Princesa wine is an anthem to the land of Quinta da C\u00f4rte and the first wine from the Douro following the acquisition of the property by the Vignoble Austruy Group. With a fine and elegant structure, this wine showcases the exuberance of its terroir, offering an intensely fresh aroma of red fruits and spices in harmony with floral notes, culminating in a complete and unparalleled finish.<\/p>\n\n<p>\n\t<a class=\"btn-default\" href=\"\/en\/wines\/doc-douro\/princesa\">View Wine<\/a>\n<\/p>    <\/div>\n<\/div>\n<!-- \/module plain text -->        <\/div>\n                        <\/div>\n        <\/div>\n                        <div  data-css_id=\"vfwn639\" data-lazy=\"1\" class=\"module_row themify_builder_row section-default fullwidth tb_vfwn639 tf_w wow\" data-tf-animation=\"fadeIn\" data-tf-animation_delay=\"0.3\">\n                        <div class=\"row_inner col_align_middle gutter-none tb_col_count_2 tf_box tf_rel\">\n                        <div  data-lazy=\"1\" class=\"module_column tb-column col4-2 tb_3jbs448 first\">\n                    <!-- module plain text -->\n<div  class=\"module module-plain-text tb_rz4o448  wow\" data-tf-animation=\"fadeIn\" data-tf-animation_delay=\"0.6\" data-lazy=\"1\">\n        <div class=\"tb_text_wrap\">\n    <h2 class=\"titulos-lista-vinhos\">\n\tC\u00f4rte Princesa White\n<\/h2>\n\n<p>\nThe name change from C\u00f4rte Douro DOC White to C\u00f4rte Princesa Douro DOC White aims to strengthen the identity and clarity of the only white wine within the Quinta da C\u00f4rte wine \u201cfamily\u201d. Made exclusively from 100 % white grapes grown on the estate\u2019s vineyards, it ensures full coherence between name, origin and terroir expression. The wine comes notably from 5 hectares of Viosinho planted at 500 m altitude in the Cima Corgo sub-region, at the heart of the Douro Valley, and stands out for its natural freshness and refined character. By associating Princesa with C\u00f4rte, the wine\u2019s strong connection to its estate and history is more clearly expressed, giving it a more distinctive, memorable and consistent personality within the range. The wine itself remains unchanged \u2014 only its name evolves \u2014 while retaining the Douro DOC designation, a guarantee of authenticity.\n<\/p>\n\n<p>\n\t<a class=\"btn-default\" href=\"\/en\/wines\/doc-douro\/corte-princesa-white\/\">View Wine<\/a>\n<\/p>    <\/div>\n<\/div>\n<!-- \/module plain text -->        <\/div>\n                    <div  data-lazy=\"1\" class=\"module_column tb-column col4-2 tb_9p2i639 last\">\n                            <\/div>\n                        <\/div>\n        <\/div>\n                        <div  data-css_id=\"u5bn725\" data-lazy=\"1\" class=\"module_row themify_builder_row section-default fullwidth tb_u5bn725 tf_w wow\" data-tf-animation=\"fadeIn\" data-tf-animation_delay=\"0.3\">\n                        <div class=\"row_inner col_align_middle gutter-none tb_col_count_2 tf_box tf_rel\">\n                        <div  data-lazy=\"1\" class=\"module_column tb-column col4-2 tb_sziy726 first\">\n                            <\/div>\n                    <div  data-lazy=\"1\" class=\"module_column tb-column col4-2 tb_p083726 last\">\n                    <!-- module plain text -->\n<div  class=\"module module-plain-text tb_p2m8726  wow\" data-tf-animation=\"fadeIn\" data-tf-animation_delay=\"0.6\" data-lazy=\"1\">\n        <div class=\"tb_text_wrap\">\n    <h2 class=\"titulos-lista-vinhos\">\n\tPort Wines\n<\/h2>\n\n<p>The Porto wines from Quinta da C\u00f4rte are the ultimate expression of the unique terroir of this estate. Originating from century-old vineyard parcels, these wines are produced in limited quantities and stand out for their unique character. They reveal a deep and rich structure, supported by intense freshness. The preservation of age-old traditions results in an ancestral combination, offering a unique and firm energy in every drop, coupled with a memorable and long finish.<\/p>\n\n<p>\n\t<a class=\"btn-default\" href=\"\/en\/wines\/port-wines\/\">View Wines<\/a>\n<\/p>    <\/div>\n<\/div>\n<!-- \/module plain text -->        <\/div>\n                        <\/div>\n        <\/div>\n                        <div  data-css_id=\"8lch520\" data-lazy=\"1\" class=\"module_row themify_builder_row section-default fullwidth tb_8lch520 tf_w wow\" data-tf-animation=\"fadeIn\" data-tf-animation_delay=\"0.3\">\n                        <div class=\"row_inner col_align_middle gutter-none tb_col_count_2 tf_box tf_rel\">\n                        <div  data-lazy=\"1\" class=\"module_column tb-column col4-2 tb_8sof520 first\">\n                    <!-- module plain text -->\n<div  class=\"module module-plain-text tb_zvfi520  wow\" data-tf-animation=\"fadeIn\" data-tf-animation_delay=\"0.6\" data-lazy=\"1\">\n        <div class=\"tb_text_wrap\">\n    <h2 class=\"titulos-lista-vinhos\">\n\tThe Collection\n<\/h2>\n\n<p>In the heart of the demarcated Douro region, where centuries of tradition meet present innovation, the Quinta da C\u00f4rte collection wines are born. These wines emerge as the pure expression of the Quinta da C\u00f4rte terroir, originating from the best plots of the property and produced only in exceptional years.<\/p>\n\n<p>\n\t<a class=\"btn-default\" href=\"\/en\/wines\/collection\/tnx\">View Wines<\/a>\n<\/p>    <\/div>\n<\/div>\n<!-- \/module plain text -->        <\/div>\n                    <div  data-lazy=\"1\" class=\"module_column tb-column col4-2 tb_w67m520 last\">\n                            <\/div>\n                        <\/div>\n        <\/div>\n        <\/div>\n<!--\/themify_builder_content-->","protected":false},"excerpt":{"rendered":"","protected":false},"author":1,"featured_media":1480,"parent":0,"menu_order":0,"comment_status":"closed","ping_status":"closed","template":"","meta":{"_acf_changed":false,"footnotes":""},"class_list":["post-1752","page","type-page","status-publish","has-post-thumbnail","hentry","has-post-title","has-post-date","has-post-category","has-post-tag","has-post-comment","has-post-author",""],"acf":[],"builder_content":"<h1> Wines <\/h1>\n<h2> Douro and Porto <\/h2>\n<p> The vineyard to this day is cultivated in a traditional manner and according to the rules of the art, resulting in deep and elegant wines. The wines are the result of rigor and excellence in each plot of this property. Each plot and grape variety are vinified separately, and the ancient foot treading is maintained in the production of Port Wines. The tone is set by the \u201cEarth\u201d, and according to the philosophy of the Austruy vineyards, the interventions carried out aim to accompany the vine, allowing it to give its best in a context that is unique every year: the harvest. Quinta da C\u00f4rte focuses on producing high-quality DOC Douro wines and special categories of Port Wines.<\/p>\n<h2> Quinta da C\u00f4rte<br>Grande Reserva Red <\/h2>\n<p>The Quinta da C\u00f4rte Douro DOC Grande Reserva Tinto reflects the excellence of a unique terroir and embodies the distinctive character of the estate. Produced from a careful selection of the finest grapes from old vineyard parcels, this wine represents the Quinta's commitment to quality. With a deep and captivating colour, it reveals complex aromas of black fruit and chocolate, spices, and softly integrated wood notes. On the palate, it presents an elegant structure with a long and persistent finish, leaving a lasting impression of sophistication and refinement.<\/p>\n<p> <a href=\"\/en\/wines\/doc-douro\/grande-reserva-tinto\/\">View Wine<\/a> <\/p>\n<h2> Princesa Reserve Red <\/h2>\n<p>The Princesa wine is an anthem to the land of Quinta da C\u00f4rte and the first wine from the Douro following the acquisition of the property by the Vignoble Austruy Group. With a fine and elegant structure, this wine showcases the exuberance of its terroir, offering an intensely fresh aroma of red fruits and spices in harmony with floral notes, culminating in a complete and unparalleled finish.<\/p>\n<p> <a href=\"\/en\/wines\/doc-douro\/princesa\">View Wine<\/a> <\/p>\n<h2> C\u00f4rte Princesa White <\/h2>\n<p> The name change from C\u00f4rte Douro DOC White to C\u00f4rte Princesa Douro DOC White aims to strengthen the identity and clarity of the only white wine within the Quinta da C\u00f4rte wine \u201cfamily\u201d. Made exclusively from 100 % white grapes grown on the estate\u2019s vineyards, it ensures full coherence between name, origin and terroir expression. The wine comes notably from 5 hectares of Viosinho planted at 500 m altitude in the Cima Corgo sub-region, at the heart of the Douro Valley, and stands out for its natural freshness and refined character. By associating Princesa with C\u00f4rte, the wine\u2019s strong connection to its estate and history is more clearly expressed, giving it a more distinctive, memorable and consistent personality within the range. The wine itself remains unchanged \u2014 only its name evolves \u2014 while retaining the Douro DOC designation, a guarantee of authenticity. <\/p>\n<p> <a href=\"\/en\/wines\/doc-douro\/corte-princesa-white\/\">View Wine<\/a> <\/p>\n<h2> Port Wines <\/h2>\n<p>The Porto wines from Quinta da C\u00f4rte are the ultimate expression of the unique terroir of this estate. Originating from century-old vineyard parcels, these wines are produced in limited quantities and stand out for their unique character. They reveal a deep and rich structure, supported by intense freshness. The preservation of age-old traditions results in an ancestral combination, offering a unique and firm energy in every drop, coupled with a memorable and long finish.<\/p>\n<p> <a href=\"\/en\/wines\/port-wines\/\">View Wines<\/a> <\/p>\n<h2> The Collection <\/h2>\n<p>In the heart of the demarcated Douro region, where centuries of tradition meet present innovation, the Quinta da C\u00f4rte collection wines are born. These wines emerge as the pure expression of the Quinta da C\u00f4rte terroir, originating from the best plots of the property and produced only in exceptional years.<\/p>\n<p> <a href=\"\/en\/wines\/collection\/tnx\">View Wines<\/a> <\/p>","post_mailing_queue_ids":[],"_links":{"self":[{"href":"https:\/\/quintadacorte.com\/en\/wp-json\/wp\/v2\/pages\/1752","targetHints":{"allow":["GET"]}}],"collection":[{"href":"https:\/\/quintadacorte.com\/en\/wp-json\/wp\/v2\/pages"}],"about":[{"href":"https:\/\/quintadacorte.com\/en\/wp-json\/wp\/v2\/types\/page"}],"author":[{"embeddable":true,"href":"https:\/\/quintadacorte.com\/en\/wp-json\/wp\/v2\/users\/1"}],"replies":[{"embeddable":true,"href":"https:\/\/quintadacorte.com\/en\/wp-json\/wp\/v2\/comments?post=1752"}],"version-history":[{"count":22,"href":"https:\/\/quintadacorte.com\/en\/wp-json\/wp\/v2\/pages\/1752\/revisions"}],"predecessor-version":[{"id":3851,"href":"https:\/\/quintadacorte.com\/en\/wp-json\/wp\/v2\/pages\/1752\/revisions\/3851"}],"wp:featuredmedia":[{"embeddable":true,"href":"https:\/\/quintadacorte.com\/en\/wp-json\/wp\/v2\/media\/1480"}],"wp:attachment":[{"href":"https:\/\/quintadacorte.com\/en\/wp-json\/wp\/v2\/media?parent=1752"}],"curies":[{"name":"wp","href":"https:\/\/api.w.org\/{rel}","templated":true}]}}