{"id":2307,"date":"2024-01-16T14:52:04","date_gmt":"2024-01-16T14:52:04","guid":{"rendered":"https:\/\/quintadacorte.com\/quinta\/historia-e-legado\/"},"modified":"2024-10-23T14:35:12","modified_gmt":"2024-10-23T14:35:12","slug":"histoire-et-heritage","status":"publish","type":"page","link":"https:\/\/quintadacorte.com\/fr\/quinta\/histoire-et-heritage\/","title":{"rendered":"Histoire et H\u00e9ritage"},"content":{"rendered":"<!--themify_builder_content-->\n<div id=\"themify_builder_content-2307\" data-postid=\"2307\" class=\"themify_builder_content themify_builder_content-2307 themify_builder tf_clear\">\n                    <div  data-css_id=\"nbav179\" data-lazy=\"1\" class=\"module_row themify_builder_row fullwidth_row_container tb_nbav179 tb_first tf_w wow\" data-tf-animation=\"fadeIn\">\n            <span class=\"builder_row_cover tf_abs\"><\/span>            <div class=\"row_inner col_align_top tb_col_count_1 tf_box tf_rel\">\n                        <div  data-lazy=\"1\" class=\"module_column tb-column col-full tb_eqjd179 first\">\n                    <!-- module plain text -->\n<div  class=\"module module-plain-text tb_qcad377 \" data-lazy=\"1\">\n        <div class=\"tb_text_wrap\">\n    <h1 class=\"page-title-default\">\n\tHistoire et H\u00e9ritage\n<\/h1>    <\/div>\n<\/div>\n<!-- \/module plain text -->        <\/div>\n                        <\/div>\n        <\/div>\n                        <div  data-css_id=\"lycv552\" data-lazy=\"1\" class=\"module_row themify_builder_row section-default fullwidth tb_lycv552 tf_w wow\" data-tf-animation=\"fadeIn\" data-tf-animation_delay=\"0.6\">\n                        <div class=\"row_inner col_align_middle tb_col_count_2 tf_box tf_rel\">\n                        <div  data-lazy=\"1\" class=\"module_column tb-column col4-2 tb_yq59552 first\">\n                    <!-- module plain text -->\n<div  class=\"module module-plain-text tb_geme552 \" data-lazy=\"1\">\n        <div class=\"tb_text_wrap\">\n    <h2>\n\tUn domaine reconnu pour la qualit\u00e9 de son terroir\n<\/h2>\n\n<p>\nLa Quinta da C\u00f4rte illustre la noblesse d&rsquo;une histoire incontournable et d&rsquo;un terroir de schiste exceptionnel. Son histoire remonte au XIXe si\u00e8cle, avec les premiers rapports de plantations de vignes datant de 1814. La parcelle 505 est l&rsquo;une des plus anciennes parcelles post-phyllox\u00e9ra avec plus de 100 vari\u00e9t\u00e9s de raisins m\u00e9lang\u00e9es. Historiquement li\u00e9e \u00e0 la production de vin de Porto, elle a commenc\u00e9 \u00e0 produire des vins DOC Douro et des vins de Porto sous son propre nom lorsqu&rsquo;elle est devenue partie int\u00e9grante des propri\u00e9t\u00e9s viticoles de Philippe Austruy en 2013. Aujourd&rsquo;hui, la Quinta da C\u00f4rte suit la philosophie des vignobles Austruy et fait partie de la commanderie de Peyrassol dans les C\u00f4tes de Provence, du Ch\u00e2teau Malescasse, un \u00ab\u00a0cru bourgeois\u00a0\u00bb dans la r\u00e9gion du Haut-M\u00e9doc en France, et de Tenuta Casenuove en Toscane, Italie.\n<\/p>    <\/div>\n<\/div>\n<!-- \/module plain text -->        <\/div>\n                    <div  data-lazy=\"1\" class=\"module_column tb-column col4-2 tb_4ig3552 last\">\n                            <\/div>\n                        <\/div>\n        <\/div>\n                        <div  data-parallax-bg=\"desktop\" data-css_id=\"10xk591\" data-lazy=\"1\" class=\"module_row themify_builder_row highlighted-section fullwidth_row_container tb_10xk591 tf_w\">\n                        <div class=\"row_inner col_align_top tb_col_count_1 tf_box tf_rel\">\n                        <div  data-lazy=\"1\" class=\"module_column tb-column col-full tb_534y591 first\">\n                    <!-- module plain text -->\n<div  class=\"module module-plain-text tb_jua5629  wow\" data-tf-animation=\"fadeIn\" data-tf-animation_delay=\"0.3\" data-lazy=\"1\">\n        <div class=\"tb_text_wrap\">\n    <h2>\n\tUn vignoble soumis \u00e0 toutes les attentions\n<\/h2>\n\n<p>\nDans des conditions extr\u00eames comme celles du Douro, le vignoble demande une surveillance constante. Il n\u00e9cessite encore plus d&rsquo;attention car travailler dans ce vignoble est extr\u00eamement difficile et la diversit\u00e9 des vari\u00e9t\u00e9s de raisins ne permet pas de solution universelle. C&rsquo;est un effort personnalis\u00e9, chaque jour.\n<\/p>    <\/div>\n<\/div>\n<!-- \/module plain text -->        <\/div>\n                        <\/div>\n        <\/div>\n                        <div  data-css_id=\"wxve297\" data-lazy=\"1\" class=\"module_row themify_builder_row section-default fullwidth tb_wxve297 tf_w wow\" data-tf-animation=\"fadeIn\" data-tf-animation_delay=\"0.3\">\n                        <div class=\"row_inner col_align_middle tb_col_count_2 tf_box tf_rel\">\n                        <div  data-lazy=\"1\" class=\"module_column tb-column col4-2 tb_4do7505 first\">\n                            <\/div>\n                    <div  data-lazy=\"1\" class=\"module_column tb-column col4-2 tb_tt3x120 last\">\n                    <!-- module plain text -->\n<div  class=\"module module-plain-text tb_ay5c120 \" data-lazy=\"1\">\n        <div class=\"tb_text_wrap\">\n    <h2>\n\tLaisser parler la terre\n<\/h2>\n\n<p>Nous laissons la terre parler. Le rythme est cr\u00e9\u00e9 par la terre. Pour perp\u00e9tuer l&rsquo;identit\u00e9 du Domaine, chaque r\u00e9colte implique contemplation, suivi quotidien et rigoureux dans le vignoble, toujours en \u00e9troite proximit\u00e9 avec la nature et ce qu&rsquo;elle apporte chaque ann\u00e9e. Rien n&rsquo;est fait dans la pr\u00e9cipitation ; nous faisons une pause, respirons et ressentons chaque moment pour que l&rsquo;essence de cette terre se refl\u00e8te dans chaque r\u00e9colte et chaque bouteille.<\/p>\n\n<p>Adoptant une m\u00e9thode de culture durable, la Quinta da C\u00f4rte privil\u00e9gie la cr\u00e9ation progressive d&rsquo;un \u00e9quilibre naturel entre le vignoble et son environnement. Chacune des 22 parcelles est cultiv\u00e9e diff\u00e9remment, et chaque vigne de chaque parcelle re\u00e7oit une attention diff\u00e9renci\u00e9e. Suivant la philosophie des vignobles Austruy, les interventions visent \u00e0 accompagner la vigne, lui permettant de donner le meilleur d&rsquo;elle-m\u00eame dans un contexte unique chaque ann\u00e9e : la r\u00e9colte. Il en va de m\u00eame pour la cave &#8211; les vinifications ne forcent jamais le mat\u00e9riau, permettant l&rsquo;expression la plus compl\u00e8te possible de la terre dont il est originaire.<\/p>    <\/div>\n<\/div>\n<!-- \/module plain text -->        <\/div>\n                        <\/div>\n        <\/div>\n        <\/div>\n<!--\/themify_builder_content-->","protected":false},"excerpt":{"rendered":"","protected":false},"author":1,"featured_media":1293,"parent":2303,"menu_order":0,"comment_status":"closed","ping_status":"closed","template":"","meta":{"_acf_changed":false,"footnotes":""},"class_list":["post-2307","page","type-page","status-publish","has-post-thumbnail","hentry","has-post-title","has-post-date","has-post-category","has-post-tag","has-post-comment","has-post-author",""],"acf":[],"builder_content":"<h1> Histoire et H\u00e9ritage <\/h1>\n<h2> Un domaine reconnu pour la qualit\u00e9 de son terroir <\/h2>\n<p> La Quinta da C\u00f4rte illustre la noblesse d'une histoire incontournable et d'un terroir de schiste exceptionnel. Son histoire remonte au XIXe si\u00e8cle, avec les premiers rapports de plantations de vignes datant de 1814. La parcelle 505 est l'une des plus anciennes parcelles post-phyllox\u00e9ra avec plus de 100 vari\u00e9t\u00e9s de raisins m\u00e9lang\u00e9es. Historiquement li\u00e9e \u00e0 la production de vin de Porto, elle a commenc\u00e9 \u00e0 produire des vins DOC Douro et des vins de Porto sous son propre nom lorsqu'elle est devenue partie int\u00e9grante des propri\u00e9t\u00e9s viticoles de Philippe Austruy en 2013. Aujourd'hui, la Quinta da C\u00f4rte suit la philosophie des vignobles Austruy et fait partie de la commanderie de Peyrassol dans les C\u00f4tes de Provence, du Ch\u00e2teau Malescasse, un \"cru bourgeois\" dans la r\u00e9gion du Haut-M\u00e9doc en France, et de Tenuta Casenuove en Toscane, Italie. <\/p>\n<h2> Un vignoble soumis \u00e0 toutes les attentions <\/h2>\n<p> Dans des conditions extr\u00eames comme celles du Douro, le vignoble demande une surveillance constante. Il n\u00e9cessite encore plus d'attention car travailler dans ce vignoble est extr\u00eamement difficile et la diversit\u00e9 des vari\u00e9t\u00e9s de raisins ne permet pas de solution universelle. C'est un effort personnalis\u00e9, chaque jour. <\/p>\n<h2> Laisser parler la terre <\/h2>\n<p>Nous laissons la terre parler. Le rythme est cr\u00e9\u00e9 par la terre. Pour perp\u00e9tuer l'identit\u00e9 du Domaine, chaque r\u00e9colte implique contemplation, suivi quotidien et rigoureux dans le vignoble, toujours en \u00e9troite proximit\u00e9 avec la nature et ce qu'elle apporte chaque ann\u00e9e. Rien n'est fait dans la pr\u00e9cipitation ; nous faisons une pause, respirons et ressentons chaque moment pour que l'essence de cette terre se refl\u00e8te dans chaque r\u00e9colte et chaque bouteille.<\/p>\n<p>Adoptant une m\u00e9thode de culture durable, la Quinta da C\u00f4rte privil\u00e9gie la cr\u00e9ation progressive d'un \u00e9quilibre naturel entre le vignoble et son environnement. Chacune des 22 parcelles est cultiv\u00e9e diff\u00e9remment, et chaque vigne de chaque parcelle re\u00e7oit une attention diff\u00e9renci\u00e9e. Suivant la philosophie des vignobles Austruy, les interventions visent \u00e0 accompagner la vigne, lui permettant de donner le meilleur d'elle-m\u00eame dans un contexte unique chaque ann\u00e9e : la r\u00e9colte. Il en va de m\u00eame pour la cave - les vinifications ne forcent jamais le mat\u00e9riau, permettant l'expression la plus compl\u00e8te possible de la terre dont il est originaire.<\/p>","post_mailing_queue_ids":[],"_links":{"self":[{"href":"https:\/\/quintadacorte.com\/fr\/wp-json\/wp\/v2\/pages\/2307","targetHints":{"allow":["GET"]}}],"collection":[{"href":"https:\/\/quintadacorte.com\/fr\/wp-json\/wp\/v2\/pages"}],"about":[{"href":"https:\/\/quintadacorte.com\/fr\/wp-json\/wp\/v2\/types\/page"}],"author":[{"embeddable":true,"href":"https:\/\/quintadacorte.com\/fr\/wp-json\/wp\/v2\/users\/1"}],"replies":[{"embeddable":true,"href":"https:\/\/quintadacorte.com\/fr\/wp-json\/wp\/v2\/comments?post=2307"}],"version-history":[{"count":5,"href":"https:\/\/quintadacorte.com\/fr\/wp-json\/wp\/v2\/pages\/2307\/revisions"}],"predecessor-version":[{"id":3281,"href":"https:\/\/quintadacorte.com\/fr\/wp-json\/wp\/v2\/pages\/2307\/revisions\/3281"}],"up":[{"embeddable":true,"href":"https:\/\/quintadacorte.com\/fr\/wp-json\/wp\/v2\/pages\/2303"}],"wp:featuredmedia":[{"embeddable":true,"href":"https:\/\/quintadacorte.com\/fr\/wp-json\/wp\/v2\/media\/1293"}],"wp:attachment":[{"href":"https:\/\/quintadacorte.com\/fr\/wp-json\/wp\/v2\/media?parent=2307"}],"curies":[{"name":"wp","href":"https:\/\/api.w.org\/{rel}","templated":true}]}}