{"id":2312,"date":"2024-01-16T14:52:49","date_gmt":"2024-01-16T14:52:49","guid":{"rendered":"https:\/\/quintadacorte.com\/quinta\/equipa\/"},"modified":"2024-11-29T17:07:51","modified_gmt":"2024-11-29T17:07:51","slug":"equipe","status":"publish","type":"page","link":"https:\/\/quintadacorte.com\/fr\/quinta\/equipe\/","title":{"rendered":"\u00c9quipe"},"content":{"rendered":"<!--themify_builder_content-->\n<div id=\"themify_builder_content-2312\" data-postid=\"2312\" class=\"themify_builder_content themify_builder_content-2312 themify_builder tf_clear\">\n                    <div  data-css_id=\"jd8q669\" data-lazy=\"1\" class=\"module_row themify_builder_row fullwidth_row_container tb_jd8q669 tb_first tf_w wow\" data-tf-animation=\"fadeIn\">\n            <span class=\"builder_row_cover tf_abs\"><\/span>            <div class=\"row_inner col_align_top tb_col_count_1 tf_box tf_rel\">\n                        <div  data-lazy=\"1\" class=\"module_column tb-column col-full tb_jljy669 first\">\n                    <!-- module plain text -->\n<div  class=\"module module-plain-text tb_6j74669 \" data-lazy=\"1\">\n        <div class=\"tb_text_wrap\">\n    <h1 class=\"page-title-default\">\n\t\u00c9quipe\n<\/h1>    <\/div>\n<\/div>\n<!-- \/module plain text -->        <\/div>\n                        <\/div>\n        <\/div>\n                        <div  data-parallax-bg=\"desktop\" data-css_id=\"la17662\" data-lazy=\"1\" class=\"module_row themify_builder_row highlighted-section fullwidth_row_container tb_la17662 tf_w wow\" data-tf-animation=\"fadeIn\" data-tf-animation_delay=\"0.3\">\n                        <div class=\"row_inner col_align_top tb_col_count_1 tf_box tf_rel\">\n                        <div  data-lazy=\"1\" class=\"module_column tb-column col-full tb_zhez662 first\">\n                    <!-- module plain text -->\n<div  class=\"module module-plain-text tb_13mh662  wow\" data-tf-animation=\"fadeIn\" data-tf-animation_delay=\"0.3\" data-lazy=\"1\">\n        <div class=\"tb_text_wrap\">\n    <h2>\n\tRigueur et Exp\u00e9rience\n<\/h2>\n\n<p>\nVisant \u00e0 \u00e9lever la Quinta da C\u00f4rte au plus haut niveau, l&rsquo;\u00e9quipe investit ses comp\u00e9tences dans chaque d\u00e9tail pour que non seulement le vignoble puisse donner le meilleur de lui-m\u00eame \u00e0 chaque r\u00e9colte, mais aussi pour que l&rsquo;exp\u00e9rience de chaque visiteur soit authentique et refl\u00e8te, dans une symbiose parfaite, l&rsquo;essence de ce lieu. Ici, il y a une immersion au c\u0153ur de la r\u00e9gion viticole du Douro, o\u00f9 chaque d\u00e9gustation, chaque s\u00e9jour et chaque conversation font partie de ce lieu unique, qui rev\u00eat une importance centrale tout en r\u00e9v\u00e9lant l&rsquo;\u00e2me de ce domaine viticole du Douro.\n<\/p>    <\/div>\n<\/div>\n<!-- \/module plain text -->        <\/div>\n                        <\/div>\n        <\/div>\n                        <div  data-css_id=\"vbaa711\" data-lazy=\"1\" class=\"module_row themify_builder_row section-default fullwidth tb_vbaa711 tf_w wow\" data-tf-animation=\"fadeIn\" data-tf-animation_delay=\"0.3\">\n                        <div class=\"row_inner col_align_middle gutter-none tb_col_count_2 tf_box tf_rel\">\n                        <div  data-lazy=\"1\" class=\"module_column tb-column col4-2 tb_jxo1711 first\">\n                    <!-- module plain text -->\n<div  class=\"module module-plain-text tb_89ky711  wow\" data-tf-animation=\"fadeIn\" data-tf-animation_delay=\"0.6\" data-lazy=\"1\">\n        <div class=\"tb_text_wrap\">\n    <h2>\n\tPhilippe Austruy\n<\/h2>\n\n<p>Passionn\u00e9 par le monde du vin et de l\u00b4art, \u00e0 la fois perfectionniste et m\u00e9thodique, Philippe Austruy a mis en place une politique d&rsquo;investissement sans concessions dans chaque Domaine qu&rsquo;il poss\u00e8de, visant \u00e0 leurs redonner leurs lettres de noblesse. Aujourd\u00b4hui les propri\u00e9t\u00e9s Vignobles Austruy sont une r\u00e9f\u00e9rence, avec des vins qui respectent profond\u00e9ment leurs origines et leur style. Homme du monde, il partage son temps entre plusieurs pays, nourrissant ainsi sa passion pour le vin, les vignobles et l\u00b4art, constituant une v\u00e9ritable \u00ab\u00a0collection\u00a0\u00bb de propri\u00e9t\u00e9s viticoles sous la signature des Vignobles Austruy.\n<\/p>    <\/div>\n<\/div>\n<!-- \/module plain text -->        <\/div>\n                    <div  data-lazy=\"1\" class=\"module_column tb-column col4-2 tb_aabs712 last\">\n                            <\/div>\n                        <\/div>\n        <\/div>\n                        <div  data-css_id=\"2vjl36\" data-lazy=\"1\" class=\"module_row themify_builder_row section-default fullwidth tb_2vjl36 tf_w wow\" data-tf-animation=\"fadeIn\" data-tf-animation_delay=\"0.3\">\n                        <div class=\"row_inner col_align_middle gutter-none tb_col_count_2 tf_box tf_rel\">\n                        <div  data-lazy=\"1\" class=\"module_column tb-column col4-2 tb_ss2336 first\">\n                            <\/div>\n                    <div  data-lazy=\"1\" class=\"module_column tb-column col4-2 tb_yktw36 last\">\n                    <!-- module plain text -->\n<div  class=\"module module-plain-text tb_u80b36  wow\" data-tf-animation=\"fadeIn\" data-tf-animation_delay=\"0.6\" data-lazy=\"1\">\n        <div class=\"tb_text_wrap\">\n    <h2>\n\tAlexandra Guedes\n<\/h2>\n\n<p>L&rsquo;\u0153nologue Alexandra Guedes assume en 2024 la direction technique des vins et de l&rsquo;huile d&rsquo;olive produits par Quinta da C\u00f4rte. Petite-fille et fille de vignerons du Douro, Alexandra Guedes a h\u00e9rit\u00e9 as passion pour la viticulture d\u00e8s son plus jeune \u00e2ge. Apr\u00e8s son dipl\u00f4me en \u0153nologie, elle a consolid\u00e9 sa formation en r\u00e9alisant des stages et des vendanges dans la r\u00e9gion du Douro, totalisant actuellement 15 vendanges \u00e0 son actif. Connue pour son perfectionnisme et son atention au d\u00e9tail, elle est d\u00e9sormais responsable de perp\u00e9tuer la philosophie des vins de Philipe Austruy et de garantir que chaque r\u00e9colte refl\u00e8te l&rsquo;authenticit\u00e9 et l&rsquo;excellence qui d\u00e9finissent les vins et l&rsquo;huile d&rsquo;olive de cette Quinta.<\/p>    <\/div>\n<\/div>\n<!-- \/module plain text -->        <\/div>\n                        <\/div>\n        <\/div>\n                        <div  data-css_id=\"ri3i463\" data-lazy=\"1\" class=\"module_row themify_builder_row section-default fullwidth tb_ri3i463 tf_w wow\" data-tf-animation=\"fadeIn\" data-tf-animation_delay=\"0.3\">\n                        <div class=\"row_inner col_align_middle gutter-none tb_col_count_2 tf_box tf_rel\">\n                        <div  data-lazy=\"1\" class=\"module_column tb-column col4-2 tb_u58h463 first\">\n                    <!-- module plain text -->\n<div  class=\"module module-plain-text tb_4e0z463  wow\" data-tf-animation=\"fadeIn\" data-tf-animation_delay=\"0.6\" data-lazy=\"1\">\n        <div class=\"tb_text_wrap\">\n    <h2>\n\tDerenoncourt Consultants\n<\/h2>\n\n<p>Contribuant \u00e0 la coh\u00e9rence des diff\u00e9rentes propri\u00e9t\u00e9s au sein du groupe, St\u00e9phane Derenoncourt et son \u00e9quipe assurent la supervision pour garantir que les vignobles et les m\u00e9thodes de travail s&rsquo;adaptent aux nouveaux objectifs qualitatifs. Reconnus mondialement, conseillant une centaine de Domaine avec un style tr\u00e8s respectueux envers les sols et les raisins, leur mission principale est de cr\u00e9er les vins tranquilles du Douro pour le Domaine Quinta da C\u00f4rte.<\/p>    <\/div>\n<\/div>\n<!-- \/module plain text -->        <\/div>\n                    <div  data-lazy=\"1\" class=\"module_column tb-column col4-2 tb_tzcf463 last\">\n                            <\/div>\n                        <\/div>\n        <\/div>\n                        <div  data-css_id=\"zb2c210\" data-lazy=\"1\" class=\"module_row themify_builder_row section-default fullwidth tb_zb2c210 tf_w wow\" data-tf-animation=\"fadeIn\" data-tf-animation_delay=\"0.3\">\n                        <div class=\"row_inner col_align_middle gutter-none tb_col_count_2 tf_box tf_rel\">\n                        <div  data-lazy=\"1\" class=\"module_column tb-column col4-2 tb_7l8q210 first\">\n                            <\/div>\n                    <div  data-lazy=\"1\" class=\"module_column tb-column col4-2 tb_vlq8210 last\">\n                    <!-- module plain text -->\n<div  class=\"module module-plain-text tb_neu4210  wow\" data-tf-animation=\"fadeIn\" data-tf-animation_delay=\"0.6\" data-lazy=\"1\">\n        <div class=\"tb_text_wrap\">\n    <h2>\n\tC\u00e1tia Moura\n<\/h2>\n\n<p>C\u00e1tia Moura, Directrice de l&rsquo;\u0152notourisme et du Marketing de la Quinta da C\u00f4rte, se consacre au monde du vin depuis plus de 20 ans. D&rsquo;\u00e2me bien portugaise, elle est passionn\u00e9e par l&rsquo;art de vivre et par la culture viticole qui distingue si bien le Portugal. Ambassadrice des Vins de Porto et du Douro, elle a la responsabilit\u00e9 d&rsquo;\u00e9lever la Quinta da C\u00f4rte en tant que destination \u0153notouristique par excellence, s&rsquo;engageant \u00e0 partager, dans chaque d\u00e9tail, l&rsquo;authenticit\u00e9 et la richesse de ce terroir unique, tout en refl\u00e9tant l&rsquo;esprit qui d\u00e9finit chacune des propri\u00e9t\u00e9s de Philippe Austruy. <\/p>    <\/div>\n<\/div>\n<!-- \/module plain text -->        <\/div>\n                        <\/div>\n        <\/div>\n        <\/div>\n<!--\/themify_builder_content-->","protected":false},"excerpt":{"rendered":"","protected":false},"author":1,"featured_media":1331,"parent":2303,"menu_order":0,"comment_status":"closed","ping_status":"closed","template":"","meta":{"_acf_changed":false,"footnotes":""},"class_list":["post-2312","page","type-page","status-publish","has-post-thumbnail","hentry","has-post-title","has-post-date","has-post-category","has-post-tag","has-post-comment","has-post-author",""],"acf":[],"builder_content":"<h1> \u00c9quipe <\/h1>\n<h2> Rigueur et Exp\u00e9rience <\/h2>\n<p> Visant \u00e0 \u00e9lever la Quinta da C\u00f4rte au plus haut niveau, l'\u00e9quipe investit ses comp\u00e9tences dans chaque d\u00e9tail pour que non seulement le vignoble puisse donner le meilleur de lui-m\u00eame \u00e0 chaque r\u00e9colte, mais aussi pour que l'exp\u00e9rience de chaque visiteur soit authentique et refl\u00e8te, dans une symbiose parfaite, l'essence de ce lieu. Ici, il y a une immersion au c\u0153ur de la r\u00e9gion viticole du Douro, o\u00f9 chaque d\u00e9gustation, chaque s\u00e9jour et chaque conversation font partie de ce lieu unique, qui rev\u00eat une importance centrale tout en r\u00e9v\u00e9lant l'\u00e2me de ce domaine viticole du Douro. <\/p>\n<h2> Philippe Austruy <\/h2>\n<p>Passionn\u00e9 par le monde du vin et de l\u00b4art, \u00e0 la fois perfectionniste et m\u00e9thodique, Philippe Austruy a mis en place une politique d'investissement sans concessions dans chaque Domaine qu'il poss\u00e8de, visant \u00e0 leurs redonner leurs lettres de noblesse. Aujourd\u00b4hui les propri\u00e9t\u00e9s Vignobles Austruy sont une r\u00e9f\u00e9rence, avec des vins qui respectent profond\u00e9ment leurs origines et leur style. Homme du monde, il partage son temps entre plusieurs pays, nourrissant ainsi sa passion pour le vin, les vignobles et l\u00b4art, constituant une v\u00e9ritable \"collection\" de propri\u00e9t\u00e9s viticoles sous la signature des Vignobles Austruy. <\/p>\n<h2> Alexandra Guedes <\/h2>\n<p>L'\u0153nologue Alexandra Guedes assume en 2024 la direction technique des vins et de l'huile d'olive produits par Quinta da C\u00f4rte. Petite-fille et fille de vignerons du Douro, Alexandra Guedes a h\u00e9rit\u00e9 as passion pour la viticulture d\u00e8s son plus jeune \u00e2ge. Apr\u00e8s son dipl\u00f4me en \u0153nologie, elle a consolid\u00e9 sa formation en r\u00e9alisant des stages et des vendanges dans la r\u00e9gion du Douro, totalisant actuellement 15 vendanges \u00e0 son actif. Connue pour son perfectionnisme et son atention au d\u00e9tail, elle est d\u00e9sormais responsable de perp\u00e9tuer la philosophie des vins de Philipe Austruy et de garantir que chaque r\u00e9colte refl\u00e8te l'authenticit\u00e9 et l'excellence qui d\u00e9finissent les vins et l'huile d'olive de cette Quinta.<\/p>\n<h2> Derenoncourt Consultants <\/h2>\n<p>Contribuant \u00e0 la coh\u00e9rence des diff\u00e9rentes propri\u00e9t\u00e9s au sein du groupe, St\u00e9phane Derenoncourt et son \u00e9quipe assurent la supervision pour garantir que les vignobles et les m\u00e9thodes de travail s'adaptent aux nouveaux objectifs qualitatifs. Reconnus mondialement, conseillant une centaine de Domaine avec un style tr\u00e8s respectueux envers les sols et les raisins, leur mission principale est de cr\u00e9er les vins tranquilles du Douro pour le Domaine Quinta da C\u00f4rte.<\/p>\n<h2> C\u00e1tia Moura <\/h2>\n<p>C\u00e1tia Moura, Directrice de l'\u0152notourisme et du Marketing de la Quinta da C\u00f4rte, se consacre au monde du vin depuis plus de 20 ans. D'\u00e2me bien portugaise, elle est passionn\u00e9e par l'art de vivre et par la culture viticole qui distingue si bien le Portugal. Ambassadrice des Vins de Porto et du Douro, elle a la responsabilit\u00e9 d'\u00e9lever la Quinta da C\u00f4rte en tant que destination \u0153notouristique par excellence, s'engageant \u00e0 partager, dans chaque d\u00e9tail, l'authenticit\u00e9 et la richesse de ce terroir unique, tout en refl\u00e9tant l'esprit qui d\u00e9finit chacune des propri\u00e9t\u00e9s de Philippe Austruy. <\/p>","post_mailing_queue_ids":[],"_links":{"self":[{"href":"https:\/\/quintadacorte.com\/fr\/wp-json\/wp\/v2\/pages\/2312","targetHints":{"allow":["GET"]}}],"collection":[{"href":"https:\/\/quintadacorte.com\/fr\/wp-json\/wp\/v2\/pages"}],"about":[{"href":"https:\/\/quintadacorte.com\/fr\/wp-json\/wp\/v2\/types\/page"}],"author":[{"embeddable":true,"href":"https:\/\/quintadacorte.com\/fr\/wp-json\/wp\/v2\/users\/1"}],"replies":[{"embeddable":true,"href":"https:\/\/quintadacorte.com\/fr\/wp-json\/wp\/v2\/comments?post=2312"}],"version-history":[{"count":10,"href":"https:\/\/quintadacorte.com\/fr\/wp-json\/wp\/v2\/pages\/2312\/revisions"}],"predecessor-version":[{"id":3567,"href":"https:\/\/quintadacorte.com\/fr\/wp-json\/wp\/v2\/pages\/2312\/revisions\/3567"}],"up":[{"embeddable":true,"href":"https:\/\/quintadacorte.com\/fr\/wp-json\/wp\/v2\/pages\/2303"}],"wp:featuredmedia":[{"embeddable":true,"href":"https:\/\/quintadacorte.com\/fr\/wp-json\/wp\/v2\/media\/1331"}],"wp:attachment":[{"href":"https:\/\/quintadacorte.com\/fr\/wp-json\/wp\/v2\/media?parent=2312"}],"curies":[{"name":"wp","href":"https:\/\/api.w.org\/{rel}","templated":true}]}}