{"id":2317,"date":"2024-01-16T14:52:22","date_gmt":"2024-01-16T14:52:22","guid":{"rendered":"https:\/\/quintadacorte.com\/quinta\/terroir\/"},"modified":"2024-10-23T14:36:19","modified_gmt":"2024-10-23T14:36:19","slug":"terroir","status":"publish","type":"page","link":"https:\/\/quintadacorte.com\/fr\/quinta\/terroir\/","title":{"rendered":"Terroir"},"content":{"rendered":"<!--themify_builder_content-->\n<div id=\"themify_builder_content-2317\" data-postid=\"2317\" class=\"themify_builder_content themify_builder_content-2317 themify_builder tf_clear\">\n                    <div  data-css_id=\"7scb967\" data-lazy=\"1\" class=\"module_row themify_builder_row fullwidth_row_container tb_7scb967 tb_first tf_w wow\" data-tf-animation=\"fadeIn\">\n            <span class=\"builder_row_cover tf_abs\"><\/span>            <div class=\"row_inner col_align_top tb_col_count_1 tf_box tf_rel\">\n                        <div  data-lazy=\"1\" class=\"module_column tb-column col-full tb_mnmt967 first\">\n                    <!-- module plain text -->\n<div  class=\"module module-plain-text tb_dhif967 \" data-lazy=\"1\">\n        <div class=\"tb_text_wrap\">\n    <h1 class=\"page-title-default\">\n\tTerroir\n<\/h1>    <\/div>\n<\/div>\n<!-- \/module plain text -->        <\/div>\n                        <\/div>\n        <\/div>\n                        <div  data-css_id=\"3kki280\" data-lazy=\"1\" class=\"module_row themify_builder_row section-default fullwidth tb_3kki280 tf_w wow\" data-tf-animation=\"fadeIn\" data-tf-animation_delay=\"0.3\">\n                        <div class=\"row_inner col_align_middle gutter-none tb_col_count_2 tf_box tf_rel\">\n                        <div  data-lazy=\"1\" class=\"module_column tb-column col4-2 tb_l7nu280 first\">\n                    <!-- module plain text -->\n<div  class=\"module module-plain-text tb_9vtl281  wow\" data-tf-animation=\"fadeIn\" data-tf-animation_delay=\"0.6\" data-lazy=\"1\">\n        <div class=\"tb_text_wrap\">\n    <h2>\n\tUn patrimoine viticole d&rsquo;exception\n<\/h2>\n\n<p>\n\tAyant \u00e9t\u00e9 la premi\u00e8re r\u00e9gion d\u00e9limit\u00e9e en 1756, le Douro reste l&rsquo;un des terrains viticoles les plus exigeants au monde. La R\u00e9gion D\u00e9limit\u00e9e du Douro s&rsquo;\u00e9tend sur 80 km et est divis\u00e9e en trois sous-r\u00e9gions. \u00c0 l&rsquo;ouest, le Baixo Corgo, \u00e0 l&rsquo;est, le Douro Superior, et au centre, le Cima Corgo pr\u00e8s de Pinh\u00e3o, o\u00f9 se trouve la Quinta da C\u00f4rte.<\/p>\n\n<p>Chacune de ces sous-r\u00e9gions pr\u00e9sente des conditions endoclimatiques diverses, notamment la sous-r\u00e9gion du Cima Corgo, au c\u0153ur de la R\u00e9gion D\u00e9limit\u00e9e du Douro, est une r\u00e9f\u00e9rence pour la production de vins de classe mondiale. Le terroir de cette r\u00e9gion embl\u00e9matique est fa\u00e7onn\u00e9 par un remarquable \u00e9quilibre entre le sol et le climat.\n<\/p>    <\/div>\n<\/div>\n<!-- \/module plain text -->        <\/div>\n                    <div  data-lazy=\"1\" class=\"module_column tb-column col4-2 tb_rwaf281 last\">\n                            <\/div>\n                        <\/div>\n        <\/div>\n                        <div  data-css_id=\"glwy666\" data-lazy=\"1\" class=\"module_row themify_builder_row section-default fullwidth tb_glwy666 tf_w wow\" data-tf-animation=\"fadeIn\" data-tf-animation_delay=\"0.3\">\n                        <div class=\"row_inner col_align_middle gutter-none tb_col_count_2 tf_box tf_rel\">\n                        <div  data-lazy=\"1\" class=\"module_column tb-column col4-2 tb_9uic666 first\">\n                            <\/div>\n                    <div  data-lazy=\"1\" class=\"module_column tb-column col4-2 tb_yad3667 last\">\n                    <!-- module plain text -->\n<div  class=\"module module-plain-text tb_2cxj667  wow\" data-tf-animation=\"fadeIn\" data-tf-animation_delay=\"0.6\" data-lazy=\"1\">\n        <div class=\"tb_text_wrap\">\n    <h2>\n\tSol de schiste\n<\/h2>\n\n<p>Le sol de schiste pr\u00e9dominant dans la r\u00e9gion offre un excellent drainage et une r\u00e9tention de chaleur, incitant les racines de la vigne \u00e0 s&rsquo;enfoncer profond\u00e9ment \u00e0 la recherche de nutriments \u00e0 travers les plus petites fissures pour atteindre les r\u00e9serves d&rsquo;eau et de nutriments. Ce sol distinctif ajoute profondeur et complexit\u00e9 aux vins, contribuant \u00e0 leurs notes distinctes de fruits et d&rsquo;\u00e9pices. Le climat dans le Cima Corgo pr\u00e9sente des \u00e9t\u00e9s chauds et secs, id\u00e9aux pour la maturation correcte des raisins, tandis que les hivers rigoureux assurent une p\u00e9riode de dormance n\u00e9cessaire pour les vignes.<\/p>    <\/div>\n<\/div>\n<!-- \/module plain text -->        <\/div>\n                        <\/div>\n        <\/div>\n                        <div  data-css_id=\"ytw3351\" data-lazy=\"1\" class=\"module_row themify_builder_row section-default fullwidth tb_ytw3351 tf_w wow\" data-tf-animation=\"fadeIn\" data-tf-animation_delay=\"0.3\">\n                        <div class=\"row_inner col_align_middle gutter-none tb_col_count_2 tf_box tf_rel\">\n                        <div  data-lazy=\"1\" class=\"module_column tb-column col4-2 tb_3m8y351 first\">\n                    <!-- module plain text -->\n<div  class=\"module module-plain-text tb_avmf351  wow\" data-tf-animation=\"fadeIn\" data-tf-animation_delay=\"0.6\" data-lazy=\"1\">\n        <div class=\"tb_text_wrap\">\n    <h2>\n\tUn vignoble unique\n<\/h2>\n\n<p>R\u00e9put\u00e9e pour la qualit\u00e9 in\u00e9gal\u00e9e de son sol, classifi\u00e9 par la lettre A, la Quinta da C\u00f4rte comprend 26 hectares de vignes expos\u00e9es au nord. La densit\u00e9 de plantation moyenne est de 3500 \u00e0 4000 pieds de vigne par hectare, et les vignes ont en moyenne 40 ans. Exclusivement plant\u00e9e de c\u00e9pages rouges, la moiti\u00e9 de la superficie est couverte de vignes centenaires, allant de 90 \u00e0 110 ans, donnant naissance aux parcelles les plus c\u00e9l\u00e8bres et les plus anciennes de l&rsquo;\u00e8re post-phyllox\u00e9rique, forg\u00e9es dans les murs de sout\u00e8nement des pentes en terrasses remarquables. Ce vignoble est situ\u00e9 de mani\u00e8re unique le long du fleuve \u201cTorto\u201d, un affluent du Douro, o\u00f9 les baies de raisin atteignent une concentration en sucre plus \u00e9lev\u00e9e, en faisant une zone consid\u00e9r\u00e9e comme parfaite pour la production de vins de Porto \u00ab\u00a0Single Quinta Vintage\u00a0\u00bb.<\/p>    <\/div>\n<\/div>\n<!-- \/module plain text -->        <\/div>\n                    <div  data-lazy=\"1\" class=\"module_column tb-column col4-2 tb_evum351 last\">\n                            <\/div>\n                        <\/div>\n        <\/div>\n                        <div  data-css_id=\"kirn918\" data-lazy=\"1\" class=\"module_row themify_builder_row section-default fullwidth tb_kirn918 tf_w wow\" data-tf-animation=\"fadeIn\" data-tf-animation_delay=\"0.3\">\n                        <div class=\"row_inner col_align_middle gutter-none tb_col_count_2 tf_box tf_rel\">\n                        <div  data-lazy=\"1\" class=\"module_column tb-column col4-2 tb_w5sj918 first\">\n                            <\/div>\n                    <div  data-lazy=\"1\" class=\"module_column tb-column col4-2 tb_1p93918 last\">\n                    <!-- module plain text -->\n<div  class=\"module module-plain-text tb_e0v6918  wow\" data-tf-animation=\"fadeIn\" data-tf-animation_delay=\"0.6\" data-lazy=\"1\">\n        <div class=\"tb_text_wrap\">\n    <p>Les parcelles et chaque vigne sont g\u00e9or\u00e9f\u00e9renc\u00e9es \u00e0 l&rsquo;aide d&rsquo;une application contenant des donn\u00e9es en temps r\u00e9el. Les sols sont cultiv\u00e9s de mani\u00e8re traditionnelle, en utilisant l&rsquo;aide de deux chevaux sans recourir \u00e0 des machines. La taille est effectu\u00e9e par l&rsquo;\u00e9quipe de la Quinta, et le syst\u00e8me de conduction des vignes est mis en \u0153uvre une taille en Royat ou Guyot, qui sont progressivement redirig\u00e9es vers les m\u00e9thodes de \u201cVara\u201d et de \u201cTal\u00e3o\u201d.<\/p>    <\/div>\n<\/div>\n<!-- \/module plain text -->        <\/div>\n                        <\/div>\n        <\/div>\n                        <div  data-css_id=\"v8rg774\" data-lazy=\"1\" class=\"module_row themify_builder_row section-default fullwidth tb_v8rg774 tf_w wow\" data-tf-animation=\"fadeIn\" data-tf-animation_delay=\"0.6\">\n                        <div class=\"row_inner col_align_middle gutter-none tb_col_count_2 tf_box tf_rel\">\n                        <div  data-lazy=\"1\" class=\"module_column tb-column col4-2 tb_6azz774 first\">\n                    <!-- module plain text -->\n<div  class=\"module module-plain-text tb_fb5i774  wow\" data-tf-animation=\"fadeIn\" data-tf-animation_delay=\"0.6\" data-lazy=\"1\">\n        <div class=\"tb_text_wrap\">\n    <h2>\n\tLes Terrasses\n<\/h2>\n\n<p>Repr\u00e9sentant un aspect significatif de la m\u00e9thode de culture caract\u00e9ristique de la r\u00e9gion du Douro, la Quinta da C\u00f4rte englobe les trois principaux types de techniques de mise en terrasses. Sur les pentes dont l&rsquo;inclinaison d\u00e9passe 40 %, rendant l&rsquo;utilisation de machines compl\u00e8tement impraticable, la plupart des vignobles sont dispos\u00e9s en terrasses traditionnelles (appel\u00e9es en portugais Socalcos) soutenues par des murs en pierre. <\/p>\n\n<p>Ce syst\u00e8me, d\u00e9velopp\u00e9 avec une incroyable persistance depuis des si\u00e8cles, d\u00e9tient \u00e0 juste titre le statut de patrimoine mondial de l&rsquo;UNESCO depuis 2001.<\/p>    <\/div>\n<\/div>\n<!-- \/module plain text -->        <\/div>\n                    <div  data-lazy=\"1\" class=\"module_column tb-column col4-2 tb_p6yo774 last\">\n                            <\/div>\n                        <\/div>\n        <\/div>\n                        <div  data-tablet_landscape-padding=\"10%,10%\" data-parallax-bg=\"desktop\" data-css_id=\"grh6145\" data-lazy=\"1\" class=\"module_row themify_builder_row highlighted-section fullwidth_row_container tb_grh6145 tf_w\">\n                        <div class=\"row_inner col_align_top tb_col_count_1 tf_box tf_rel\">\n                        <div  data-lazy=\"1\" class=\"module_column tb-column col-full tb_wz87145 first\">\n                    <!-- module plain text -->\n<div  class=\"module module-plain-text tb_qe1e145  wow\" data-tf-animation=\"fadeIn\" data-tf-animation_delay=\"0.3\" data-lazy=\"1\">\n        <div class=\"tb_text_wrap\">\n    <h2>\n\tUn facteur unique de complexit\u00e9 et d&rsquo;harmonie dans le monde\n<\/h2>\n\n<p>\nLe Douro est un impressionnant r\u00e9servoir de c\u00e9pages indig\u00e8nes qui conf\u00e8rent \u00e0 ses vins une personnalit\u00e9 unique et distinctive. Chaque c\u00e9page contribue, \u00e0 sa mani\u00e8re, \u00e0 la complexit\u00e9 et \u00e0 l&rsquo;\u00e9l\u00e9gance d&rsquo;une union parfaite.\n\nIl existe environ une centaine de c\u00e9pages diff\u00e9rents dans le Douro, y compris des rouges et des blancs. Le Domaine est un fid\u00e8le gardien de ce patrimoine g\u00e9n\u00e9tique. Les c\u00e9pages les plus embl\u00e9matiques de ce terroir incluent :\n<\/p>    <\/div>\n<\/div>\n<!-- \/module plain text -->        <div  data-lazy=\"1\" class=\"module_subrow themify_builder_sub_row tf_w castas-section col_align_top tb_col_count_4 tb_xd10500\">\n                <div  data-lazy=\"1\" class=\"module_column sub_column col4-1 tb_1imn500 first\">\n                    <!-- module image -->\n<div  class=\"module module-image tb_1end323 image-center   tf_mw wow\" data-tf-animation=\"fadeIn\" data-tf-animation_delay=\"0.3\" data-lazy=\"1\">\n        <div class=\"image-wrap tf_rel tf_mw\">\n            <img decoding=\"async\" src=\"https:\/\/quintadacorte.com\/wp-content\/uploads\/2024\/01\/castas-1.png\" width=\"80\" class=\"wp-post-image wp-image-1315\" title=\"castas-1\" alt=\"Touriga Nacional - Quinta da C\u00f4rte\">    \n        <\/div>\n    <!-- \/image-wrap -->\n    \n        <\/div>\n<!-- \/module image --><!-- module plain text -->\n<div  class=\"module module-plain-text tb_9y10349  wow\" data-tf-animation=\"fadeIn\" data-tf-animation_delay=\"0.3\" data-lazy=\"1\">\n        <div class=\"tb_text_wrap\">\n    <h3>\n\tTouriga Nacional\n<\/h3>\n\n<p>\n\tIntens\u00e9ment aromatique, il s&rsquo;adapte particuli\u00e8rement bien aux sols arides et rocheux. Son petit raisin \u00e0 la peau \u00e9paisse assure une charge tannique assez importante. Profond et g\u00e9n\u00e9reux.\n<\/p>    <\/div>\n<\/div>\n<!-- \/module plain text -->        <\/div>\n                    <div  data-lazy=\"1\" class=\"module_column sub_column col4-1 tb_hau6500\">\n                    <!-- module image -->\n<div  class=\"module module-image tb_c25l382 image-center   tf_mw wow\" data-tf-animation=\"fadeIn\" data-tf-animation_delay=\"0.6\" data-lazy=\"1\">\n        <div class=\"image-wrap tf_rel tf_mw\">\n            <img decoding=\"async\" src=\"https:\/\/quintadacorte.com\/wp-content\/uploads\/2024\/01\/castas-2.png\" width=\"80\" class=\"wp-post-image wp-image-1317\" title=\"castas-2\" alt=\"Touriga Franca - Quinta da C\u00f4rte\">    \n        <\/div>\n    <!-- \/image-wrap -->\n    \n        <\/div>\n<!-- \/module image --><!-- module plain text -->\n<div  class=\"module module-plain-text tb_pcqc223  wow\" data-tf-animation=\"fadeIn\" data-tf-animation_delay=\"0.6\" data-lazy=\"1\">\n        <div class=\"tb_text_wrap\">\n    <h3>\n\tTouriga Franca\n<\/h3>\n\n<p>\n\u00c9galement tr\u00e8s structurant dans les assemblages, il pr\u00e9sente une magnifique et subtile \u00e9l\u00e9gance.\n<\/p>    <\/div>\n<\/div>\n<!-- \/module plain text -->        <\/div>\n                    <div  data-lazy=\"1\" class=\"module_column sub_column col4-1 tb_4e14500\">\n                    <!-- module image -->\n<div  class=\"module module-image tb_oe1u46 image-center   tf_mw wow\" data-tf-animation=\"fadeIn\" data-tf-animation_delay=\"0.9\" data-lazy=\"1\">\n        <div class=\"image-wrap tf_rel tf_mw\">\n            <img decoding=\"async\" src=\"https:\/\/quintadacorte.com\/wp-content\/uploads\/2024\/01\/castas-3.png\" width=\"80\" class=\"wp-post-image wp-image-1319\" title=\"castas-3\" alt=\"Tinta Roriz - Quinta da C\u00f4rte\">    \n        <\/div>\n    <!-- \/image-wrap -->\n    \n        <\/div>\n<!-- \/module image --><!-- module plain text -->\n<div  class=\"module module-plain-text tb_yfbt62  wow\" data-tf-animation=\"fadeIn\" data-tf-animation_delay=\"0.9\" data-lazy=\"1\">\n        <div class=\"tb_text_wrap\">\n    <h3>\n\tTinta Roriz\n<\/h3>\n\n<p>\nMieux connu en Espagne sous le nom de \u00ab\u00a0Tempranillo\u00a0\u00bb, il apporte des notes fum\u00e9es et une subtilit\u00e9 audacieuse.\n<\/p>    <\/div>\n<\/div>\n<!-- \/module plain text -->        <\/div>\n                    <div  data-lazy=\"1\" class=\"module_column sub_column col4-1 tb_eyqd500 last\">\n                    <!-- module image -->\n<div  class=\"module module-image tb_zccw791 image-center   tf_mw wow\" data-tf-animation=\"fadeIn\" data-tf-animation_delay=\"1.2\" data-lazy=\"1\">\n        <div class=\"image-wrap tf_rel tf_mw\">\n            <img decoding=\"async\" src=\"https:\/\/quintadacorte.com\/wp-content\/uploads\/2024\/01\/castas-4.png\" width=\"80\" class=\"wp-post-image wp-image-1321\" title=\"castas-4\" alt=\"Tinta Barroca - Quinta da C\u00f4rte\">    \n        <\/div>\n    <!-- \/image-wrap -->\n    \n        <\/div>\n<!-- \/module image --><!-- module plain text -->\n<div  class=\"module module-plain-text tb_z81h551  wow\" data-tf-animation=\"fadeIn\" data-tf-animation_delay=\"1.2\" data-lazy=\"1\">\n        <div class=\"tb_text_wrap\">\n    <h3>\n\tTinta Barroca\n<\/h3>\n\n<p>\nPlus \u00e0 l&rsquo;aise dans les sols profonds, au pied de la pente, il s\u00e9duit par sa texture velout\u00e9e et son charme.\n<\/p>    <\/div>\n<\/div>\n<!-- \/module plain text -->        <\/div>\n                    <\/div>\n                <\/div>\n                        <\/div>\n        <\/div>\n        <\/div>\n<!--\/themify_builder_content-->","protected":false},"excerpt":{"rendered":"","protected":false},"author":1,"featured_media":1291,"parent":2303,"menu_order":0,"comment_status":"closed","ping_status":"closed","template":"","meta":{"_acf_changed":false,"footnotes":""},"class_list":["post-2317","page","type-page","status-publish","has-post-thumbnail","hentry","has-post-title","has-post-date","has-post-category","has-post-tag","has-post-comment","has-post-author",""],"acf":[],"builder_content":"<h1> Terroir <\/h1>\n<h2> Un patrimoine viticole d'exception <\/h2>\n<p> Ayant \u00e9t\u00e9 la premi\u00e8re r\u00e9gion d\u00e9limit\u00e9e en 1756, le Douro reste l'un des terrains viticoles les plus exigeants au monde. La R\u00e9gion D\u00e9limit\u00e9e du Douro s'\u00e9tend sur 80 km et est divis\u00e9e en trois sous-r\u00e9gions. \u00c0 l'ouest, le Baixo Corgo, \u00e0 l'est, le Douro Superior, et au centre, le Cima Corgo pr\u00e8s de Pinh\u00e3o, o\u00f9 se trouve la Quinta da C\u00f4rte.<\/p>\n<p>Chacune de ces sous-r\u00e9gions pr\u00e9sente des conditions endoclimatiques diverses, notamment la sous-r\u00e9gion du Cima Corgo, au c\u0153ur de la R\u00e9gion D\u00e9limit\u00e9e du Douro, est une r\u00e9f\u00e9rence pour la production de vins de classe mondiale. Le terroir de cette r\u00e9gion embl\u00e9matique est fa\u00e7onn\u00e9 par un remarquable \u00e9quilibre entre le sol et le climat. <\/p>\n<h2> Sol de schiste <\/h2>\n<p>Le sol de schiste pr\u00e9dominant dans la r\u00e9gion offre un excellent drainage et une r\u00e9tention de chaleur, incitant les racines de la vigne \u00e0 s'enfoncer profond\u00e9ment \u00e0 la recherche de nutriments \u00e0 travers les plus petites fissures pour atteindre les r\u00e9serves d'eau et de nutriments. Ce sol distinctif ajoute profondeur et complexit\u00e9 aux vins, contribuant \u00e0 leurs notes distinctes de fruits et d'\u00e9pices. Le climat dans le Cima Corgo pr\u00e9sente des \u00e9t\u00e9s chauds et secs, id\u00e9aux pour la maturation correcte des raisins, tandis que les hivers rigoureux assurent une p\u00e9riode de dormance n\u00e9cessaire pour les vignes.<\/p>\n<h2> Un vignoble unique <\/h2>\n<p>R\u00e9put\u00e9e pour la qualit\u00e9 in\u00e9gal\u00e9e de son sol, classifi\u00e9 par la lettre A, la Quinta da C\u00f4rte comprend 26 hectares de vignes expos\u00e9es au nord. La densit\u00e9 de plantation moyenne est de 3500 \u00e0 4000 pieds de vigne par hectare, et les vignes ont en moyenne 40 ans. Exclusivement plant\u00e9e de c\u00e9pages rouges, la moiti\u00e9 de la superficie est couverte de vignes centenaires, allant de 90 \u00e0 110 ans, donnant naissance aux parcelles les plus c\u00e9l\u00e8bres et les plus anciennes de l'\u00e8re post-phyllox\u00e9rique, forg\u00e9es dans les murs de sout\u00e8nement des pentes en terrasses remarquables. Ce vignoble est situ\u00e9 de mani\u00e8re unique le long du fleuve \u201cTorto\u201d, un affluent du Douro, o\u00f9 les baies de raisin atteignent une concentration en sucre plus \u00e9lev\u00e9e, en faisant une zone consid\u00e9r\u00e9e comme parfaite pour la production de vins de Porto \"Single Quinta Vintage\".<\/p>\n<p>Les parcelles et chaque vigne sont g\u00e9or\u00e9f\u00e9renc\u00e9es \u00e0 l'aide d'une application contenant des donn\u00e9es en temps r\u00e9el. Les sols sont cultiv\u00e9s de mani\u00e8re traditionnelle, en utilisant l'aide de deux chevaux sans recourir \u00e0 des machines. La taille est effectu\u00e9e par l'\u00e9quipe de la Quinta, et le syst\u00e8me de conduction des vignes est mis en \u0153uvre une taille en Royat ou Guyot, qui sont progressivement redirig\u00e9es vers les m\u00e9thodes de \u201cVara\u201d et de \u201cTal\u00e3o\u201d.<\/p>\n<h2> Les Terrasses <\/h2>\n<p>Repr\u00e9sentant un aspect significatif de la m\u00e9thode de culture caract\u00e9ristique de la r\u00e9gion du Douro, la Quinta da C\u00f4rte englobe les trois principaux types de techniques de mise en terrasses. Sur les pentes dont l'inclinaison d\u00e9passe 40 %, rendant l'utilisation de machines compl\u00e8tement impraticable, la plupart des vignobles sont dispos\u00e9s en terrasses traditionnelles (appel\u00e9es en portugais Socalcos) soutenues par des murs en pierre. <\/p>\n<p>Ce syst\u00e8me, d\u00e9velopp\u00e9 avec une incroyable persistance depuis des si\u00e8cles, d\u00e9tient \u00e0 juste titre le statut de patrimoine mondial de l'UNESCO depuis 2001.<\/p>\n<h2> Un facteur unique de complexit\u00e9 et d'harmonie dans le monde <\/h2>\n<p> Le Douro est un impressionnant r\u00e9servoir de c\u00e9pages indig\u00e8nes qui conf\u00e8rent \u00e0 ses vins une personnalit\u00e9 unique et distinctive. Chaque c\u00e9page contribue, \u00e0 sa mani\u00e8re, \u00e0 la complexit\u00e9 et \u00e0 l'\u00e9l\u00e9gance d'une union parfaite.\nIl existe environ une centaine de c\u00e9pages diff\u00e9rents dans le Douro, y compris des rouges et des blancs. Le Domaine est un fid\u00e8le gardien de ce patrimoine g\u00e9n\u00e9tique. Les c\u00e9pages les plus embl\u00e9matiques de ce terroir incluent : <\/p>\n<img src=\"https:\/\/quintadacorte.com\/wp-content\/uploads\/2024\/01\/castas-1.png\" width=\"80\" title=\"castas-1\" alt=\"Touriga Nacional - Quinta da C\u00f4rte\">\n<h3> Touriga Nacional <\/h3>\n<p> Intens\u00e9ment aromatique, il s'adapte particuli\u00e8rement bien aux sols arides et rocheux. Son petit raisin \u00e0 la peau \u00e9paisse assure une charge tannique assez importante. Profond et g\u00e9n\u00e9reux. <\/p>\n<img src=\"https:\/\/quintadacorte.com\/wp-content\/uploads\/2024\/01\/castas-2.png\" width=\"80\" title=\"castas-2\" alt=\"Touriga Franca - Quinta da C\u00f4rte\">\n<h3> Touriga Franca <\/h3>\n<p> \u00c9galement tr\u00e8s structurant dans les assemblages, il pr\u00e9sente une magnifique et subtile \u00e9l\u00e9gance. <\/p>\n<img src=\"https:\/\/quintadacorte.com\/wp-content\/uploads\/2024\/01\/castas-3.png\" width=\"80\" title=\"castas-3\" alt=\"Tinta Roriz - Quinta da C\u00f4rte\">\n<h3> Tinta Roriz <\/h3>\n<p> Mieux connu en Espagne sous le nom de \"Tempranillo\", il apporte des notes fum\u00e9es et une subtilit\u00e9 audacieuse. <\/p>\n<img src=\"https:\/\/quintadacorte.com\/wp-content\/uploads\/2024\/01\/castas-4.png\" width=\"80\" title=\"castas-4\" alt=\"Tinta Barroca - Quinta da C\u00f4rte\">\n<h3> Tinta Barroca <\/h3>\n<p> Plus \u00e0 l'aise dans les sols profonds, au pied de la pente, il s\u00e9duit par sa texture velout\u00e9e et son charme. <\/p>","post_mailing_queue_ids":[],"_links":{"self":[{"href":"https:\/\/quintadacorte.com\/fr\/wp-json\/wp\/v2\/pages\/2317","targetHints":{"allow":["GET"]}}],"collection":[{"href":"https:\/\/quintadacorte.com\/fr\/wp-json\/wp\/v2\/pages"}],"about":[{"href":"https:\/\/quintadacorte.com\/fr\/wp-json\/wp\/v2\/types\/page"}],"author":[{"embeddable":true,"href":"https:\/\/quintadacorte.com\/fr\/wp-json\/wp\/v2\/users\/1"}],"replies":[{"embeddable":true,"href":"https:\/\/quintadacorte.com\/fr\/wp-json\/wp\/v2\/comments?post=2317"}],"version-history":[{"count":5,"href":"https:\/\/quintadacorte.com\/fr\/wp-json\/wp\/v2\/pages\/2317\/revisions"}],"predecessor-version":[{"id":3283,"href":"https:\/\/quintadacorte.com\/fr\/wp-json\/wp\/v2\/pages\/2317\/revisions\/3283"}],"up":[{"embeddable":true,"href":"https:\/\/quintadacorte.com\/fr\/wp-json\/wp\/v2\/pages\/2303"}],"wp:featuredmedia":[{"embeddable":true,"href":"https:\/\/quintadacorte.com\/fr\/wp-json\/wp\/v2\/media\/1291"}],"wp:attachment":[{"href":"https:\/\/quintadacorte.com\/fr\/wp-json\/wp\/v2\/media?parent=2317"}],"curies":[{"name":"wp","href":"https:\/\/api.w.org\/{rel}","templated":true}]}}