{"id":2326,"date":"2024-01-15T13:08:26","date_gmt":"2024-01-15T13:08:26","guid":{"rendered":"https:\/\/quintadacorte.com\/vinhos\/"},"modified":"2026-03-04T12:45:35","modified_gmt":"2026-03-04T12:45:35","slug":"vins","status":"publish","type":"page","link":"https:\/\/quintadacorte.com\/fr\/vins\/","title":{"rendered":"Vins"},"content":{"rendered":"<!--themify_builder_content-->\n<div id=\"themify_builder_content-2326\" data-postid=\"2326\" class=\"themify_builder_content themify_builder_content-2326 themify_builder tf_clear\">\n                    <div  data-css_id=\"exsd325\" data-lazy=\"1\" class=\"module_row themify_builder_row fullwidth_row_container tb_exsd325 tb_first tf_w wow\" data-tf-animation=\"fadeIn\">\n            <span class=\"builder_row_cover tf_abs\"><\/span>            <div class=\"row_inner col_align_top tb_col_count_1 tf_box tf_rel\">\n                        <div  data-lazy=\"1\" class=\"module_column tb-column col-full tb_r78f325 first\">\n                    <!-- module plain text -->\n<div  class=\"module module-plain-text tb_tmaf325 \" data-lazy=\"1\">\n        <div class=\"tb_text_wrap\">\n    <h1 class=\"page-title-default\">\n\tVins\n<\/h1>    <\/div>\n<\/div>\n<!-- \/module plain text -->        <\/div>\n                        <\/div>\n        <\/div>\n                        <div  data-parallax-bg=\"desktop\" data-css_id=\"hfs1652\" data-lazy=\"1\" class=\"module_row themify_builder_row highlighted-section fullwidth_row_container tb_hfs1652 tf_w wow\" data-tf-animation=\"fadeIn\" data-tf-animation_delay=\"0.3\">\n                        <div class=\"row_inner col_align_top tb_col_count_1 tf_box tf_rel\">\n                        <div  data-lazy=\"1\" class=\"module_column tb-column col-full tb_a1nc653 first\">\n                    <!-- module plain text -->\n<div  class=\"module module-plain-text tb_znd5653  wow\" data-tf-animation=\"fadeIn\" data-tf-animation_delay=\"0.6\" data-lazy=\"1\">\n        <div class=\"tb_text_wrap\">\n    <h2>\n\tVins du Douro et de Porto\n<\/h2>\n\n<p>\nLe vignoble est cultiv\u00e9 de mani\u00e8re traditionnelle et selon les r\u00e8gles de l&rsquo;art, ce qui donne naissance \u00e0 des vins profonds et \u00e9l\u00e9gants. Les vins sont le r\u00e9sultat du rigorisme et de l&rsquo;excellence de chaque parcelle de ce Domaine. Chaque parcelle et chaque c\u00e9page sont vinifi\u00e9s s\u00e9par\u00e9ment, et le foulage traditionnel est maintenu dans la production des vins de Porto. Le ton est donn\u00e9 par la \u00ab\u00a0Terre\u00a0\u00bb, et selon la philosophie des vignobles Austruy, les interventions r\u00e9alis\u00e9es visent \u00e0 accompagner la vigne, lui permettant de donner le meilleur dans un contexte unique chaque ann\u00e9e : la r\u00e9colte. La Quinta da C\u00f4rte se concentre sur la production de vins DOC Douro de haute qualit\u00e9 et de cat\u00e9gories sp\u00e9ciales de vins de Porto.<\/p>    <\/div>\n<\/div>\n<!-- \/module plain text -->        <\/div>\n                        <\/div>\n        <\/div>\n                        <div  data-css_id=\"7ghl498\" data-lazy=\"1\" class=\"module_row themify_builder_row section-default fullwidth tb_7ghl498 tf_w wow\" data-tf-animation=\"fadeIn\" data-tf-animation_delay=\"0.3\">\n                        <div class=\"row_inner col_align_middle gutter-none tb_col_count_2 tf_box tf_rel\">\n                        <div  data-lazy=\"1\" class=\"module_column tb-column col4-2 tb_m5vp498 first\">\n                    <!-- module plain text -->\n<div  class=\"module module-plain-text tb_laf5498  wow\" data-tf-animation=\"fadeIn\" data-tf-animation_delay=\"0.6\" data-lazy=\"1\">\n        <div class=\"tb_text_wrap\">\n    <h2 class=\"titulos-lista-vinhos\">\n\tQuinta da C\u00f4rte<br>Grande Reserva Rouge\n<\/h2>\n\n<p>Le Quinta da C\u00f4rte Douro DOC Grande Reserva Tinto refl\u00e8te l&rsquo;excellence d&rsquo;un terroir unique et incarne le caract\u00e8re distinctif du domaine. Produit \u00e0 partir d&rsquo;une s\u00e9lection minutieuse des meilleurs raisins des anciennes parcelles de vignes, ce vin repr\u00e9sente l&rsquo;engagement de la Quinta envers la qualit\u00e9. Avec une couleur profonde et captivante, il r\u00e9v\u00e8le des ar\u00f4mes complexes de fruits noirs et de chocolat, d&rsquo;\u00e9pices et de notes bois\u00e9es doucement int\u00e9gr\u00e9es. En bouche, il pr\u00e9sente une structure \u00e9l\u00e9gante avec une finale longue et persistante, laissant une impression durable de sophistication et de raffinement.<\/p>\n\n<p>\n\t<a class=\"btn-default\" href=\"\/fr\/vins\/doc-douro\/grande-reserva-tinto\/\">D\u00e9couvrez nos vins<\/a>\n<\/p>    <\/div>\n<\/div>\n<!-- \/module plain text -->        <\/div>\n                    <div  data-lazy=\"1\" class=\"module_column tb-column col4-2 tb_13ly499 last\">\n                            <\/div>\n                        <\/div>\n        <\/div>\n                        <div  data-css_id=\"qnad609\" data-lazy=\"1\" class=\"module_row themify_builder_row section-default fullwidth tb_qnad609 tf_w wow\" data-tf-animation=\"fadeIn\" data-tf-animation_delay=\"0.3\">\n                        <div class=\"row_inner col_align_middle gutter-none tb_col_count_2 tf_box tf_rel\">\n                        <div  data-lazy=\"1\" class=\"module_column tb-column col4-2 tb_1pne11 first\">\n                            <\/div>\n                    <div  data-lazy=\"1\" class=\"module_column tb-column col4-2 tb_f2h2594 last\">\n                    <!-- module plain text -->\n<div  class=\"module module-plain-text tb_vvrx594  wow\" data-tf-animation=\"fadeIn\" data-tf-animation_delay=\"0.6\" data-lazy=\"1\">\n        <div class=\"tb_text_wrap\">\n    <h2 class=\"titulos-lista-vinhos\">\n\tPrincesa Reserva Rouge\n<\/h2>\n\n<p>Le vin Princesa est un hymne \u00e0 la terre de Quinta da C\u00f4rte et le premier vin du Douro apr\u00e8s l&rsquo;acquisition du domaine par le Austruy Vineyard Group. Avec une structure fine et \u00e9l\u00e9gante, ce vin met en valeur l&rsquo;exub\u00e9rance de son terroir, offrant un ar\u00f4me intens\u00e9ment frais de fruits rouges et d&rsquo;\u00e9pices en harmonie avec des notes florales, aboutissant \u00e0 une finition compl\u00e8te et in\u00e9gal\u00e9e.<\/p>\n\n<p>\n\t<a class=\"btn-default\" href=\"\/fr\/vins\/doc-douro\/princesa\/\">D\u00e9couvrez nos vins<\/a>\n<\/p>    <\/div>\n<\/div>\n<!-- \/module plain text -->        <\/div>\n                        <\/div>\n        <\/div>\n                        <div  data-css_id=\"wyln554\" data-lazy=\"1\" class=\"module_row themify_builder_row section-default fullwidth tb_wyln554 tf_w wow\" data-tf-animation=\"fadeIn\" data-tf-animation_delay=\"0.3\">\n                        <div class=\"row_inner col_align_middle gutter-none tb_col_count_2 tf_box tf_rel\">\n                        <div  data-lazy=\"1\" class=\"module_column tb-column col4-2 tb_va79442 first\">\n                    <!-- module plain text -->\n<div  class=\"module module-plain-text tb_qsu1442  wow\" data-tf-animation=\"fadeIn\" data-tf-animation_delay=\"0.6\" data-lazy=\"1\">\n        <div class=\"tb_text_wrap\">\n    <h2 class=\"titulos-lista-vinhos\">\n\tC\u00f4rte Princesa Blanc\n<\/h2>\n\n<p>Le changement de nom de C\u00f4rte Douro DOC Branco en C\u00f4rte Princesa Douro DOC vise \u00e0 renforcer l\u2019identit\u00e9 et la lisibilit\u00e9 de l\u2019unique vin blanc de la \u00ab famille \u00bb des vins de la Quinta da C\u00f4rte. \u00c9labor\u00e9 exclusivement \u00e0 partir de raisins blancs issus \u00e0 100 % des vignobles du domaine, il refl\u00e8te une parfaite coh\u00e9rence entre nom, origine et expression du terroir. Issu notamment de 5 hectares de Viosinho situ\u00e9s \u00e0 500 m d\u2019altitude, dans la sous-r\u00e9gion du Cima Corgo, au c\u0153ur du Douro, ce vin se distingue par sa fra\u00eecheur naturelle et la finesse de ses raisins. L\u2019association du nom Princesa \u00e0 C\u00f4rte affirme l\u2019ancrage du vin dans son domaine d\u2019origine et son lien avec l\u2019histoire de la Quinta, tout en lui conf\u00e9rant une personnalit\u00e9 plus forte et m\u00e9morable. Le vin reste inchang\u00e9 \u2014 seul son nom \u00e9volue \u2014 tout en conservant l\u2019appellation Douro DOC, gage d\u2019authenticit\u00e9.<\/p>\n<p>\n\t<a class=\"btn-default\" href=\"\/fr\/vins\/doc-douro\/corte-princesa-blanc\/\">D\u00e9couvrez nos vins<\/a>\n<\/p>    <\/div>\n<\/div>\n<!-- \/module plain text -->        <\/div>\n                    <div  data-lazy=\"1\" class=\"module_column tb-column col4-2 tb_kliz579 last\">\n                            <\/div>\n                        <\/div>\n        <\/div>\n                        <div  data-css_id=\"kuf4687\" data-lazy=\"1\" class=\"module_row themify_builder_row section-default fullwidth tb_kuf4687 tf_w wow\" data-tf-animation=\"fadeIn\" data-tf-animation_delay=\"0.3\">\n                        <div class=\"row_inner col_align_middle gutter-none tb_col_count_2 tf_box tf_rel\">\n                        <div  data-lazy=\"1\" class=\"module_column tb-column col4-2 tb_sgsl687 first\">\n                            <\/div>\n                    <div  data-lazy=\"1\" class=\"module_column tb-column col4-2 tb_j01u687 last\">\n                    <!-- module plain text -->\n<div  class=\"module module-plain-text tb_cpeo687  wow\" data-tf-animation=\"fadeIn\" data-tf-animation_delay=\"0.6\" data-lazy=\"1\">\n        <div class=\"tb_text_wrap\">\n    <h2 class=\"titulos-lista-vinhos\">\t\n\tVins de Porto\n<\/h2>\n\n<p>Les vins de Porto de la Quinta da C\u00f4rte sont l&rsquo;expression ultime d&rsquo;un terroir exclusif de cette propri\u00e9t\u00e9. Issus de parcelles de vignes centenaires, ce sont des vins produits en quantit\u00e9 limit\u00e9e qui se distinguent par leur caract\u00e8re unique. Ils r\u00e9v\u00e8lent une structure profonde et riche, soutenue par une fra\u00eecheur intense. La pr\u00e9servation des traditions s\u00e9culaires donne naissance \u00e0 une combinaison ancestrale, offrant une \u00e9nergie unique et ferme dans chaque goutte, associ\u00e9e \u00e0 une finale prolong\u00e9e et m\u00e9morable.<\/p>\n\n<p>\n\t<a class=\"btn-default\" href=\"\/fr\/vins\/vins-de-porto\/\">D\u00e9couvrez nos vins<\/a>\n<\/p>    <\/div>\n<\/div>\n<!-- \/module plain text -->        <\/div>\n                        <\/div>\n        <\/div>\n                        <div  data-css_id=\"8lch520\" data-lazy=\"1\" class=\"module_row themify_builder_row section-default fullwidth tb_8lch520 tf_w wow\" data-tf-animation=\"fadeIn\" data-tf-animation_delay=\"0.3\">\n                        <div class=\"row_inner col_align_middle gutter-none tb_col_count_2 tf_box tf_rel\">\n                        <div  data-lazy=\"1\" class=\"module_column tb-column col4-2 tb_8sof520 first\">\n                    <!-- module plain text -->\n<div  class=\"module module-plain-text tb_zvfi520  wow\" data-tf-animation=\"fadeIn\" data-tf-animation_delay=\"0.6\" data-lazy=\"1\">\n        <div class=\"tb_text_wrap\">\n    <h2 class=\"titulos-lista-vinhos\">\t\n\tLa Collection\n<\/h2>\n\n<p>Au c\u0153ur de la r\u00e9gion d\u00e9limit\u00e9e du Douro, l\u00e0 o\u00f9 des si\u00e8cles de tradition rencontrent l&rsquo;innovation actuelle, naissent les vins de la collection Quinta da C\u00f4rte. Ces vins \u00e9mergent comme l&rsquo;expression pure du terroir de la Quinta da C\u00f4rte, issus des meilleures parcelles du Domaine et produits uniquement en ann\u00e9es exceptionnelles.<\/p>\n\n<p>\n\t<a class=\"btn-default\" href=\"\/fr\/vins\/collection\/tnx\">D\u00e9couvrez nos vins<\/a>\n<\/p>    <\/div>\n<\/div>\n<!-- \/module plain text -->        <\/div>\n                    <div  data-lazy=\"1\" class=\"module_column tb-column col4-2 tb_w67m520 last\">\n                            <\/div>\n                        <\/div>\n        <\/div>\n        <\/div>\n<!--\/themify_builder_content-->","protected":false},"excerpt":{"rendered":"","protected":false},"author":1,"featured_media":1481,"parent":0,"menu_order":0,"comment_status":"closed","ping_status":"closed","template":"","meta":{"_acf_changed":false,"footnotes":""},"class_list":["post-2326","page","type-page","status-publish","has-post-thumbnail","hentry","has-post-title","has-post-date","has-post-category","has-post-tag","has-post-comment","has-post-author",""],"acf":[],"builder_content":"<h1> Vins <\/h1>\n<h2> Vins du Douro et de Porto <\/h2>\n<p> Le vignoble est cultiv\u00e9 de mani\u00e8re traditionnelle et selon les r\u00e8gles de l'art, ce qui donne naissance \u00e0 des vins profonds et \u00e9l\u00e9gants. Les vins sont le r\u00e9sultat du rigorisme et de l'excellence de chaque parcelle de ce Domaine. Chaque parcelle et chaque c\u00e9page sont vinifi\u00e9s s\u00e9par\u00e9ment, et le foulage traditionnel est maintenu dans la production des vins de Porto. Le ton est donn\u00e9 par la \"Terre\", et selon la philosophie des vignobles Austruy, les interventions r\u00e9alis\u00e9es visent \u00e0 accompagner la vigne, lui permettant de donner le meilleur dans un contexte unique chaque ann\u00e9e : la r\u00e9colte. La Quinta da C\u00f4rte se concentre sur la production de vins DOC Douro de haute qualit\u00e9 et de cat\u00e9gories sp\u00e9ciales de vins de Porto.<\/p>\n<h2> Quinta da C\u00f4rte<br>Grande Reserva Rouge <\/h2>\n<p>Le Quinta da C\u00f4rte Douro DOC Grande Reserva Tinto refl\u00e8te l'excellence d'un terroir unique et incarne le caract\u00e8re distinctif du domaine. Produit \u00e0 partir d'une s\u00e9lection minutieuse des meilleurs raisins des anciennes parcelles de vignes, ce vin repr\u00e9sente l'engagement de la Quinta envers la qualit\u00e9. Avec une couleur profonde et captivante, il r\u00e9v\u00e8le des ar\u00f4mes complexes de fruits noirs et de chocolat, d'\u00e9pices et de notes bois\u00e9es doucement int\u00e9gr\u00e9es. En bouche, il pr\u00e9sente une structure \u00e9l\u00e9gante avec une finale longue et persistante, laissant une impression durable de sophistication et de raffinement.<\/p>\n<p> <a href=\"\/fr\/vins\/doc-douro\/grande-reserva-tinto\/\">D\u00e9couvrez nos vins<\/a> <\/p>\n<h2> Princesa Reserva Rouge <\/h2>\n<p>Le vin Princesa est un hymne \u00e0 la terre de Quinta da C\u00f4rte et le premier vin du Douro apr\u00e8s l'acquisition du domaine par le Austruy Vineyard Group. Avec une structure fine et \u00e9l\u00e9gante, ce vin met en valeur l'exub\u00e9rance de son terroir, offrant un ar\u00f4me intens\u00e9ment frais de fruits rouges et d'\u00e9pices en harmonie avec des notes florales, aboutissant \u00e0 une finition compl\u00e8te et in\u00e9gal\u00e9e.<\/p>\n<p> <a href=\"\/fr\/vins\/doc-douro\/princesa\/\">D\u00e9couvrez nos vins<\/a> <\/p>\n<h2> C\u00f4rte Princesa Blanc <\/h2>\n<p>Le changement de nom de C\u00f4rte Douro DOC Branco en C\u00f4rte Princesa Douro DOC vise \u00e0 renforcer l\u2019identit\u00e9 et la lisibilit\u00e9 de l\u2019unique vin blanc de la \u00ab famille \u00bb des vins de la Quinta da C\u00f4rte. \u00c9labor\u00e9 exclusivement \u00e0 partir de raisins blancs issus \u00e0 100 % des vignobles du domaine, il refl\u00e8te une parfaite coh\u00e9rence entre nom, origine et expression du terroir. Issu notamment de 5 hectares de Viosinho situ\u00e9s \u00e0 500 m d\u2019altitude, dans la sous-r\u00e9gion du Cima Corgo, au c\u0153ur du Douro, ce vin se distingue par sa fra\u00eecheur naturelle et la finesse de ses raisins. L\u2019association du nom Princesa \u00e0 C\u00f4rte affirme l\u2019ancrage du vin dans son domaine d\u2019origine et son lien avec l\u2019histoire de la Quinta, tout en lui conf\u00e9rant une personnalit\u00e9 plus forte et m\u00e9morable. Le vin reste inchang\u00e9 \u2014 seul son nom \u00e9volue \u2014 tout en conservant l\u2019appellation Douro DOC, gage d\u2019authenticit\u00e9.<\/p> <p> <a href=\"\/fr\/vins\/doc-douro\/corte-princesa-blanc\/\">D\u00e9couvrez nos vins<\/a> <\/p>\n<h2> Vins de Porto <\/h2>\n<p>Les vins de Porto de la Quinta da C\u00f4rte sont l'expression ultime d'un terroir exclusif de cette propri\u00e9t\u00e9. Issus de parcelles de vignes centenaires, ce sont des vins produits en quantit\u00e9 limit\u00e9e qui se distinguent par leur caract\u00e8re unique. Ils r\u00e9v\u00e8lent une structure profonde et riche, soutenue par une fra\u00eecheur intense. La pr\u00e9servation des traditions s\u00e9culaires donne naissance \u00e0 une combinaison ancestrale, offrant une \u00e9nergie unique et ferme dans chaque goutte, associ\u00e9e \u00e0 une finale prolong\u00e9e et m\u00e9morable.<\/p>\n<p> <a href=\"\/fr\/vins\/vins-de-porto\/\">D\u00e9couvrez nos vins<\/a> <\/p>\n<h2> La Collection <\/h2>\n<p>Au c\u0153ur de la r\u00e9gion d\u00e9limit\u00e9e du Douro, l\u00e0 o\u00f9 des si\u00e8cles de tradition rencontrent l'innovation actuelle, naissent les vins de la collection Quinta da C\u00f4rte. Ces vins \u00e9mergent comme l'expression pure du terroir de la Quinta da C\u00f4rte, issus des meilleures parcelles du Domaine et produits uniquement en ann\u00e9es exceptionnelles.<\/p>\n<p> <a href=\"\/fr\/vins\/collection\/tnx\">D\u00e9couvrez nos vins<\/a> <\/p>","post_mailing_queue_ids":[],"_links":{"self":[{"href":"https:\/\/quintadacorte.com\/fr\/wp-json\/wp\/v2\/pages\/2326","targetHints":{"allow":["GET"]}}],"collection":[{"href":"https:\/\/quintadacorte.com\/fr\/wp-json\/wp\/v2\/pages"}],"about":[{"href":"https:\/\/quintadacorte.com\/fr\/wp-json\/wp\/v2\/types\/page"}],"author":[{"embeddable":true,"href":"https:\/\/quintadacorte.com\/fr\/wp-json\/wp\/v2\/users\/1"}],"replies":[{"embeddable":true,"href":"https:\/\/quintadacorte.com\/fr\/wp-json\/wp\/v2\/comments?post=2326"}],"version-history":[{"count":20,"href":"https:\/\/quintadacorte.com\/fr\/wp-json\/wp\/v2\/pages\/2326\/revisions"}],"predecessor-version":[{"id":3854,"href":"https:\/\/quintadacorte.com\/fr\/wp-json\/wp\/v2\/pages\/2326\/revisions\/3854"}],"wp:featuredmedia":[{"embeddable":true,"href":"https:\/\/quintadacorte.com\/fr\/wp-json\/wp\/v2\/media\/1481"}],"wp:attachment":[{"href":"https:\/\/quintadacorte.com\/fr\/wp-json\/wp\/v2\/media?parent=2326"}],"curies":[{"name":"wp","href":"https:\/\/api.w.org\/{rel}","templated":true}]}}