{"id":2333,"date":"2024-01-15T13:08:49","date_gmt":"2024-01-15T13:08:49","guid":{"rendered":"https:\/\/quintadacorte.com\/azeite\/"},"modified":"2024-02-27T18:08:30","modified_gmt":"2024-02-27T18:08:30","slug":"huile-dolive","status":"publish","type":"page","link":"https:\/\/quintadacorte.com\/fr\/huile-dolive\/","title":{"rendered":"Huile d&rsquo;olive"},"content":{"rendered":"<!--themify_builder_content-->\n<div id=\"themify_builder_content-2333\" data-postid=\"2333\" class=\"themify_builder_content themify_builder_content-2333 themify_builder tf_clear\">\n                    <div  data-css_id=\"ioim179\" data-lazy=\"1\" class=\"module_row themify_builder_row fullwidth_row_container tb_ioim179 tb_first tf_w wow\" data-tf-animation=\"fadeIn\">\n            <span class=\"builder_row_cover tf_abs\"><\/span>            <div class=\"row_inner col_align_top tb_col_count_1 tf_box tf_rel\">\n                        <div  data-lazy=\"1\" class=\"module_column tb-column col-full tb_76bz179 first\">\n                    <!-- module plain text -->\n<div  class=\"module module-plain-text tb_p0l5179 \" data-lazy=\"1\">\n        <div class=\"tb_text_wrap\">\n    <h1 class=\"page-title-default\">\n\tQuinta da C\u00f4rte<br>\n\tHuile D\u00b4Olive Extra Vierge\n<\/h1>    <\/div>\n<\/div>\n<!-- \/module plain text -->        <\/div>\n                        <\/div>\n        <\/div>\n                        <div  data-css_id=\"hj5o970\" data-lazy=\"1\" class=\"module_row themify_builder_row section-default fullwidth tb_hj5o970 tf_w wow\" data-tf-animation=\"fadeIn\" data-tf-animation_delay=\"0.6\">\n                        <div class=\"row_inner col_align_middle gutter-none tb_col_count_2 tf_box tf_rel\">\n                        <div  data-lazy=\"1\" class=\"module_column tb-column col3-2 tb_37m4970 first\">\n                    <!-- module plain text -->\n<div  class=\"module module-plain-text tb_iwrk970 \" data-lazy=\"1\">\n        <div class=\"tb_text_wrap\">\n    <h2>\n\tQuinta da C\u00f4rte<br>Huile D\u00b4Olive Extra Vierge\n<\/h2>\n\n<p>L&rsquo;huile d&rsquo;olive Extra Vierge de Quinta da C\u00f4rte est une huile d&rsquo;olive biologique. <\/p>\n\n<p>Les oliviers, situ\u00e9s le long des rives du Rio \u00ab Torto \u00bb, ont des si\u00e8cles d&rsquo;\u00e2ge, et la r\u00e9colte est faite manuellement. Produite avec un m\u00e9lange de vari\u00e9t\u00e9s traditionnelles du Douro &#8211; madural, verdeal, cobran\u00e7osa, l&rsquo;huile d&rsquo;olive a un go\u00fbt fruit\u00e9 et l\u00e9g\u00e8rement \u00e9pic\u00e9. \n<\/p>\n\n<p>Le processus d&rsquo;extraction se fait \u00e0 froid, pr\u00e9servant ses excellentes caract\u00e9ristiques organoleptiques.\n<\/p>\n\n<p>\n\t<a class=\"btn-default encomendar\" href=\"mailto:enoturismo.reservas@quintadacorte.com?subject= Encomenda Azeite Quinta da C\u00f4rte\">Commandez<\/a>\n<\/p>    <\/div>\n<\/div>\n<!-- \/module plain text -->        <div  data-lazy=\"1\" class=\"module_subrow themify_builder_sub_row tf_w col_align_top tb_col_count_3 tb_y29k318\">\n                <div  data-lazy=\"1\" class=\"module_column sub_column col3-1 tb_fgkw318 first\">\n                    <!-- module image -->\n<div  class=\"module module-image tb_q8ku811 image-top   auto_fullwidth tf_mw\" data-lazy=\"1\">\n        <div class=\"image-wrap tf_rel tf_mw\">\n            <img loading=\"lazy\" decoding=\"async\" width=\"394\" height=\"736\" src=\"https:\/\/quintadacorte.com\/wp-content\/uploads\/2024\/01\/azeite-imagem-1-min.jpg\" class=\"wp-post-image wp-image-1471\" title=\"azeite-imagem-1-min\" alt=\"Azeite Quinta da C\u00f4rte\" srcset=\"https:\/\/quintadacorte.com\/wp-content\/uploads\/2024\/01\/azeite-imagem-1-min.jpg 394w, https:\/\/quintadacorte.com\/wp-content\/uploads\/2024\/01\/azeite-imagem-1-min-161x300.jpg 161w\" sizes=\"auto, (max-width: 394px) 100vw, 394px\" \/>    \n        <\/div>\n    <!-- \/image-wrap -->\n    \n        <\/div>\n<!-- \/module image -->        <\/div>\n                    <div  data-lazy=\"1\" class=\"module_column sub_column col3-1 tb_xcq4318\">\n                    <!-- module image -->\n<div  class=\"module module-image tb_arsc157 image-top   auto_fullwidth tf_mw\" data-lazy=\"1\">\n        <div class=\"image-wrap tf_rel tf_mw\">\n            <img loading=\"lazy\" decoding=\"async\" width=\"394\" height=\"736\" src=\"https:\/\/quintadacorte.com\/wp-content\/uploads\/2024\/01\/azeite-imagem-2-min.jpg\" class=\"wp-post-image wp-image-1473\" title=\"azeite-imagem-2-min\" alt=\"Azeite Quinta da C\u00f4rte\" srcset=\"https:\/\/quintadacorte.com\/wp-content\/uploads\/2024\/01\/azeite-imagem-2-min.jpg 394w, https:\/\/quintadacorte.com\/wp-content\/uploads\/2024\/01\/azeite-imagem-2-min-161x300.jpg 161w\" sizes=\"auto, (max-width: 394px) 100vw, 394px\" \/>    \n        <\/div>\n    <!-- \/image-wrap -->\n    \n        <\/div>\n<!-- \/module image -->        <\/div>\n                    <div  data-lazy=\"1\" class=\"module_column sub_column col3-1 tb_sjhi318 last\">\n                    <!-- module image -->\n<div  class=\"module module-image tb_ribd684 image-top   auto_fullwidth tf_mw hide-tablet hide-mobile\" data-lazy=\"1\">\n        <div class=\"image-wrap tf_rel tf_mw\">\n            <img loading=\"lazy\" decoding=\"async\" width=\"394\" height=\"736\" src=\"https:\/\/quintadacorte.com\/wp-content\/uploads\/2024\/01\/azeite-imagem-3-min.jpg\" class=\"wp-post-image wp-image-1475\" title=\"azeite-imagem-3-min\" alt=\"Azeite Quinta da C\u00f4rte\" srcset=\"https:\/\/quintadacorte.com\/wp-content\/uploads\/2024\/01\/azeite-imagem-3-min.jpg 394w, https:\/\/quintadacorte.com\/wp-content\/uploads\/2024\/01\/azeite-imagem-3-min-161x300.jpg 161w\" sizes=\"auto, (max-width: 394px) 100vw, 394px\" \/>    \n        <\/div>\n    <!-- \/image-wrap -->\n    \n        <\/div>\n<!-- \/module image -->        <\/div>\n                    <\/div>\n                <\/div>\n                    <div  data-lazy=\"1\" class=\"module_column tb-column col3-1 tb_qldy971 last\">\n                    <!-- module image -->\n<div  class=\"module module-image tb_suu0298 image-center   tf_mw hide-tablet hide-mobile\" data-lazy=\"1\">\n        <div class=\"image-wrap tf_rel tf_mw\">\n            <img decoding=\"async\" src=\"https:\/\/quintadacorte.com\/wp-content\/uploads\/2024\/01\/azeite-quinta-da-corte-min.png\" width=\"250\" class=\"wp-post-image wp-image-1469\" title=\"azeite-quinta-da-corte-min\" alt=\"azeite-quinta-da-corte-min\" srcset=\"https:\/\/quintadacorte.com\/wp-content\/uploads\/2024\/01\/azeite-quinta-da-corte-min.png 329w, https:\/\/quintadacorte.com\/wp-content\/uploads\/2024\/01\/azeite-quinta-da-corte-min-220x1024.png 220w\" sizes=\"(max-width: 329px) 100vw, 329px\" \/>    \n        <\/div>\n    <!-- \/image-wrap -->\n    \n        <\/div>\n<!-- \/module image -->        <\/div>\n                        <\/div>\n        <\/div>\n        <\/div>\n<!--\/themify_builder_content-->","protected":false},"excerpt":{"rendered":"","protected":false},"author":1,"featured_media":1469,"parent":0,"menu_order":0,"comment_status":"closed","ping_status":"closed","template":"","meta":{"_acf_changed":false,"footnotes":""},"class_list":["post-2333","page","type-page","status-publish","has-post-thumbnail","hentry","has-post-title","has-post-date","has-post-category","has-post-tag","has-post-comment","has-post-author",""],"acf":[],"builder_content":"<h1> Quinta da C\u00f4rte<br> Huile D\u00b4Olive Extra Vierge <\/h1>\n<h2> Quinta da C\u00f4rte<br>Huile D\u00b4Olive Extra Vierge <\/h2>\n<p>L'huile d'olive Extra Vierge de Quinta da C\u00f4rte est une huile d'olive biologique. <\/p>\n<p>Les oliviers, situ\u00e9s le long des rives du Rio \u00ab Torto \u00bb, ont des si\u00e8cles d'\u00e2ge, et la r\u00e9colte est faite manuellement. Produite avec un m\u00e9lange de vari\u00e9t\u00e9s traditionnelles du Douro - madural, verdeal, cobran\u00e7osa, l'huile d'olive a un go\u00fbt fruit\u00e9 et l\u00e9g\u00e8rement \u00e9pic\u00e9. <\/p>\n<p>Le processus d'extraction se fait \u00e0 froid, pr\u00e9servant ses excellentes caract\u00e9ristiques organoleptiques. <\/p>\n<p> <a href=\"mailto:enoturismo.reservas@quintadacorte.com?subject= Encomenda Azeite Quinta da C\u00f4rte\">Commandez<\/a> <\/p>\n<img src=\"https:\/\/quintadacorte.com\/wp-content\/uploads\/2024\/01\/azeite-imagem-1-min.jpg\" title=\"azeite-imagem-1-min\" alt=\"Azeite Quinta da C\u00f4rte\" srcset=\"https:\/\/quintadacorte.com\/wp-content\/uploads\/2024\/01\/azeite-imagem-1-min.jpg 394w, https:\/\/quintadacorte.com\/wp-content\/uploads\/2024\/01\/azeite-imagem-1-min-161x300.jpg 161w\" sizes=\"(max-width: 394px) 100vw, 394px\" \/>\n<img src=\"https:\/\/quintadacorte.com\/wp-content\/uploads\/2024\/01\/azeite-imagem-2-min.jpg\" title=\"azeite-imagem-2-min\" alt=\"Azeite Quinta da C\u00f4rte\" srcset=\"https:\/\/quintadacorte.com\/wp-content\/uploads\/2024\/01\/azeite-imagem-2-min.jpg 394w, https:\/\/quintadacorte.com\/wp-content\/uploads\/2024\/01\/azeite-imagem-2-min-161x300.jpg 161w\" sizes=\"(max-width: 394px) 100vw, 394px\" \/>\n<img src=\"https:\/\/quintadacorte.com\/wp-content\/uploads\/2024\/01\/azeite-imagem-3-min.jpg\" title=\"azeite-imagem-3-min\" alt=\"Azeite Quinta da C\u00f4rte\" srcset=\"https:\/\/quintadacorte.com\/wp-content\/uploads\/2024\/01\/azeite-imagem-3-min.jpg 394w, https:\/\/quintadacorte.com\/wp-content\/uploads\/2024\/01\/azeite-imagem-3-min-161x300.jpg 161w\" sizes=\"(max-width: 394px) 100vw, 394px\" \/>\n<img src=\"https:\/\/quintadacorte.com\/wp-content\/uploads\/2024\/01\/azeite-quinta-da-corte-min.png\" width=\"250\" title=\"azeite-quinta-da-corte-min\" alt=\"azeite-quinta-da-corte-min\" srcset=\"https:\/\/quintadacorte.com\/wp-content\/uploads\/2024\/01\/azeite-quinta-da-corte-min.png 329w, https:\/\/quintadacorte.com\/wp-content\/uploads\/2024\/01\/azeite-quinta-da-corte-min-220x1024.png 220w\" sizes=\"(max-width: 329px) 100vw, 329px\" \/>","post_mailing_queue_ids":[],"_links":{"self":[{"href":"https:\/\/quintadacorte.com\/fr\/wp-json\/wp\/v2\/pages\/2333","targetHints":{"allow":["GET"]}}],"collection":[{"href":"https:\/\/quintadacorte.com\/fr\/wp-json\/wp\/v2\/pages"}],"about":[{"href":"https:\/\/quintadacorte.com\/fr\/wp-json\/wp\/v2\/types\/page"}],"author":[{"embeddable":true,"href":"https:\/\/quintadacorte.com\/fr\/wp-json\/wp\/v2\/users\/1"}],"replies":[{"embeddable":true,"href":"https:\/\/quintadacorte.com\/fr\/wp-json\/wp\/v2\/comments?post=2333"}],"version-history":[{"count":10,"href":"https:\/\/quintadacorte.com\/fr\/wp-json\/wp\/v2\/pages\/2333\/revisions"}],"predecessor-version":[{"id":2719,"href":"https:\/\/quintadacorte.com\/fr\/wp-json\/wp\/v2\/pages\/2333\/revisions\/2719"}],"wp:featuredmedia":[{"embeddable":true,"href":"https:\/\/quintadacorte.com\/fr\/wp-json\/wp\/v2\/media\/1469"}],"wp:attachment":[{"href":"https:\/\/quintadacorte.com\/fr\/wp-json\/wp\/v2\/media?parent=2333"}],"curies":[{"name":"wp","href":"https:\/\/api.w.org\/{rel}","templated":true}]}}