{"id":2343,"date":"2024-01-24T12:10:33","date_gmt":"2024-01-24T12:10:33","guid":{"rendered":"https:\/\/quintadacorte.com\/contactos\/"},"modified":"2025-11-07T15:49:07","modified_gmt":"2025-11-07T15:49:07","slug":"contacts","status":"publish","type":"page","link":"https:\/\/quintadacorte.com\/fr\/contacts\/","title":{"rendered":"Contacts"},"content":{"rendered":"<!--themify_builder_content-->\n<div id=\"themify_builder_content-2343\" data-postid=\"2343\" class=\"themify_builder_content themify_builder_content-2343 themify_builder tf_clear\">\n                    <div  data-css_id=\"ovzq650\" data-lazy=\"1\" class=\"module_row themify_builder_row fullwidth_row_container tb_ovzq650 tb_first tf_w wow\" data-tf-animation=\"fadeIn\">\n            <span class=\"builder_row_cover tf_abs\"><\/span>            <div class=\"row_inner col_align_top tb_col_count_1 tf_box tf_rel\">\n                        <div  data-lazy=\"1\" class=\"module_column tb-column col-full tb_7wnc650 first\">\n                    <!-- module plain text -->\n<div  class=\"module module-plain-text tb_ytrr650 \" data-lazy=\"1\">\n        <div class=\"tb_text_wrap\">\n    <h1 class=\"page-title-default\">\n\tContacts\n<\/h1>    <\/div>\n<\/div>\n<!-- \/module plain text -->        <\/div>\n                        <\/div>\n        <\/div>\n                        <div  data-desktop-padding=\"10%,10%\" data-css_id=\"xn7h805\" data-lazy=\"1\" class=\"module_row themify_builder_row fullwidth_row_container tb_xn7h805 tf_w\">\n                        <div class=\"row_inner col_align_top tb_col_count_2 tf_box tf_rel\">\n                        <div  data-lazy=\"1\" class=\"module_column tb-column col4-2 tb_4bq7805 first\">\n                    <!-- module image -->\n<div  class=\"module module-image tb_6vqn651 image-center   tf_mw\" data-lazy=\"1\">\n        <div class=\"image-wrap tf_rel tf_mw\">\n            <img loading=\"lazy\" decoding=\"async\" width=\"23\" height=\"21\" src=\"https:\/\/quintadacorte.com\/wp-content\/uploads\/2024\/01\/fale-connosco-icon-3.png\" class=\"wp-post-image wp-image-1531\" title=\"fale-connosco-icon-3\" alt=\"Fale connosco\">    \n        <\/div>\n    <!-- \/image-wrap -->\n    \n        <\/div>\n<!-- \/module image --><!-- module plain text -->\n<div  class=\"module module-plain-text tb_w5sg923 \" data-lazy=\"1\">\n        <div class=\"tb_text_wrap\">\n    <div class=\"cta-contacts\">\n\t\n<h3>\n\tParlez avec nous\n<\/h3>\n\n<p>\n\t<a href=\"tel:+351964536200\"> +351 964 536 200<\/a><br>\n\t<a href=\"mailto:enoturismo.reservas@quintadacorte.com\">enoturismo.reservas@quintadacorte.com<\/a>\n<\/p>\n\t\n<\/div>    <\/div>\n<\/div>\n<!-- \/module plain text -->        <\/div>\n                    <div  data-lazy=\"1\" class=\"module_column tb-column col4-2 tb_sl17805 last\">\n                    <!-- module image -->\n<div  class=\"module module-image tb_sfj5944 image-center   tf_mw\" data-lazy=\"1\">\n        <div class=\"image-wrap tf_rel tf_mw\">\n            <img loading=\"lazy\" decoding=\"async\" width=\"27\" height=\"25\" src=\"https:\/\/quintadacorte.com\/wp-content\/uploads\/2024\/01\/direcoes-icon.png\" class=\"wp-post-image wp-image-1527\" title=\"direcoes-icon\" alt=\"Dire\u00e7\u00f5es Google Maps\">    \n        <\/div>\n    <!-- \/image-wrap -->\n    \n        <\/div>\n<!-- \/module image --><!-- module plain text -->\n<div  class=\"module module-plain-text tb_bs8f238 \" data-lazy=\"1\">\n        <div class=\"tb_text_wrap\">\n    <div class=\"cta-contacts\">\n\t\n<h3>\n\tDirections\n<\/h3>\n\n<p>\n\tOuvrir en <a target=\"_blank\" href=\"https:\/\/maps.app.goo.gl\/MKTBmRouWGSQFFyc9\">Google Maps<\/a><br>\n<\/p>\n\t\n<\/div>    <\/div>\n<\/div>\n<!-- \/module plain text -->        <\/div>\n                        <\/div>\n        <\/div>\n                        <div  data-lazy=\"1\" class=\"module_row themify_builder_row tb_txqe339 tf_w\">\n                        <div class=\"row_inner col_align_top tb_col_count_1 tf_box tf_rel\">\n                        <div  data-lazy=\"1\" class=\"module_column tb-column col-full tb_468b339 first\">\n                    <!-- module plain text -->\n<div  class=\"module module-plain-text tb_g585854 contactos-content\" data-lazy=\"1\">\n        <div class=\"tb_text_wrap\">\n    <p>\nNotre \u00e9quipe vise \u00e0 vous offrir une excellente exp\u00e9rience viticole. Toutes les visites \u00e0 la Quinta da C\u00f4rte sont soumises \u00e0 une planification pr\u00e9alable et \u00e0 une confirmation par notre d\u00e9partement d\u2019\u0153notourisme.\n<\/p>\n\n<p>\nLa Quinta da C\u00f4rte est situ\u00e9e \u00e0 quelques kilom\u00e8tres de Pinh\u00e3o, dans la paroisse de Valen\u00e7a do Douro, au c\u0153ur du Cima-Corgo. Il existe plusieurs fa\u00e7ons d&rsquo;y acc\u00e9der : par la route, le train, l&rsquo;eau ou l&rsquo;air.\n<\/p>\n\n<h3>\n\t<img decoding=\"async\" src=\"\/wp-content\/uploads\/2024\/01\/carro-icon.png\" alt=\"dire\u00e7\u00f5es carro\"> Voiture\n<\/h3>\n\n<p>\n\tDe Porto: 1h45<br>\n\tDe Lisbonne: 3h45\n<\/p>\n\n\n<div class=\"divider\"><\/div>\n\n\n<h3>\n\t<img decoding=\"async\" src=\"\/wp-content\/uploads\/2024\/01\/comboio-icon.png\" alt=\"dire\u00e7\u00f5es comboio\"> Train\n<\/h3>\n\n<p>\n\tPinh\u00e3o est la gare la plus proche.<br>\n\tLa Quinta da C\u00f4rte est situ\u00e9e \u00e0 10 kilom\u00e8tres et 20 minutes en voiture de la gare.<br>\n\tR\u00e9servations via CP &#8211; Comboios de Portugal\n<\/p>\n\n<div class=\"divider\"><\/div>\n\n<h3>\n\t<img decoding=\"async\" src=\"\/wp-content\/uploads\/2024\/01\/aviao-icon.png\" alt=\"dire\u00e7\u00f5es avi\u00e3o\"> Air\n<\/h3>\n\n<p>\n\tVers l&rsquo;a\u00e9rodrome de Vila Real.<br>\n\tLa Quinta da C\u00f4rte est situ\u00e9e \u00e0 45 minutes de l&rsquo;a\u00e9rodrome de Vila Real.<br>\n\tR\u00e9servations via SEVENAIR\n<\/p>\n\n\n<div class=\"divider\"><\/div>\n\n\n<h3>\n\t<img decoding=\"async\" src=\"\/wp-content\/uploads\/2024\/01\/barco-icon.png\" alt=\"dire\u00e7\u00f5es barco\"> Eau\n<\/h3>\n\n<p>\n\tVous pouvez r\u00e9server votre croisi\u00e8re le long du Douro, avec plusieurs options disponibles.\n<\/p>\n\n<p>\n\tPour plus d&rsquo;informations ou pour r\u00e9server, veuillez contacter notre d\u00e9partement d\u00b4\u0153notourisme.<br>\n\tTel: <a href=\"tel:+351964536200\">+351 964 536 200<\/a> | Tel: <a href=\"tel:+351254249890\">+351 254 249 890<\/a><br>\n\t<a href=\"mailto:enoturismo.reservas@quintadacorte.com\">enoturismo.reservas@quintadacorte.com<\/a>\n<\/p>\n    <\/div>\n<\/div>\n<!-- \/module plain text -->        <\/div>\n                        <\/div>\n        <\/div>\n        <\/div>\n<!--\/themify_builder_content-->","protected":false},"excerpt":{"rendered":"","protected":false},"author":1,"featured_media":0,"parent":0,"menu_order":0,"comment_status":"closed","ping_status":"closed","template":"","meta":{"_acf_changed":false,"footnotes":""},"class_list":["post-2343","page","type-page","status-publish","hentry","has-post-title","has-post-date","has-post-category","has-post-tag","has-post-comment","has-post-author",""],"acf":[],"builder_content":"<h1> Contacts <\/h1>\n<img src=\"https:\/\/quintadacorte.com\/wp-content\/uploads\/2024\/01\/fale-connosco-icon-3.png\" title=\"fale-connosco-icon-3\" alt=\"Fale connosco\">\n<h3> Parlez avec nous <\/h3>\n<p> <a href=\"tel:+351964536200\"> +351 964 536 200<\/a><br> <a href=\"mailto:enoturismo.reservas@quintadacorte.com\">enoturismo.reservas@quintadacorte.com<\/a> <\/p>\n<img src=\"https:\/\/quintadacorte.com\/wp-content\/uploads\/2024\/01\/direcoes-icon.png\" title=\"direcoes-icon\" alt=\"Dire\u00e7\u00f5es Google Maps\">\n<h3> Directions <\/h3>\n<p> Ouvrir en <a target=\"_blank\" href=\"https:\/\/maps.app.goo.gl\/MKTBmRouWGSQFFyc9\">Google Maps<\/a><br> <\/p>\n<p> Notre \u00e9quipe vise \u00e0 vous offrir une excellente exp\u00e9rience viticole. Toutes les visites \u00e0 la Quinta da C\u00f4rte sont soumises \u00e0 une planification pr\u00e9alable et \u00e0 une confirmation par notre d\u00e9partement d\u2019\u0153notourisme. <\/p>\n<p> La Quinta da C\u00f4rte est situ\u00e9e \u00e0 quelques kilom\u00e8tres de Pinh\u00e3o, dans la paroisse de Valen\u00e7a do Douro, au c\u0153ur du Cima-Corgo. Il existe plusieurs fa\u00e7ons d'y acc\u00e9der : par la route, le train, l'eau ou l'air. <\/p>\n<h3> <img decoding=\"async\" src=\"\/wp-content\/uploads\/2024\/01\/carro-icon.png\" alt=\"dire\u00e7\u00f5es carro\"> Voiture <\/h3>\n<p> De Porto: 1h45<br> De Lisbonne: 3h45 <\/p>\n<h3> <img decoding=\"async\" src=\"\/wp-content\/uploads\/2024\/01\/comboio-icon.png\" alt=\"dire\u00e7\u00f5es comboio\"> Train <\/h3>\n<p> Pinh\u00e3o est la gare la plus proche.<br> La Quinta da C\u00f4rte est situ\u00e9e \u00e0 10 kilom\u00e8tres et 20 minutes en voiture de la gare.<br> R\u00e9servations via CP - Comboios de Portugal <\/p>\n<h3> <img decoding=\"async\" src=\"\/wp-content\/uploads\/2024\/01\/aviao-icon.png\" alt=\"dire\u00e7\u00f5es avi\u00e3o\"> Air <\/h3>\n<p> Vers l'a\u00e9rodrome de Vila Real.<br> La Quinta da C\u00f4rte est situ\u00e9e \u00e0 45 minutes de l'a\u00e9rodrome de Vila Real.<br> R\u00e9servations via SEVENAIR <\/p>\n<h3> <img decoding=\"async\" src=\"\/wp-content\/uploads\/2024\/01\/barco-icon.png\" alt=\"dire\u00e7\u00f5es barco\"> Eau <\/h3>\n<p> Vous pouvez r\u00e9server votre croisi\u00e8re le long du Douro, avec plusieurs options disponibles. <\/p>\n<p> Pour plus d'informations ou pour r\u00e9server, veuillez contacter notre d\u00e9partement d\u00b4\u0153notourisme.<br> Tel: <a href=\"tel:+351964536200\">+351 964 536 200<\/a> | Tel: <a href=\"tel:+351254249890\">+351 254 249 890<\/a><br> <a href=\"mailto:enoturismo.reservas@quintadacorte.com\">enoturismo.reservas@quintadacorte.com<\/a> <\/p>","post_mailing_queue_ids":[],"_links":{"self":[{"href":"https:\/\/quintadacorte.com\/fr\/wp-json\/wp\/v2\/pages\/2343","targetHints":{"allow":["GET"]}}],"collection":[{"href":"https:\/\/quintadacorte.com\/fr\/wp-json\/wp\/v2\/pages"}],"about":[{"href":"https:\/\/quintadacorte.com\/fr\/wp-json\/wp\/v2\/types\/page"}],"author":[{"embeddable":true,"href":"https:\/\/quintadacorte.com\/fr\/wp-json\/wp\/v2\/users\/1"}],"replies":[{"embeddable":true,"href":"https:\/\/quintadacorte.com\/fr\/wp-json\/wp\/v2\/comments?post=2343"}],"version-history":[{"count":4,"href":"https:\/\/quintadacorte.com\/fr\/wp-json\/wp\/v2\/pages\/2343\/revisions"}],"predecessor-version":[{"id":3665,"href":"https:\/\/quintadacorte.com\/fr\/wp-json\/wp\/v2\/pages\/2343\/revisions\/3665"}],"wp:attachment":[{"href":"https:\/\/quintadacorte.com\/fr\/wp-json\/wp\/v2\/media?parent=2343"}],"curies":[{"name":"wp","href":"https:\/\/api.w.org\/{rel}","templated":true}]}}