{"id":2348,"date":"2024-01-17T12:28:26","date_gmt":"2024-01-17T12:28:26","guid":{"rendered":"https:\/\/quintadacorte.com\/oenotourisme\/experiencias\/"},"modified":"2024-02-27T17:17:25","modified_gmt":"2024-02-27T17:17:25","slug":"experiences","status":"publish","type":"page","link":"https:\/\/quintadacorte.com\/fr\/oenotourisme\/experiences\/","title":{"rendered":"Exp\u00e9riences"},"content":{"rendered":"<!--themify_builder_content-->\n<div id=\"themify_builder_content-2348\" data-postid=\"2348\" class=\"themify_builder_content themify_builder_content-2348 themify_builder tf_clear\">\n                    <div  data-lazy=\"1\" class=\"module_row themify_builder_row section-default text-center tb_8gvu269 tb_first tf_w\">\n                        <div class=\"row_inner col_align_top tb_col_count_1 tf_box tf_rel\">\n                        <div  data-lazy=\"1\" class=\"module_column tb-column col-full tb_d683269 first\">\n                    <!-- module plain text -->\n<div  class=\"module module-plain-text tb_x3al269  wow\" data-tf-animation=\"fadeIn\" data-lazy=\"1\">\n        <div class=\"tb_text_wrap\">\n    <h1>\n\tExp\u00e9riences\n<\/h1>\n\n<p class=\"section-text-home\">\nQuinta da C\u00f4rte propose une exp\u00e9rience exclusive de tourisme viticole ax\u00e9e sur la personnalisation et l&rsquo;hospitalit\u00e9 individualis\u00e9e pour ses visiteurs. La Quinta ou l&rsquo;espace \u00ab\u00a0Boutique Rendez-vous\u00a0\u00bb au c\u0153ur du village de Valen\u00e7a do Douro propose diverses options de visite et de d\u00e9gustation, permettant aux clients d&rsquo;appr\u00e9cier non seulement les vins de Porto et du Douro produits sur le Domaine, mais aussi de savourer l&rsquo;huile d&rsquo;olive extra vierge biologique et les d\u00e9lices locaux. \n<\/p>    <\/div>\n<\/div>\n<!-- \/module plain text -->        <\/div>\n                        <\/div>\n        <\/div>\n                        <div  data-css_id=\"ydwq380\" data-lazy=\"1\" class=\"module_row themify_builder_row fullwidth tb_ydwq380 tf_w\">\n                        <div class=\"row_inner col_align_top tb_col_count_3 tf_box tf_rel\">\n                        <div  data-lazy=\"1\" class=\"module_column tb-column col3-1 tb_mcbe380 first\">\n                    <!-- module image -->\n<div  class=\"module module-image tb_h2u9380 image-left  quinta-portal auto_fullwidth tf_mw wow\" data-tf-animation=\"fadeIn\" data-lazy=\"1\">\n        <div class=\"image-wrap tf_rel tf_mw\">\n            <a href=\"\/fr\/category\/visites-et-degustations\/\">\n                   <img loading=\"lazy\" decoding=\"async\" width=\"636\" height=\"678\" src=\"https:\/\/quintadacorte.com\/wp-content\/uploads\/2024\/01\/visitas-e-provas-min.jpg\" class=\"wp-post-image wp-image-1429\" title=\"Visites et D\u00e9gustations\" alt=\"Visites et D\u00e9gustations\" srcset=\"https:\/\/quintadacorte.com\/wp-content\/uploads\/2024\/01\/visitas-e-provas-min.jpg 636w, https:\/\/quintadacorte.com\/wp-content\/uploads\/2024\/01\/visitas-e-provas-min-281x300.jpg 281w\" sizes=\"auto, (max-width: 636px) 100vw, 636px\" \/>        <\/a>\n    \n        <\/div>\n    <!-- \/image-wrap -->\n    \n        <div class=\"image-content\">\n                    <h2 class=\"image-title\">\n                                    <a href=\"\/fr\/category\/visites-et-degustations\/\">\n                        Visites et D\u00e9gustations                    <\/a>\n                            <\/h2>\n                    <\/div>\n    <!-- \/image-content -->\n        <\/div>\n<!-- \/module image -->        <\/div>\n                    <div  data-lazy=\"1\" class=\"module_column tb-column col3-1 tb_tx92380\">\n                    <!-- module image -->\n<div  class=\"module module-image tb_ijwr670 image-left  quinta-portal auto_fullwidth tf_mw wow\" data-tf-animation=\"fadeIn\" data-tf-animation_delay=\"0.3\" data-lazy=\"1\">\n        <div class=\"image-wrap tf_rel tf_mw\">\n            <a href=\"\/fr\/category\/tourism-activities\/\">\n                   <img loading=\"lazy\" decoding=\"async\" width=\"636\" height=\"678\" src=\"https:\/\/quintadacorte.com\/wp-content\/uploads\/2024\/01\/oferta-turistica-min.jpg\" class=\"wp-post-image wp-image-1433\" title=\"Tourism Activities\" alt=\"Experience Touristique\" srcset=\"https:\/\/quintadacorte.com\/wp-content\/uploads\/2024\/01\/oferta-turistica-min.jpg 636w, https:\/\/quintadacorte.com\/wp-content\/uploads\/2024\/01\/oferta-turistica-min-281x300.jpg 281w\" sizes=\"auto, (max-width: 636px) 100vw, 636px\" \/>        <\/a>\n    \n        <\/div>\n    <!-- \/image-wrap -->\n    \n        <div class=\"image-content\">\n                    <h2 class=\"image-title\">\n                                    <a href=\"\/fr\/category\/tourism-activities\/\">\n                        Tourism Activities                    <\/a>\n                            <\/h2>\n                    <\/div>\n    <!-- \/image-content -->\n        <\/div>\n<!-- \/module image -->        <\/div>\n                    <div  data-lazy=\"1\" class=\"module_column tb-column col3-1 tb_youu244 last\">\n                    <!-- module image -->\n<div  class=\"module module-image tb_x0u0380 image-left  quinta-portal auto_fullwidth tf_mw wow\" data-tf-animation=\"fadeIn\" data-tf-animation_delay=\"0.6\" data-lazy=\"1\">\n        <div class=\"image-wrap tf_rel tf_mw\">\n            <a href=\"\/fr\/category\/evenements\/\">\n                   <img loading=\"lazy\" decoding=\"async\" width=\"636\" height=\"678\" src=\"https:\/\/quintadacorte.com\/wp-content\/uploads\/2024\/01\/eventos-min.jpg\" class=\"wp-post-image wp-image-1431\" title=\"\u00c9v\u00e9nements\" alt=\"\u00c9v\u00e9nements\" srcset=\"https:\/\/quintadacorte.com\/wp-content\/uploads\/2024\/01\/eventos-min.jpg 636w, https:\/\/quintadacorte.com\/wp-content\/uploads\/2024\/01\/eventos-min-281x300.jpg 281w\" sizes=\"auto, (max-width: 636px) 100vw, 636px\" \/>        <\/a>\n    \n        <\/div>\n    <!-- \/image-wrap -->\n    \n        <div class=\"image-content\">\n                    <h2 class=\"image-title\">\n                                    <a href=\"\/fr\/category\/evenements\/\">\n                        \u00c9v\u00e9nements                    <\/a>\n                            <\/h2>\n                    <\/div>\n    <!-- \/image-content -->\n        <\/div>\n<!-- \/module image -->        <\/div>\n                        <\/div>\n        <\/div>\n        <\/div>\n<!--\/themify_builder_content-->","protected":false},"excerpt":{"rendered":"","protected":false},"author":1,"featured_media":1429,"parent":2338,"menu_order":0,"comment_status":"closed","ping_status":"closed","template":"","meta":{"_acf_changed":false,"footnotes":""},"class_list":["post-2348","page","type-page","status-publish","has-post-thumbnail","hentry","has-post-title","has-post-date","has-post-category","has-post-tag","has-post-comment","has-post-author",""],"acf":[],"builder_content":"<h1> Exp\u00e9riences <\/h1>\n<p> Quinta da C\u00f4rte propose une exp\u00e9rience exclusive de tourisme viticole ax\u00e9e sur la personnalisation et l'hospitalit\u00e9 individualis\u00e9e pour ses visiteurs. La Quinta ou l'espace \"Boutique Rendez-vous\" au c\u0153ur du village de Valen\u00e7a do Douro propose diverses options de visite et de d\u00e9gustation, permettant aux clients d'appr\u00e9cier non seulement les vins de Porto et du Douro produits sur le Domaine, mais aussi de savourer l'huile d'olive extra vierge biologique et les d\u00e9lices locaux. <\/p>\n<a href=\"\/fr\/category\/visites-et-degustations\/\"> <img src=\"https:\/\/quintadacorte.com\/wp-content\/uploads\/2024\/01\/visitas-e-provas-min.jpg\" title=\"Visites et D\u00e9gustations\" alt=\"Visites et D\u00e9gustations\" srcset=\"https:\/\/quintadacorte.com\/wp-content\/uploads\/2024\/01\/visitas-e-provas-min.jpg 636w, https:\/\/quintadacorte.com\/wp-content\/uploads\/2024\/01\/visitas-e-provas-min-281x300.jpg 281w\" sizes=\"(max-width: 636px) 100vw, 636px\" \/> <\/a> <h2> <a href=\"\/fr\/category\/visites-et-degustations\/\"> Visites et D\u00e9gustations <\/a> <\/h2>\n<a href=\"\/fr\/category\/tourism-activities\/\"> <img src=\"https:\/\/quintadacorte.com\/wp-content\/uploads\/2024\/01\/oferta-turistica-min.jpg\" title=\"Tourism Activities\" alt=\"Experience Touristique\" srcset=\"https:\/\/quintadacorte.com\/wp-content\/uploads\/2024\/01\/oferta-turistica-min.jpg 636w, https:\/\/quintadacorte.com\/wp-content\/uploads\/2024\/01\/oferta-turistica-min-281x300.jpg 281w\" sizes=\"(max-width: 636px) 100vw, 636px\" \/> <\/a> <h2> <a href=\"\/fr\/category\/tourism-activities\/\"> Tourism Activities <\/a> <\/h2>\n<a href=\"\/fr\/category\/evenements\/\"> <img src=\"https:\/\/quintadacorte.com\/wp-content\/uploads\/2024\/01\/eventos-min.jpg\" title=\"\u00c9v\u00e9nements\" alt=\"\u00c9v\u00e9nements\" srcset=\"https:\/\/quintadacorte.com\/wp-content\/uploads\/2024\/01\/eventos-min.jpg 636w, https:\/\/quintadacorte.com\/wp-content\/uploads\/2024\/01\/eventos-min-281x300.jpg 281w\" sizes=\"(max-width: 636px) 100vw, 636px\" \/> <\/a> <h2> <a href=\"\/fr\/category\/evenements\/\"> \u00c9v\u00e9nements <\/a> <\/h2>","post_mailing_queue_ids":[],"_links":{"self":[{"href":"https:\/\/quintadacorte.com\/fr\/wp-json\/wp\/v2\/pages\/2348","targetHints":{"allow":["GET"]}}],"collection":[{"href":"https:\/\/quintadacorte.com\/fr\/wp-json\/wp\/v2\/pages"}],"about":[{"href":"https:\/\/quintadacorte.com\/fr\/wp-json\/wp\/v2\/types\/page"}],"author":[{"embeddable":true,"href":"https:\/\/quintadacorte.com\/fr\/wp-json\/wp\/v2\/users\/1"}],"replies":[{"embeddable":true,"href":"https:\/\/quintadacorte.com\/fr\/wp-json\/wp\/v2\/comments?post=2348"}],"version-history":[{"count":4,"href":"https:\/\/quintadacorte.com\/fr\/wp-json\/wp\/v2\/pages\/2348\/revisions"}],"predecessor-version":[{"id":2685,"href":"https:\/\/quintadacorte.com\/fr\/wp-json\/wp\/v2\/pages\/2348\/revisions\/2685"}],"up":[{"embeddable":true,"href":"https:\/\/quintadacorte.com\/fr\/wp-json\/wp\/v2\/pages\/2338"}],"wp:featuredmedia":[{"embeddable":true,"href":"https:\/\/quintadacorte.com\/fr\/wp-json\/wp\/v2\/media\/1429"}],"wp:attachment":[{"href":"https:\/\/quintadacorte.com\/fr\/wp-json\/wp\/v2\/media?parent=2348"}],"curies":[{"name":"wp","href":"https:\/\/api.w.org\/{rel}","templated":true}]}}