{"id":2485,"date":"2024-01-31T15:30:09","date_gmt":"2024-01-31T15:30:09","guid":{"rendered":"https:\/\/quintadacorte.com\/vins\/collection\/tnx\/"},"modified":"2024-02-28T11:36:21","modified_gmt":"2024-02-28T11:36:21","slug":"tnx","status":"publish","type":"page","link":"https:\/\/quintadacorte.com\/fr\/vins\/collection\/tnx\/","title":{"rendered":"TNX DOC Douro 2021"},"content":{"rendered":"<!--themify_builder_content-->\n<div id=\"themify_builder_content-2485\" data-postid=\"2485\" class=\"themify_builder_content themify_builder_content-2485 themify_builder tf_clear\">\n                    <div  data-css_id=\"4i92588\" data-lazy=\"1\" class=\"module_row themify_builder_row fullwidth_row_container tb_4i92588 tb_first tf_w wow\" data-tf-animation=\"fadeIn\">\n            <span class=\"builder_row_cover tf_abs\"><\/span>            <div class=\"row_inner col_align_top tb_col_count_1 tf_box tf_rel\">\n                        <div  data-lazy=\"1\" class=\"module_column tb-column col-full tb_aeq0588 first\">\n                    <!-- module plain text -->\n<div  class=\"module module-plain-text tb_caaz588 \" data-lazy=\"1\">\n        <div class=\"tb_text_wrap\">\n    <h1 class=\"page-title-default\">\n\tTNX DOC Douro 2021\n<\/h1>    <\/div>\n<\/div>\n<!-- \/module plain text -->        <\/div>\n                        <\/div>\n        <\/div>\n                        <div  data-lazy=\"1\" class=\"module_row themify_builder_row vinho-detail-wrapper tb_izku396 tf_w\">\n                        <div class=\"row_inner col_align_top tb_col_count_2 tf_box tf_rel\">\n                        <div  data-lazy=\"1\" class=\"module_column tb-column col4-2 tb_7sj8396 first\">\n                    <!-- module image -->\n<div  class=\"module module-image tb_ajlg397 image-center  vinho-image tf_mw wow\" data-tf-animation=\"fadeIn\" data-tf-animation_delay=\"0.3\" data-lazy=\"1\" data-lax-optimize=\"true\">\n        <div class=\"image-wrap tf_rel tf_mw\">\n            <img loading=\"lazy\" decoding=\"async\" width=\"507\" height=\"953\" src=\"https:\/\/quintadacorte.com\/wp-content\/uploads\/2024\/02\/quinta-da-corte-tnx.png\" class=\"wp-post-image wp-image-2722\" title=\"quinta-da-corte-tnx\" alt=\"TNX DOC Douro 2021\" srcset=\"https:\/\/quintadacorte.com\/wp-content\/uploads\/2024\/02\/quinta-da-corte-tnx.png 507w, https:\/\/quintadacorte.com\/wp-content\/uploads\/2024\/02\/quinta-da-corte-tnx-160x300.png 160w\" sizes=\"auto, (max-width: 507px) 100vw, 507px\" \/>    \n        <\/div>\n    <!-- \/image-wrap -->\n    \n        <\/div>\n<!-- \/module image -->        <\/div>\n                    <div  data-lazy=\"1\" class=\"module_column tb-column col4-2 tb_lmkq397 last\">\n                    <!-- module tab -->\n<div  id=\"tb_8w1d397\" class=\"module ui module-tab tb_8w1d397 minimal  tb_default_color vinhos-tabs wow\" data-tf-animation=\"fadeIn\" data-tf-animation_delay=\"0.6\" data-lazy=\"1\">\n        <div class=\"tab-nav-current-active tf_hide\">\n        <span class=\"tab_burger_icon tf_rel\"><\/span>\n        <span class=\"tb_tab_title\">2021<\/span>\n    <\/div>\n    <ul class=\"tab-nav tf_clearfix tf_scrollbar\">\n                <li class=\"current\" aria-expanded=\"true\">\n            <a href=\"#tab-tb_8w1d397-0\">\n                                <span>2021<\/span>                                            <\/a>\n        <\/li>\n            <\/ul>\n            <div data-id=\"tab-tb_8w1d397-0\" class=\"tab-content tf_clear\" aria-hidden=\"false\">\n                            <div class=\"tb_text_wrap\">\n                    <div class=\"ficha-tecnica\"><a href=\"\/wp-content\/uploads\/2024\/02\/TNX-2021-FR.pdf\" target=\"_blank\" rel=\"noopener\">Fiche Technique<\/a><\/div>\n<div class=\"caracteristicas-vinho\">\n<div class=\"item\">\n<div class=\"icon-img\"><img decoding=\"async\" src=\"\/wp-content\/uploads\/2024\/01\/castas-icon.png\" alt=\"castas\" \/><\/div>\n<div class=\"carcateristica-description\">\n<h4>C\u00e9pages<\/h4>\n<p>Touriga Nacional<\/p>\n<\/div>\n<\/div>\n<div class=\"item\">\n<div class=\"icon-img\"><img decoding=\"async\" src=\"\/wp-content\/uploads\/2024\/01\/temperatura-icon.png\" alt=\"Temperatura de Servi\u00e7o\" \/><\/div>\n<div class=\"carcateristica-description\">\n<h4>Temp\u00e9rature de service<\/h4>\n<p>15\u00baC<\/p>\n<\/div>\n<\/div>\n<div class=\"item\">\n<div class=\"icon-img\"><img decoding=\"async\" src=\"\/wp-content\/uploads\/2024\/01\/tempo-conservacao-icon.png\" alt=\"Tempo de Conserva\u00e7\u00e3o\" \/><\/div>\n<div class=\"carcateristica-description\">\n<h4>Garde<\/h4>\n<p>10 ans<\/p>\n<\/div>\n<\/div>\n<div class=\"item\">\n<div class=\"icon-img\"><img decoding=\"async\" src=\"\/wp-content\/uploads\/2024\/01\/producao-icon.png\" alt=\"Produ\u00e7\u00e3o\" \/><\/div>\n<div class=\"carcateristica-description\">\n<h4>No. de bouteilles<\/h4>\n<p>658 bouteilles, 150 cl<\/p>\n<\/div>\n<\/div>\n<\/div>\n<h3>Notes de d\u00e9gustation<\/h3>\n<p>Le nez r\u00e9v\u00e8le une vari\u00e9t\u00e9 d\u2019ar\u00f4mes allant des s\u00e9duisants fruits noirs et du chocolat enveloppant jusqu\u2019aux notes \u00e9pic\u00e9es et aux touches florales sublimes. En bouche, il pr\u00e9sente un \u00e9quilibre remarquable entre structure et complexit\u00e9, avec une acidit\u00e9 habilement int\u00e9gr\u00e9e qui met en valeur sa richesse fruit\u00e9e et sa profondeur en bouche. Un vin qui se distingue par son \u00e9l\u00e9gance, repr\u00e9sentant la pure expression du c\u00e9page Touriga Nacional des sols de schiste du domaine.<\/p>\n<h3>Vinification<\/h3>\n<p>S\u00e9lection manuelle des grappes et des baies sur un convoyeur de s\u00e9lection. Les baies sont ensuite achemin\u00e9es par gravit\u00e9 vers des cuves de fermentation \u00e9quip\u00e9es d\u2019un contr\u00f4le de temp\u00e9rature. Mac\u00e9ration douce et prolong\u00e9e (\u00e0 26\u00b0C). Vieillissement en f\u00fbts de ch\u00eane fran\u00e7ais de 500 litres pendant 24 mois.<\/p>\n<h3>Donn\u00e9es analytiques<\/h3>\n<p>Teneur en alcool \u2013 14,5% vol.; pH \u2013 3,67; Acidit\u00e9 Total \u2013 4,9 g\/l (acid tartarique).<\/p>\n<p><a class=\"btn-default\" href=\"mailto:enoturismo.reservas@quintadacorte.com?subject=Encomenda Quinta da C\u00f4rte - TNX\">Commandez<\/a><\/p>\n                <\/div>\n                    <\/div>\n    <\/div>\n<!-- \/module tab -->\n        <\/div>\n                        <\/div>\n        <\/div>\n                        <div  data-css_id=\"z4x5699\" data-lazy=\"1\" class=\"module_row themify_builder_row fullwidth tb_z4x5699 tf_w wow\" data-tf-animation=\"fadeIn\" data-tf-animation_delay=\"0.3\">\n                        <div class=\"row_inner col_align_middle tb_col_count_2 tf_box tf_rel\">\n                        <div  data-lazy=\"1\" class=\"module_column tb-column col3-1 tb_281l700 first\">\n                            <\/div>\n                    <div  data-lazy=\"1\" class=\"module_column tb-column col3-2 tb_ithu700 last\">\n                            <\/div>\n                        <\/div>\n        <\/div>\n        <\/div>\n<!--\/themify_builder_content-->","protected":false},"excerpt":{"rendered":"","protected":false},"author":1,"featured_media":2722,"parent":2481,"menu_order":0,"comment_status":"closed","ping_status":"closed","template":"","meta":{"_acf_changed":false,"footnotes":""},"class_list":["post-2485","page","type-page","status-publish","has-post-thumbnail","hentry","has-post-title","has-post-date","has-post-category","has-post-tag","has-post-comment","has-post-author",""],"acf":[],"builder_content":"<h1> TNX DOC Douro 2021 <\/h1>\n<img src=\"https:\/\/quintadacorte.com\/wp-content\/uploads\/2024\/02\/quinta-da-corte-tnx.png\" title=\"quinta-da-corte-tnx\" alt=\"TNX\" srcset=\"https:\/\/quintadacorte.com\/wp-content\/uploads\/2024\/02\/quinta-da-corte-tnx.png 507w, https:\/\/quintadacorte.com\/wp-content\/uploads\/2024\/02\/quinta-da-corte-tnx-160x300.png 160w\" sizes=\"(max-width: 507px) 100vw, 507px\" \/>\n<ul><li><h4>2021<\/h4><a href=\"\/wp-content\/uploads\/2024\/02\/TNX-2021-FR.pdf\" target=\"_blank\" rel=\"noopener\">Fiche Technique<\/a>\n<img src=\"\/wp-content\/uploads\/2024\/01\/castas-icon.png\" alt=\"castas\" \/>\n<h4>C\u00e9pages<\/h4> <p>Touriga Nacional<\/p>\n<img src=\"\/wp-content\/uploads\/2024\/01\/temperatura-icon.png\" alt=\"Temperatura de Servi\u00e7o\" \/>\n<h4>Temp\u00e9rature de service<\/h4> <p>15\u00baC<\/p>\n<img src=\"\/wp-content\/uploads\/2024\/01\/tempo-conservacao-icon.png\" alt=\"Tempo de Conserva\u00e7\u00e3o\" \/>\n<h4>Garde<\/h4> <p>10 ans<\/p>\n<img src=\"\/wp-content\/uploads\/2024\/01\/producao-icon.png\" alt=\"Produ\u00e7\u00e3o\" \/>\n<h4>No. de bouteilles<\/h4> <p>658 bouteilles, 150 cl<\/p>\n<h3>Notes de d\u00e9gustation<\/h3> <p>Le nez r\u00e9v\u00e8le une vari\u00e9t\u00e9 d\u2019ar\u00f4mes allant des s\u00e9duisants fruits noirs et du chocolat enveloppant jusqu\u2019aux notes \u00e9pic\u00e9es et aux touches florales sublimes. En bouche, il pr\u00e9sente un \u00e9quilibre remarquable entre structure et complexit\u00e9, avec une acidit\u00e9 habilement int\u00e9gr\u00e9e qui met en valeur sa richesse fruit\u00e9e et sa profondeur en bouche. Un vin qui se distingue par son \u00e9l\u00e9gance, repr\u00e9sentant la pure expression du c\u00e9page Touriga Nacional des sols de schiste du domaine.<\/p> <h3>Vinification<\/h3> <p>S\u00e9lection manuelle des grappes et des baies sur un convoyeur de s\u00e9lection. Les baies sont ensuite achemin\u00e9es par gravit\u00e9 vers des cuves de fermentation \u00e9quip\u00e9es d\u2019un contr\u00f4le de temp\u00e9rature. Mac\u00e9ration douce et prolong\u00e9e (\u00e0 26\u00b0C). Vieillissement en f\u00fbts de ch\u00eane fran\u00e7ais de 500 litres pendant 24 mois.<\/p> <h3>Donn\u00e9es analytiques<\/h3> <p>Teneur en alcool \u2013 14,5% vol.; pH \u2013 3,67; Acidit\u00e9 Total \u2013 4,9 g\/l (acid tartarique).<\/p> <p><a href=\"mailto:enoturismo.reservas@quintadacorte.com?subject=Encomenda Quinta da C\u00f4rte - TNX\">Commandez<\/a><\/p> <\/li><\/ul>","post_mailing_queue_ids":[],"_links":{"self":[{"href":"https:\/\/quintadacorte.com\/fr\/wp-json\/wp\/v2\/pages\/2485","targetHints":{"allow":["GET"]}}],"collection":[{"href":"https:\/\/quintadacorte.com\/fr\/wp-json\/wp\/v2\/pages"}],"about":[{"href":"https:\/\/quintadacorte.com\/fr\/wp-json\/wp\/v2\/types\/page"}],"author":[{"embeddable":true,"href":"https:\/\/quintadacorte.com\/fr\/wp-json\/wp\/v2\/users\/1"}],"replies":[{"embeddable":true,"href":"https:\/\/quintadacorte.com\/fr\/wp-json\/wp\/v2\/comments?post=2485"}],"version-history":[{"count":6,"href":"https:\/\/quintadacorte.com\/fr\/wp-json\/wp\/v2\/pages\/2485\/revisions"}],"predecessor-version":[{"id":2738,"href":"https:\/\/quintadacorte.com\/fr\/wp-json\/wp\/v2\/pages\/2485\/revisions\/2738"}],"up":[{"embeddable":true,"href":"https:\/\/quintadacorte.com\/fr\/wp-json\/wp\/v2\/pages\/2481"}],"wp:featuredmedia":[{"embeddable":true,"href":"https:\/\/quintadacorte.com\/fr\/wp-json\/wp\/v2\/media\/2722"}],"wp:attachment":[{"href":"https:\/\/quintadacorte.com\/fr\/wp-json\/wp\/v2\/media?parent=2485"}],"curies":[{"name":"wp","href":"https:\/\/api.w.org\/{rel}","templated":true}]}}