{"id":2574,"date":"2024-01-29T11:57:17","date_gmt":"2024-01-29T11:57:17","guid":{"rendered":"https:\/\/quintadacorte.com\/vins\/quinta-da-corte\/porto-colheita\/"},"modified":"2024-11-26T16:25:13","modified_gmt":"2024-11-26T16:25:13","slug":"porto-colheita","status":"publish","type":"page","link":"https:\/\/quintadacorte.com\/fr\/vins\/vins-de-porto\/porto-colheita\/","title":{"rendered":"Porto Colheita"},"content":{"rendered":"<!--themify_builder_content-->\n<div id=\"themify_builder_content-2574\" data-postid=\"2574\" class=\"themify_builder_content themify_builder_content-2574 themify_builder tf_clear\">\n                    <div  data-css_id=\"efn8300\" data-lazy=\"1\" class=\"module_row themify_builder_row fullwidth_row_container tb_efn8300 tb_first tf_w wow\" data-tf-animation=\"fadeIn\">\n            <span class=\"builder_row_cover tf_abs\"><\/span>            <div class=\"row_inner col_align_top tb_col_count_1 tf_box tf_rel\">\n                        <div  data-lazy=\"1\" class=\"module_column tb-column col-full tb_tapt300 first\">\n                    <!-- module plain text -->\n<div  class=\"module module-plain-text tb_4w4l300 \" data-lazy=\"1\">\n        <div class=\"tb_text_wrap\">\n    <h1 class=\"page-title-default\">\n\tPorto Colheita\n<\/h1>    <\/div>\n<\/div>\n<!-- \/module plain text -->        <\/div>\n                        <\/div>\n        <\/div>\n                        <div  data-lazy=\"1\" class=\"module_row themify_builder_row vinho-detail-wrapper tb_94pk996 tf_w\">\n                        <div class=\"row_inner col_align_top tb_col_count_2 tf_box tf_rel\">\n                        <div  data-lazy=\"1\" class=\"module_column tb-column col4-2 tb_mpak996 first\">\n                    <!-- module image -->\n<div  class=\"module module-image tb_2o9x997 image-center  vinho-image tf_mw wow\" data-tf-animation=\"fadeIn\" data-tf-animation_delay=\"0.3\" data-lazy=\"1\">\n        <div class=\"image-wrap tf_rel tf_mw\">\n            <img loading=\"lazy\" decoding=\"async\" width=\"507\" height=\"953\" src=\"https:\/\/quintadacorte.com\/wp-content\/uploads\/2024\/01\/quinta-da-corte-colheita-min.png\" class=\"wp-post-image wp-image-1515\" title=\"quinta-da-corte-colheita-min\" alt=\"Porto Colheita\" srcset=\"https:\/\/quintadacorte.com\/wp-content\/uploads\/2024\/01\/quinta-da-corte-colheita-min.png 507w, https:\/\/quintadacorte.com\/wp-content\/uploads\/2024\/01\/quinta-da-corte-colheita-min-160x300.png 160w\" sizes=\"auto, (max-width: 507px) 100vw, 507px\" \/>    \n        <\/div>\n    <!-- \/image-wrap -->\n    \n        <\/div>\n<!-- \/module image -->        <\/div>\n                    <div  data-lazy=\"1\" class=\"module_column tb-column col4-2 tb_odkz997 last\">\n                    <!-- module tab -->\n<div  id=\"tb_v28o997\" class=\"module ui module-tab tb_v28o997 minimal  tb_default_color vinhos-tabs wow\" data-tf-animation=\"fadeIn\" data-tf-animation_delay=\"0.6\" data-lazy=\"1\">\n        <div class=\"tab-nav-current-active tf_hide\">\n        <span class=\"tab_burger_icon tf_rel\"><\/span>\n        <span class=\"tb_tab_title\">2015<\/span>\n    <\/div>\n    <ul class=\"tab-nav tf_clearfix tf_scrollbar\">\n                <li class=\"current\" aria-expanded=\"true\">\n            <a href=\"#tab-tb_v28o997-0\">\n                                <span>2015<\/span>                                            <\/a>\n        <\/li>\n                <li aria-expanded=\"false\">\n            <a href=\"#tab-tb_v28o997-1\">\n                                <span>2014<\/span>                                            <\/a>\n        <\/li>\n            <\/ul>\n            <div data-id=\"tab-tb_v28o997-0\" class=\"tab-content tf_clear\" aria-hidden=\"false\">\n                    <div  data-lazy=\"1\" class=\"module_subrow themify_builder_sub_row tf_w col_align_top tb_col_count_1 tb_mn7z331\">\n                <div  data-lazy=\"1\" class=\"module_column sub_column tb_yoav331 first\">\n                    <!-- module text -->\n<div  class=\"module module-text tb_kga8331   \" data-lazy=\"1\">\n        <div  class=\"tb_text_wrap\">\n        <div class=\"ficha-tecnica\"><a href=\"\/wp-content\/uploads\/2024\/11\/COLHEITA15_FR.pdf\" target=\"_blank\" rel=\"noopener\">Fiche Technique<\/a><\/div>\n<div class=\"caracteristicas-vinho\">\n<div class=\"item\">\n<div class=\"icon-img\"><img decoding=\"async\" src=\"\/wp-content\/uploads\/2024\/01\/castas-icon.png\" alt=\"castas\" \/><\/div>\n<div class=\"carcateristica-description\">\n<h4>Assemblage<\/h4>\n<p>Mix de c\u00e9pages portugaises de parcelles de vieille vignes<\/p>\n<\/div>\n<\/div>\n<div class=\"item\">\n<div class=\"icon-img\"><img decoding=\"async\" src=\"\/wp-content\/uploads\/2024\/01\/temperatura-icon.png\" alt=\"Temperatura de Servi\u00e7o\" \/><\/div>\n<div class=\"carcateristica-description\">\n<h4>Temp\u00e9rature de service<\/h4>\n<p>12\u00ba &#8211; 15\u00ba<\/p>\n<\/div>\n<\/div>\n<div class=\"item\">\n<div class=\"icon-img\"><img decoding=\"async\" src=\"\/wp-content\/uploads\/2024\/01\/tempo-conservacao-icon.png\" alt=\"Tempo de Conserva\u00e7\u00e3o\" \/><\/div>\n<div class=\"carcateristica-description\">\n<h4>Garde<\/h4>\n<p>10 &#8211; 20 ans<\/p>\n<\/div>\n<\/div>\n<div class=\"item\">\n<div class=\"icon-img\"><img decoding=\"async\" src=\"\/wp-content\/uploads\/2024\/01\/producao-icon.png\" alt=\"Produ\u00e7\u00e3o\" \/><\/div>\n<div class=\"carcateristica-description\">\n<h4>No. de bouteilles<\/h4>\n<p>2188<\/p>\n<\/div>\n<\/div>\n<\/div>\n<h3>Notes de d\u00e9gustation<\/h3>\n<p>Couleur ambr\u00e9e. Ar\u00f4me complexe rappelant les fruits secs, \u00e9voluant vers des notes grill\u00e9es. En bouche, surprenant par sa bonne acidit\u00e9 et sa structure, avec une finale longue et \u00e9l\u00e9gante.<\/p>\n<h3>Vinification<\/h3>\n<p>En cuves inox avec controle de temperature. Maceration prolong\u00e9. Maturation en barriques de 500 l ch\u00eane fran\u00e7ais jusqu\u2019\u00e0 la mis\u2019en bouteille.<\/p>\n<h3>Donn\u00e9es analytiques<\/h3>\n<p>Teneur en alcool \u2013 19,5% vol.; pH \u2013 3,68.; Acidit\u00e9 Total \u2013 5,1 g\/l (acide tartrique).<\/p>\n<p><a class=\"btn-default\" href=\"mailto:enoturismo.reservas@quintadacorte.com?subject=Encomenda Quinta da C\u00f4rte - Colheita 2014\">Commandez<\/a><\/p>    <\/div>\n<\/div>\n<!-- \/module text -->        <\/div>\n                    <\/div>\n                <\/div>\n            <div data-id=\"tab-tb_v28o997-1\" class=\"tab-content tf_clear\" aria-hidden=\"true\">\n                    <div  data-lazy=\"1\" class=\"module_subrow themify_builder_sub_row tf_w col_align_top tb_col_count_1 tb_9mjo571\">\n                <div  data-lazy=\"1\" class=\"module_column sub_column tb_e6hi571 first\">\n                    <!-- module text -->\n<div  class=\"module module-text tb_ocql571   \" data-lazy=\"1\">\n        <div  class=\"tb_text_wrap\">\n        <div class=\"ficha-tecnica\"><a href=\"\/wp-content\/uploads\/2024\/01\/COLHEITA14_PT_compressed.pdf\" target=\"_blank\" rel=\"noopener\">Fiche Technique<\/a><\/div>\n<div class=\"caracteristicas-vinho\">\n<div class=\"item\">\n<div class=\"icon-img\"><img decoding=\"async\" src=\"\/wp-content\/uploads\/2024\/01\/castas-icon.png\" alt=\"castas\" \/><\/div>\n<div class=\"carcateristica-description\">\n<h4>Assemblage<\/h4>\n<p>Mix de c\u00e9pages portugaises de parcelles de vieille vignes<\/p>\n<\/div>\n<\/div>\n<div class=\"item\">\n<div class=\"icon-img\"><img decoding=\"async\" src=\"\/wp-content\/uploads\/2024\/01\/temperatura-icon.png\" alt=\"Temperatura de Servi\u00e7o\" \/><\/div>\n<div class=\"carcateristica-description\">\n<h4>Temp\u00e9rature de service<\/h4>\n<p>12\u00ba &#8211; 15\u00ba<\/p>\n<\/div>\n<\/div>\n<div class=\"item\">\n<div class=\"icon-img\"><img decoding=\"async\" src=\"\/wp-content\/uploads\/2024\/01\/tempo-conservacao-icon.png\" alt=\"Tempo de Conserva\u00e7\u00e3o\" \/><\/div>\n<div class=\"carcateristica-description\">\n<h4>Garde<\/h4>\n<p>10 &#8211; 20 ans<\/p>\n<\/div>\n<\/div>\n<div class=\"item\">\n<div class=\"icon-img\"><img decoding=\"async\" src=\"\/wp-content\/uploads\/2024\/01\/producao-icon.png\" alt=\"Produ\u00e7\u00e3o\" \/><\/div>\n<div class=\"carcateristica-description\">\n<h4>No. de bouteilles<\/h4>\n<p>1501<\/p>\n<\/div>\n<\/div>\n<\/div>\n<h3>Notes de d\u00e9gustation<\/h3>\n<p>Cette cuv\u00e9e d\u00e9voile des ar\u00f4mes frais et \u00e9l\u00e9gants de fruits et de chocolat noir. D\u2019une grande finesse et bien structur\u00e9 \u00e0 la fois il \u00e9volue avec une belle longueur et de s\u00e9duisants tannins. Un vin cisel\u00e9 d\u2019une grande min\u00e9ralit\u00e9.<\/p>\n<h3>Vinification<\/h3>\n<p>En cuves inox avec controle de temperature. Maceration prolong\u00e9. Maturation en barriques de 500 l ch\u00eane fran\u00e7ais jusqu\u2019\u00e0 la mis\u2019en bouteille.<\/p>\n<h3>Donn\u00e9es analytiques<\/h3>\n<p>Teneur en alcool \u2013 19,5% vol.; pH \u2013 3,80.; Acidit\u00e9 Total \u2013 5,0 g\/l (acide tartrique).<\/p>\n<p><a class=\"btn-default\" href=\"mailto:enoturismo.reservas@quintadacorte.com?subject=Encomenda Quinta da C\u00f4rte - Colheita 2014\">Commandez<\/a><\/p>    <\/div>\n<\/div>\n<!-- \/module text -->        <\/div>\n                    <\/div>\n                <\/div>\n    <\/div>\n<!-- \/module tab -->\n        <\/div>\n                        <\/div>\n        <\/div>\n                        <div  data-css_id=\"q0e4905\" data-lazy=\"1\" class=\"module_row themify_builder_row fullwidth tb_q0e4905 tf_w wow\" data-tf-animation=\"fadeIn\" data-tf-animation_delay=\"0.3\">\n                        <div class=\"row_inner col_align_middle tb_col_count_2 tf_box tf_rel\">\n                        <div  data-lazy=\"1\" class=\"module_column tb-column col3-1 tb_zsal906 first\">\n                            <\/div>\n                    <div  data-lazy=\"1\" class=\"module_column tb-column col3-2 tb_y4oe906 last\">\n                            <\/div>\n                        <\/div>\n        <\/div>\n        <\/div>\n<!--\/themify_builder_content-->","protected":false},"excerpt":{"rendered":"","protected":false},"author":1,"featured_media":1515,"parent":2537,"menu_order":0,"comment_status":"closed","ping_status":"closed","template":"","meta":{"_acf_changed":false,"footnotes":""},"class_list":["post-2574","page","type-page","status-publish","has-post-thumbnail","hentry","has-post-title","has-post-date","has-post-category","has-post-tag","has-post-comment","has-post-author",""],"acf":[],"builder_content":"<h1> Porto Colheita <\/h1>\n<img src=\"https:\/\/quintadacorte.com\/wp-content\/uploads\/2024\/01\/quinta-da-corte-colheita-min.png\" title=\"quinta-da-corte-colheita-min\" alt=\"quinta-da-corte-colheita-min\" srcset=\"https:\/\/quintadacorte.com\/wp-content\/uploads\/2024\/01\/quinta-da-corte-colheita-min.png 507w, https:\/\/quintadacorte.com\/wp-content\/uploads\/2024\/01\/quinta-da-corte-colheita-min-160x300.png 160w\" sizes=\"(max-width: 507px) 100vw, 507px\" \/>\n<ul><li><h4>2015<\/h4><a href=\"\/wp-content\/uploads\/2024\/11\/COLHEITA15_FR.pdf\" target=\"_blank\" rel=\"noopener\">Fiche Technique<\/a> <img decoding=\"async\" src=\"\/wp-content\/uploads\/2024\/01\/castas-icon.png\" alt=\"castas\" \/> <h4>Assemblage<\/h4> <p>Mix de c\u00e9pages portugaises de parcelles de vieille vignes<\/p> <img decoding=\"async\" src=\"\/wp-content\/uploads\/2024\/01\/temperatura-icon.png\" alt=\"Temperatura de Servi\u00e7o\" \/> <h4>Temp\u00e9rature de service<\/h4> <p>12\u00ba - 15\u00ba<\/p> <img decoding=\"async\" src=\"\/wp-content\/uploads\/2024\/01\/tempo-conservacao-icon.png\" alt=\"Tempo de Conserva\u00e7\u00e3o\" \/> <h4>Garde<\/h4> <p>10 - 20 ans<\/p> <img decoding=\"async\" src=\"\/wp-content\/uploads\/2024\/01\/producao-icon.png\" alt=\"Produ\u00e7\u00e3o\" \/> <h4>No. de bouteilles<\/h4> <p>2188<\/p> <h3>Notes de d\u00e9gustation<\/h3> <p>Couleur ambr\u00e9e. Ar\u00f4me complexe rappelant les fruits secs, \u00e9voluant vers des notes grill\u00e9es. En bouche, surprenant par sa bonne acidit\u00e9 et sa structure, avec une finale longue et \u00e9l\u00e9gante.<\/p> <h3>Vinification<\/h3> <p>En cuves inox avec controle de temperature. Maceration prolong\u00e9. Maturation en barriques de 500 l ch\u00eane fran\u00e7ais jusqu\u2019\u00e0 la mis\u2019en bouteille.<\/p> <h3>Donn\u00e9es analytiques<\/h3> <p>Teneur en alcool \u2013 19,5% vol.; pH \u2013 3,68.; Acidit\u00e9 Total \u2013 5,1 g\/l (acide tartrique).<\/p> <p><a href=\"mailto:enoturismo.reservas@quintadacorte.com?subject=Encomenda Quinta da C\u00f4rte - Colheita 2014\">Commandez<\/a><\/p><\/li><li><h4>2014<\/h4><a href=\"\/wp-content\/uploads\/2024\/01\/COLHEITA14_PT_compressed.pdf\" target=\"_blank\" rel=\"noopener\">Fiche Technique<\/a> <img decoding=\"async\" src=\"\/wp-content\/uploads\/2024\/01\/castas-icon.png\" alt=\"castas\" \/> <h4>Assemblage<\/h4> <p>Mix de c\u00e9pages portugaises de parcelles de vieille vignes<\/p> <img decoding=\"async\" src=\"\/wp-content\/uploads\/2024\/01\/temperatura-icon.png\" alt=\"Temperatura de Servi\u00e7o\" \/> <h4>Temp\u00e9rature de service<\/h4> <p>12\u00ba - 15\u00ba<\/p> <img decoding=\"async\" src=\"\/wp-content\/uploads\/2024\/01\/tempo-conservacao-icon.png\" alt=\"Tempo de Conserva\u00e7\u00e3o\" \/> <h4>Garde<\/h4> <p>10 - 20 ans<\/p> <img decoding=\"async\" src=\"\/wp-content\/uploads\/2024\/01\/producao-icon.png\" alt=\"Produ\u00e7\u00e3o\" \/> <h4>No. de bouteilles<\/h4> <p>1501<\/p> <h3>Notes de d\u00e9gustation<\/h3> <p>Cette cuv\u00e9e d\u00e9voile des ar\u00f4mes frais et \u00e9l\u00e9gants de fruits et de chocolat noir. D\u2019une grande finesse et bien structur\u00e9 \u00e0 la fois il \u00e9volue avec une belle longueur et de s\u00e9duisants tannins. Un vin cisel\u00e9 d\u2019une grande min\u00e9ralit\u00e9.<\/p> <h3>Vinification<\/h3> <p>En cuves inox avec controle de temperature. Maceration prolong\u00e9. Maturation en barriques de 500 l ch\u00eane fran\u00e7ais jusqu\u2019\u00e0 la mis\u2019en bouteille.<\/p> <h3>Donn\u00e9es analytiques<\/h3> <p>Teneur en alcool \u2013 19,5% vol.; pH \u2013 3,80.; Acidit\u00e9 Total \u2013 5,0 g\/l (acide tartrique).<\/p> <p><a href=\"mailto:enoturismo.reservas@quintadacorte.com?subject=Encomenda Quinta da C\u00f4rte - Colheita 2014\">Commandez<\/a><\/p><\/li><\/ul>\n<a href=\"\/wp-content\/uploads\/2024\/11\/COLHEITA15_FR.pdf\" target=\"_blank\" rel=\"noopener\">Fiche Technique<\/a>\n<img decoding=\"async\" src=\"\/wp-content\/uploads\/2024\/01\/castas-icon.png\" alt=\"castas\" \/>\n<h4>Assemblage<\/h4> <p>Mix de c\u00e9pages portugaises de parcelles de vieille vignes<\/p>\n<img decoding=\"async\" src=\"\/wp-content\/uploads\/2024\/01\/temperatura-icon.png\" alt=\"Temperatura de Servi\u00e7o\" \/>\n<h4>Temp\u00e9rature de service<\/h4> <p>12\u00ba - 15\u00ba<\/p>\n<img decoding=\"async\" src=\"\/wp-content\/uploads\/2024\/01\/tempo-conservacao-icon.png\" alt=\"Tempo de Conserva\u00e7\u00e3o\" \/>\n<h4>Garde<\/h4> <p>10 - 20 ans<\/p>\n<img decoding=\"async\" src=\"\/wp-content\/uploads\/2024\/01\/producao-icon.png\" alt=\"Produ\u00e7\u00e3o\" \/>\n<h4>No. de bouteilles<\/h4> <p>2188<\/p>\n<h3>Notes de d\u00e9gustation<\/h3> <p>Couleur ambr\u00e9e. Ar\u00f4me complexe rappelant les fruits secs, \u00e9voluant vers des notes grill\u00e9es. En bouche, surprenant par sa bonne acidit\u00e9 et sa structure, avec une finale longue et \u00e9l\u00e9gante.<\/p> <h3>Vinification<\/h3> <p>En cuves inox avec controle de temperature. Maceration prolong\u00e9. Maturation en barriques de 500 l ch\u00eane fran\u00e7ais jusqu\u2019\u00e0 la mis\u2019en bouteille.<\/p> <h3>Donn\u00e9es analytiques<\/h3> <p>Teneur en alcool \u2013 19,5% vol.; pH \u2013 3,68.; Acidit\u00e9 Total \u2013 5,1 g\/l (acide tartrique).<\/p> <p><a href=\"mailto:enoturismo.reservas@quintadacorte.com?subject=Encomenda Quinta da C\u00f4rte - Colheita 2014\">Commandez<\/a><\/p>\n<a href=\"\/wp-content\/uploads\/2024\/01\/COLHEITA14_PT_compressed.pdf\" target=\"_blank\" rel=\"noopener\">Fiche Technique<\/a>\n<img decoding=\"async\" src=\"\/wp-content\/uploads\/2024\/01\/castas-icon.png\" alt=\"castas\" \/>\n<h4>Assemblage<\/h4> <p>Mix de c\u00e9pages portugaises de parcelles de vieille vignes<\/p>\n<img decoding=\"async\" src=\"\/wp-content\/uploads\/2024\/01\/temperatura-icon.png\" alt=\"Temperatura de Servi\u00e7o\" \/>\n<h4>Temp\u00e9rature de service<\/h4> <p>12\u00ba - 15\u00ba<\/p>\n<img decoding=\"async\" src=\"\/wp-content\/uploads\/2024\/01\/tempo-conservacao-icon.png\" alt=\"Tempo de Conserva\u00e7\u00e3o\" \/>\n<h4>Garde<\/h4> <p>10 - 20 ans<\/p>\n<img decoding=\"async\" src=\"\/wp-content\/uploads\/2024\/01\/producao-icon.png\" alt=\"Produ\u00e7\u00e3o\" \/>\n<h4>No. de bouteilles<\/h4> <p>1501<\/p>\n<h3>Notes de d\u00e9gustation<\/h3> <p>Cette cuv\u00e9e d\u00e9voile des ar\u00f4mes frais et \u00e9l\u00e9gants de fruits et de chocolat noir. D\u2019une grande finesse et bien structur\u00e9 \u00e0 la fois il \u00e9volue avec une belle longueur et de s\u00e9duisants tannins. Un vin cisel\u00e9 d\u2019une grande min\u00e9ralit\u00e9.<\/p> <h3>Vinification<\/h3> <p>En cuves inox avec controle de temperature. Maceration prolong\u00e9. Maturation en barriques de 500 l ch\u00eane fran\u00e7ais jusqu\u2019\u00e0 la mis\u2019en bouteille.<\/p> <h3>Donn\u00e9es analytiques<\/h3> <p>Teneur en alcool \u2013 19,5% vol.; pH \u2013 3,80.; Acidit\u00e9 Total \u2013 5,0 g\/l (acide tartrique).<\/p> <p><a href=\"mailto:enoturismo.reservas@quintadacorte.com?subject=Encomenda Quinta da C\u00f4rte - Colheita 2014\">Commandez<\/a><\/p>","post_mailing_queue_ids":[],"_links":{"self":[{"href":"https:\/\/quintadacorte.com\/fr\/wp-json\/wp\/v2\/pages\/2574","targetHints":{"allow":["GET"]}}],"collection":[{"href":"https:\/\/quintadacorte.com\/fr\/wp-json\/wp\/v2\/pages"}],"about":[{"href":"https:\/\/quintadacorte.com\/fr\/wp-json\/wp\/v2\/types\/page"}],"author":[{"embeddable":true,"href":"https:\/\/quintadacorte.com\/fr\/wp-json\/wp\/v2\/users\/1"}],"replies":[{"embeddable":true,"href":"https:\/\/quintadacorte.com\/fr\/wp-json\/wp\/v2\/comments?post=2574"}],"version-history":[{"count":8,"href":"https:\/\/quintadacorte.com\/fr\/wp-json\/wp\/v2\/pages\/2574\/revisions"}],"predecessor-version":[{"id":3506,"href":"https:\/\/quintadacorte.com\/fr\/wp-json\/wp\/v2\/pages\/2574\/revisions\/3506"}],"up":[{"embeddable":true,"href":"https:\/\/quintadacorte.com\/fr\/wp-json\/wp\/v2\/pages\/2537"}],"wp:featuredmedia":[{"embeddable":true,"href":"https:\/\/quintadacorte.com\/fr\/wp-json\/wp\/v2\/media\/1515"}],"wp:attachment":[{"href":"https:\/\/quintadacorte.com\/fr\/wp-json\/wp\/v2\/media?parent=2574"}],"curies":[{"name":"wp","href":"https:\/\/api.w.org\/{rel}","templated":true}]}}