{"id":2587,"date":"2024-01-31T11:33:17","date_gmt":"2024-01-31T11:33:17","guid":{"rendered":"https:\/\/quintadacorte.com\/vins\/quinta-da-corte\/tawny-10-anos\/"},"modified":"2024-02-19T13:25:19","modified_gmt":"2024-02-19T13:25:19","slug":"tawny-10-ans","status":"publish","type":"page","link":"https:\/\/quintadacorte.com\/fr\/vins\/vins-de-porto\/tawny-10-ans\/","title":{"rendered":"Tawny 10 ans"},"content":{"rendered":"<!--themify_builder_content-->\n<div id=\"themify_builder_content-2587\" data-postid=\"2587\" class=\"themify_builder_content themify_builder_content-2587 themify_builder tf_clear\">\n                    <div  data-css_id=\"ukap379\" data-lazy=\"1\" class=\"module_row themify_builder_row fullwidth_row_container tb_ukap379 tb_first tf_w wow\" data-tf-animation=\"fadeIn\">\n            <span class=\"builder_row_cover tf_abs\"><\/span>            <div class=\"row_inner col_align_top tb_col_count_1 tf_box tf_rel\">\n                        <div  data-lazy=\"1\" class=\"module_column tb-column col-full tb_c840379 first\">\n                    <!-- module plain text -->\n<div  class=\"module module-plain-text tb_lepz379 \" data-lazy=\"1\">\n        <div class=\"tb_text_wrap\">\n    <h1 class=\"page-title-default\">\n\tTawny 10 ans\n<\/h1>    <\/div>\n<\/div>\n<!-- \/module plain text -->        <\/div>\n                        <\/div>\n        <\/div>\n                        <div  data-lazy=\"1\" class=\"module_row themify_builder_row vinho-detail-wrapper tb_sazh282 tf_w\">\n                        <div class=\"row_inner col_align_top tb_col_count_2 tf_box tf_rel\">\n                        <div  data-lazy=\"1\" class=\"module_column tb-column col4-2 tb_aayl283 first\">\n                    <!-- module image -->\n<div  class=\"module module-image tb_e7vg283 image-center  vinho-image tf_mw wow\" data-tf-animation=\"fadeIn\" data-tf-animation_delay=\"0.3\" data-lazy=\"1\">\n        <div class=\"image-wrap tf_rel tf_mw\">\n            <img loading=\"lazy\" decoding=\"async\" width=\"507\" height=\"953\" src=\"https:\/\/quintadacorte.com\/wp-content\/uploads\/2024\/01\/quinta-da-corte-tawny-10-anos-min.png\" class=\"wp-post-image wp-image-1503\" title=\"quinta-da-corte-tawny-10-anos-min\" alt=\"quinta-da-corte-tawny-10-anos-min\" srcset=\"https:\/\/quintadacorte.com\/wp-content\/uploads\/2024\/01\/quinta-da-corte-tawny-10-anos-min.png 507w, https:\/\/quintadacorte.com\/wp-content\/uploads\/2024\/01\/quinta-da-corte-tawny-10-anos-min-160x300.png 160w\" sizes=\"auto, (max-width: 507px) 100vw, 507px\" \/>    \n        <\/div>\n    <!-- \/image-wrap -->\n    \n        <\/div>\n<!-- \/module image -->        <\/div>\n                    <div  data-lazy=\"1\" class=\"module_column tb-column col4-2 tb_0l1b284 last\">\n                    <!-- module text -->\n<div  class=\"module module-text tb_nia3284 vinhos-no-tabs   wow\" data-tf-animation=\"fadeIn\" data-tf-animation_delay=\"0.6\" data-lazy=\"1\">\n        <div  class=\"tb_text_wrap\">\n        <div class=\"ficha-tecnica\"><a href=\"\/wp-content\/uploads\/2024\/02\/Quinta-da-Corte-Porto-Tawny-10-ans_fiche-technique.pdf\" target=\"_blank\" rel=\"noopener\">Ficha T\u00e9cnica<\/a><\/div>\n<div class=\"caracteristicas-vinho\">\n<div class=\"item\">\n<div class=\"icon-img\"><img decoding=\"async\" src=\"\/wp-content\/uploads\/2024\/01\/castas-icon.png\" alt=\"castas\" \/><\/div>\n<div class=\"carcateristica-description\">\n<h4>Assemblage<\/h4>\n<p>M\u00e9lange de vieilles vignes<\/p>\n<\/div>\n<\/div>\n<div class=\"item\">\n<div class=\"icon-img\"><img decoding=\"async\" src=\"\/wp-content\/uploads\/2024\/01\/temperatura-icon.png\" alt=\"Temperatura de Servi\u00e7o\" \/><\/div>\n<div class=\"carcateristica-description\">\n<h4>Temp\u00e9rature de service<\/h4>\n<p>10\u00ba &#8211; 12\u00ba<\/p>\n<\/div>\n<\/div>\n<div class=\"item\">\n<div class=\"icon-img\"><img decoding=\"async\" src=\"\/wp-content\/uploads\/2024\/01\/tempo-conservacao-icon.png\" alt=\"Tempo de Conserva\u00e7\u00e3o\" \/><\/div>\n<div class=\"carcateristica-description\">\n<h4>Garde<\/h4>\n<p>3 ans<\/p>\n<\/div>\n<\/div>\n<div class=\"item\">\n<div class=\"icon-img\"><img decoding=\"async\" src=\"\/wp-content\/uploads\/2024\/01\/producao-icon.png\" alt=\"Produ\u00e7\u00e3o\" \/><\/div>\n<div class=\"carcateristica-description\">\n<h4>No. de bouteilles<\/h4>\n<p>4000<\/p>\n<\/div>\n<\/div>\n<\/div>\n<h3>Notes de d\u00e9gustation<\/h3>\n<p>D\u2019une robe ambr\u00e9e riche aux reflets d\u2019acajou blond, ce Tawny 10 ans lib\u00e8re d\u00e8s l\u2019ouverture une superbe palette aromatique: d\u2019abord des notes d\u2019amande, de noix, de figue, de fruits secs, de raisin de Corinthe, d\u2019orange confite, puis il \u00e9volue ensuite vers des notes de torr\u00e9faction, de bois et de t\u00e9r\u00e9benthine. On retrouve en bouche la m\u00eame complexit\u00e9 sur une structure riche, concentr\u00e9e, profonde soutenue par une magnifique acidit\u00e9. Il \u00e9volue avec \u00e9nergie et beaucoup de rectitude jusqu\u2019\u00e0 une finale d\u2019une exceptionnelle longueur, laissant sur le palais des saveurs tr\u00e8s \u00e9l\u00e9gantes.<\/p>\n<h3>Vinification<\/h3>\n<p>Tr\u00e8s traditionnelle, elle s\u2019effectue en \u00ab lagares \u00bb, avec pigeage au pied, ce qui permet une extraction douce et tr\u00e8s contr\u00f4l\u00e9e des composants du raisin.<\/p>\n<h3>Donn\u00e9es analytiques<\/h3>\n<p>Alc.- 20 %vol, pH &#8211; 3,50; AT &#8211; 3,60; g\/l H2SO4.<\/p>\n<p><a class=\"btn-default\" href=\"mailto:enoturismo.reservas@quintadacorte.com?subject=Encomenda Quinta da C\u00f4rte - Tawny 10 ans\">Commandez<\/a><\/p>    <\/div>\n<\/div>\n<!-- \/module text -->        <\/div>\n                        <\/div>\n        <\/div>\n                        <div  data-css_id=\"rpig405\" data-lazy=\"1\" class=\"module_row themify_builder_row fullwidth tb_rpig405 tf_w wow\" data-tf-animation=\"fadeIn\" data-tf-animation_delay=\"0.3\">\n                        <div class=\"row_inner col_align_middle tb_col_count_2 tf_box tf_rel\">\n                        <div  data-lazy=\"1\" class=\"module_column tb-column col3-1 tb_z8hi405 first\">\n                            <\/div>\n                    <div  data-lazy=\"1\" class=\"module_column tb-column col3-2 tb_wajj405 last\">\n                            <\/div>\n                        <\/div>\n        <\/div>\n        <\/div>\n<!--\/themify_builder_content-->","protected":false},"excerpt":{"rendered":"<p>Ficha T\u00e9cnica Assemblage M\u00e9lange de vieilles vignes Temp\u00e9rature de service 10\u00ba &#8211; 12\u00ba Garde 3 ans No. de bouteilles 4000 Notes de d\u00e9gustation D\u2019une robe ambr\u00e9e riche aux reflets d\u2019acajou blond, ce Tawny 10 ans lib\u00e8re d\u00e8s l\u2019ouverture une superbe palette aromatique: d\u2019abord des notes d\u2019amande, de noix, de figue, de fruits secs, de raisin [&hellip;]<\/p>\n","protected":false},"author":1,"featured_media":1503,"parent":2537,"menu_order":0,"comment_status":"closed","ping_status":"closed","template":"","meta":{"_acf_changed":false,"footnotes":""},"class_list":["post-2587","page","type-page","status-publish","has-post-thumbnail","hentry","has-post-title","has-post-date","has-post-category","has-post-tag","has-post-comment","has-post-author",""],"acf":[],"builder_content":"<h1> Tawny 10 ans <\/h1>\n<img src=\"https:\/\/quintadacorte.com\/wp-content\/uploads\/2024\/01\/quinta-da-corte-tawny-10-anos-min.png\" title=\"quinta-da-corte-tawny-10-anos-min\" alt=\"quinta-da-corte-tawny-10-anos-min\" srcset=\"https:\/\/quintadacorte.com\/wp-content\/uploads\/2024\/01\/quinta-da-corte-tawny-10-anos-min.png 507w, https:\/\/quintadacorte.com\/wp-content\/uploads\/2024\/01\/quinta-da-corte-tawny-10-anos-min-160x300.png 160w\" sizes=\"(max-width: 507px) 100vw, 507px\" \/>\n<a href=\"\/wp-content\/uploads\/2024\/02\/Quinta-da-Corte-Porto-Tawny-10-ans_fiche-technique.pdf\" target=\"_blank\" rel=\"noopener\">Ficha T\u00e9cnica<\/a>\n<img decoding=\"async\" src=\"\/wp-content\/uploads\/2024\/01\/castas-icon.png\" alt=\"castas\" \/>\n<h4>Assemblage<\/h4> <p>M\u00e9lange de vieilles vignes<\/p>\n<img decoding=\"async\" src=\"\/wp-content\/uploads\/2024\/01\/temperatura-icon.png\" alt=\"Temperatura de Servi\u00e7o\" \/>\n<h4>Temp\u00e9rature de service<\/h4> <p>10\u00ba - 12\u00ba<\/p>\n<img decoding=\"async\" src=\"\/wp-content\/uploads\/2024\/01\/tempo-conservacao-icon.png\" alt=\"Tempo de Conserva\u00e7\u00e3o\" \/>\n<h4>Garde<\/h4> <p>3 ans<\/p>\n<img decoding=\"async\" src=\"\/wp-content\/uploads\/2024\/01\/producao-icon.png\" alt=\"Produ\u00e7\u00e3o\" \/>\n<h4>No. de bouteilles<\/h4> <p>4000<\/p>\n<h3>Notes de d\u00e9gustation<\/h3> <p>D\u2019une robe ambr\u00e9e riche aux reflets d\u2019acajou blond, ce Tawny 10 ans lib\u00e8re d\u00e8s l\u2019ouverture une superbe palette aromatique: d\u2019abord des notes d\u2019amande, de noix, de figue, de fruits secs, de raisin de Corinthe, d\u2019orange confite, puis il \u00e9volue ensuite vers des notes de torr\u00e9faction, de bois et de t\u00e9r\u00e9benthine. On retrouve en bouche la m\u00eame complexit\u00e9 sur une structure riche, concentr\u00e9e, profonde soutenue par une magnifique acidit\u00e9. Il \u00e9volue avec \u00e9nergie et beaucoup de rectitude jusqu\u2019\u00e0 une finale d\u2019une exceptionnelle longueur, laissant sur le palais des saveurs tr\u00e8s \u00e9l\u00e9gantes.<\/p> <h3>Vinification<\/h3> <p>Tr\u00e8s traditionnelle, elle s\u2019effectue en \u00ab lagares \u00bb, avec pigeage au pied, ce qui permet une extraction douce et tr\u00e8s contr\u00f4l\u00e9e des composants du raisin.<\/p> <h3>Donn\u00e9es analytiques<\/h3> <p>Alc.- 20 %vol, pH - 3,50; AT - 3,60; g\/l H2SO4.<\/p> <p><a href=\"mailto:enoturismo.reservas@quintadacorte.com?subject=Encomenda Quinta da C\u00f4rte - Tawny 10 ans\">Commandez<\/a><\/p>","post_mailing_queue_ids":[],"_links":{"self":[{"href":"https:\/\/quintadacorte.com\/fr\/wp-json\/wp\/v2\/pages\/2587","targetHints":{"allow":["GET"]}}],"collection":[{"href":"https:\/\/quintadacorte.com\/fr\/wp-json\/wp\/v2\/pages"}],"about":[{"href":"https:\/\/quintadacorte.com\/fr\/wp-json\/wp\/v2\/types\/page"}],"author":[{"embeddable":true,"href":"https:\/\/quintadacorte.com\/fr\/wp-json\/wp\/v2\/users\/1"}],"replies":[{"embeddable":true,"href":"https:\/\/quintadacorte.com\/fr\/wp-json\/wp\/v2\/comments?post=2587"}],"version-history":[{"count":4,"href":"https:\/\/quintadacorte.com\/fr\/wp-json\/wp\/v2\/pages\/2587\/revisions"}],"predecessor-version":[{"id":2631,"href":"https:\/\/quintadacorte.com\/fr\/wp-json\/wp\/v2\/pages\/2587\/revisions\/2631"}],"up":[{"embeddable":true,"href":"https:\/\/quintadacorte.com\/fr\/wp-json\/wp\/v2\/pages\/2537"}],"wp:featuredmedia":[{"embeddable":true,"href":"https:\/\/quintadacorte.com\/fr\/wp-json\/wp\/v2\/media\/1503"}],"wp:attachment":[{"href":"https:\/\/quintadacorte.com\/fr\/wp-json\/wp\/v2\/media?parent=2587"}],"curies":[{"name":"wp","href":"https:\/\/api.w.org\/{rel}","templated":true}]}}