{"id":2592,"date":"2024-01-29T16:31:45","date_gmt":"2024-01-29T16:31:45","guid":{"rendered":"https:\/\/quintadacorte.com\/vins\/quinta-da-corte\/tawny-20-anos\/"},"modified":"2024-02-15T17:45:09","modified_gmt":"2024-02-15T17:45:09","slug":"tawny-20-ans","status":"publish","type":"page","link":"https:\/\/quintadacorte.com\/fr\/vins\/vins-de-porto\/tawny-20-ans\/","title":{"rendered":"Tawny 20 ans"},"content":{"rendered":"<!--themify_builder_content-->\n<div id=\"themify_builder_content-2592\" data-postid=\"2592\" class=\"themify_builder_content themify_builder_content-2592 themify_builder tf_clear\">\n                    <div  data-css_id=\"p5e9133\" data-lazy=\"1\" class=\"module_row themify_builder_row fullwidth_row_container tb_p5e9133 tb_first tf_w wow\" data-tf-animation=\"fadeIn\">\n            <span class=\"builder_row_cover tf_abs\"><\/span>            <div class=\"row_inner col_align_top tb_col_count_1 tf_box tf_rel\">\n                        <div  data-lazy=\"1\" class=\"module_column tb-column col-full tb_c2ck133 first\">\n                    <!-- module plain text -->\n<div  class=\"module module-plain-text tb_g29a133 \" data-lazy=\"1\">\n        <div class=\"tb_text_wrap\">\n    <h1 class=\"page-title-default\">\n\tTawny 20 ans\n<\/h1>    <\/div>\n<\/div>\n<!-- \/module plain text -->        <\/div>\n                        <\/div>\n        <\/div>\n                        <div  data-lazy=\"1\" class=\"module_row themify_builder_row vinho-detail-wrapper tb_ccim135 tf_w\">\n                        <div class=\"row_inner col_align_top tb_col_count_2 tf_box tf_rel\">\n                        <div  data-lazy=\"1\" class=\"module_column tb-column col4-2 tb_0j90135 first\">\n                    <!-- module image -->\n<div  class=\"module module-image tb_mfvr135 image-center  vinho-image tf_mw wow\" data-tf-animation=\"fadeIn\" data-tf-animation_delay=\"0.3\" data-lazy=\"1\">\n        <div class=\"image-wrap tf_rel tf_mw\">\n            <img loading=\"lazy\" decoding=\"async\" width=\"507\" height=\"953\" src=\"https:\/\/quintadacorte.com\/wp-content\/uploads\/2024\/01\/quinta-da-corte-tawny-20-anos-min.png\" class=\"wp-post-image wp-image-1507\" title=\"quinta-da-corte-tawny-20-anos-min\" alt=\"quinta-da-corte-tawny-20-anos-min\" srcset=\"https:\/\/quintadacorte.com\/wp-content\/uploads\/2024\/01\/quinta-da-corte-tawny-20-anos-min.png 507w, https:\/\/quintadacorte.com\/wp-content\/uploads\/2024\/01\/quinta-da-corte-tawny-20-anos-min-160x300.png 160w\" sizes=\"auto, (max-width: 507px) 100vw, 507px\" \/>    \n        <\/div>\n    <!-- \/image-wrap -->\n    \n        <\/div>\n<!-- \/module image -->        <\/div>\n                    <div  data-lazy=\"1\" class=\"module_column tb-column col4-2 tb_mul0136 last\">\n                    <!-- module text -->\n<div  class=\"module module-text tb_gao4136 vinhos-no-tabs   wow\" data-tf-animation=\"fadeIn\" data-tf-animation_delay=\"0.6\" data-lazy=\"1\">\n        <div  class=\"tb_text_wrap\">\n        <div class=\"ficha-tecnica\"><a href=\"\/wp-content\/uploads\/2024\/02\/Quinta-da-Corte-Porto-Tawny-20-ans_fiche-technique-1.pdf\" target=\"_blank\" rel=\"noopener\">Ficha T\u00e9cnica<\/a><\/div>\n<div class=\"caracteristicas-vinho\">\n<div class=\"item\">\n<div class=\"icon-img\"><img decoding=\"async\" src=\"\/wp-content\/uploads\/2024\/01\/castas-icon.png\" alt=\"castas\" \/><\/div>\n<div class=\"carcateristica-description\">\n<h4>Assemblage<\/h4>\n<p>M\u00e9lange de vieilles vignes<\/p>\n<\/div>\n<\/div>\n<div class=\"item\">\n<div class=\"icon-img\"><img decoding=\"async\" src=\"\/wp-content\/uploads\/2024\/01\/temperatura-icon.png\" alt=\"Temperatura de Servi\u00e7o\" \/><\/div>\n<div class=\"carcateristica-description\">\n<h4>Temp\u00e9rature de service<\/h4>\n<p>10\u00ba &#8211; 12\u00ba<\/p>\n<\/div>\n<\/div>\n<div class=\"item\">\n<div class=\"icon-img\"><img decoding=\"async\" src=\"\/wp-content\/uploads\/2024\/01\/tempo-conservacao-icon.png\" alt=\"Tempo de Conserva\u00e7\u00e3o\" \/><\/div>\n<div class=\"carcateristica-description\">\n<h4>Garde<\/h4>\n<p>20 ans<\/p>\n<\/div>\n<\/div>\n<div class=\"item\">\n<div class=\"icon-img\"><img decoding=\"async\" src=\"\/wp-content\/uploads\/2024\/01\/producao-icon.png\" alt=\"Produ\u00e7\u00e3o\" \/><\/div>\n<div class=\"carcateristica-description\">\n<h4>No. de bouteilles<\/h4>\n<p>2000<\/p>\n<\/div>\n<\/div>\n<\/div>\n<h3>Notes de d\u00e9gustation<\/h3>\n<p> D\u2019une robe dor\u00e9e aux reflets acajou, ce tawny de grande classe s\u00e9duit tout de suite par la complexit\u00e9 de ses ar\u00f4mes : l\u2019on y trouve p\u00eale-m\u00eale le raisin de Corinthe, la r\u00e9glisse, la cannelle, les agrumes confits, le caf\u00e9, la noix de cajou, de caramel, de noix\u2026 Sa bouche douce et harmonieuse, d\u2019une tr\u00e8s belle ampleur d\u00e9veloppe la m\u00eame complexit\u00e9. Tr\u00e8s savoureuse, \u00e9quilibr\u00e9e, avec de la fra\u00eecheur, elle \u00e9volue jusqu\u2019\u00e0 une finale longue, riche et nette.<\/p>\n<h3>Vinification<\/h3>\n<p>Traditionnelles, elles s\u2019effectuent en \u00ab lagares \u00bb, avec pigeage au pied afin d\u2019extraire avec beaucoup de pr\u00e9cision les composants du raisin. <\/p>\n<h3>Donn\u00e9es analytiques<\/h3>\n<p>Alc &#8211; 20% vol ; B\u00e9 \u2013 4,5\u00b0 B\u00e9 ; pH \u2013 3,55 ; AT \u2013 3,60g\/l H2SO4.<\/p>\n<p><a class=\"btn-default\" href=\"mailto:enoturismo.reservas@quintadacorte.com?subject=Encomenda Quinta da C\u00f4rte - Tawny 20 ans\">Commandez<\/a><\/p>\n    <\/div>\n<\/div>\n<!-- \/module text -->        <\/div>\n                        <\/div>\n        <\/div>\n                        <div  data-css_id=\"yrdh777\" data-lazy=\"1\" class=\"module_row themify_builder_row fullwidth tb_yrdh777 tf_w wow\" data-tf-animation=\"fadeIn\" data-tf-animation_delay=\"0.3\">\n                        <div class=\"row_inner col_align_middle tb_col_count_2 tf_box tf_rel\">\n                        <div  data-lazy=\"1\" class=\"module_column tb-column col3-1 tb_x7fo777 first\">\n                            <\/div>\n                    <div  data-lazy=\"1\" class=\"module_column tb-column col3-2 tb_ryto777 last\">\n                            <\/div>\n                        <\/div>\n        <\/div>\n        <\/div>\n<!--\/themify_builder_content-->","protected":false},"excerpt":{"rendered":"<p>Ficha T\u00e9cnica Assemblage M\u00e9lange de vieilles vignes Temp\u00e9rature de service 10\u00ba &#8211; 12\u00ba Garde 20 ans No. de bouteilles 2000 Notes de d\u00e9gustation D\u2019une robe dor\u00e9e aux reflets acajou, ce tawny de grande classe s\u00e9duit tout de suite par la complexit\u00e9 de ses ar\u00f4mes : l\u2019on y trouve p\u00eale-m\u00eale le raisin de Corinthe, la r\u00e9glisse, [&hellip;]<\/p>\n","protected":false},"author":1,"featured_media":1507,"parent":2537,"menu_order":0,"comment_status":"closed","ping_status":"closed","template":"","meta":{"_acf_changed":false,"footnotes":""},"class_list":["post-2592","page","type-page","status-publish","has-post-thumbnail","hentry","has-post-title","has-post-date","has-post-category","has-post-tag","has-post-comment","has-post-author",""],"acf":[],"builder_content":"<h1> Tawny 20 ans <\/h1>\n<img src=\"https:\/\/quintadacorte.com\/wp-content\/uploads\/2024\/01\/quinta-da-corte-tawny-20-anos-min.png\" title=\"quinta-da-corte-tawny-20-anos-min\" alt=\"quinta-da-corte-tawny-20-anos-min\" srcset=\"https:\/\/quintadacorte.com\/wp-content\/uploads\/2024\/01\/quinta-da-corte-tawny-20-anos-min.png 507w, https:\/\/quintadacorte.com\/wp-content\/uploads\/2024\/01\/quinta-da-corte-tawny-20-anos-min-160x300.png 160w\" sizes=\"(max-width: 507px) 100vw, 507px\" \/>\n<a href=\"\/wp-content\/uploads\/2024\/02\/Quinta-da-Corte-Porto-Tawny-20-ans_fiche-technique-1.pdf\" target=\"_blank\" rel=\"noopener\">Ficha T\u00e9cnica<\/a>\n<img decoding=\"async\" src=\"\/wp-content\/uploads\/2024\/01\/castas-icon.png\" alt=\"castas\" \/>\n<h4>Assemblage<\/h4> <p>M\u00e9lange de vieilles vignes<\/p>\n<img decoding=\"async\" src=\"\/wp-content\/uploads\/2024\/01\/temperatura-icon.png\" alt=\"Temperatura de Servi\u00e7o\" \/>\n<h4>Temp\u00e9rature de service<\/h4> <p>10\u00ba - 12\u00ba<\/p>\n<img decoding=\"async\" src=\"\/wp-content\/uploads\/2024\/01\/tempo-conservacao-icon.png\" alt=\"Tempo de Conserva\u00e7\u00e3o\" \/>\n<h4>Garde<\/h4> <p>20 ans<\/p>\n<img decoding=\"async\" src=\"\/wp-content\/uploads\/2024\/01\/producao-icon.png\" alt=\"Produ\u00e7\u00e3o\" \/>\n<h4>No. de bouteilles<\/h4> <p>2000<\/p>\n<h3>Notes de d\u00e9gustation<\/h3> <p> D\u2019une robe dor\u00e9e aux reflets acajou, ce tawny de grande classe s\u00e9duit tout de suite par la complexit\u00e9 de ses ar\u00f4mes : l\u2019on y trouve p\u00eale-m\u00eale le raisin de Corinthe, la r\u00e9glisse, la cannelle, les agrumes confits, le caf\u00e9, la noix de cajou, de caramel, de noix\u2026 Sa bouche douce et harmonieuse, d\u2019une tr\u00e8s belle ampleur d\u00e9veloppe la m\u00eame complexit\u00e9. Tr\u00e8s savoureuse, \u00e9quilibr\u00e9e, avec de la fra\u00eecheur, elle \u00e9volue jusqu\u2019\u00e0 une finale longue, riche et nette.<\/p> <h3>Vinification<\/h3> <p>Traditionnelles, elles s\u2019effectuent en \u00ab lagares \u00bb, avec pigeage au pied afin d\u2019extraire avec beaucoup de pr\u00e9cision les composants du raisin. <\/p> <h3>Donn\u00e9es analytiques<\/h3> <p>Alc - 20% vol ; B\u00e9 \u2013 4,5\u00b0 B\u00e9 ; pH \u2013 3,55 ; AT \u2013 3,60g\/l H2SO4.<\/p> <p><a href=\"mailto:enoturismo.reservas@quintadacorte.com?subject=Encomenda Quinta da C\u00f4rte - Tawny 20 ans\">Commandez<\/a><\/p>","post_mailing_queue_ids":[],"_links":{"self":[{"href":"https:\/\/quintadacorte.com\/fr\/wp-json\/wp\/v2\/pages\/2592","targetHints":{"allow":["GET"]}}],"collection":[{"href":"https:\/\/quintadacorte.com\/fr\/wp-json\/wp\/v2\/pages"}],"about":[{"href":"https:\/\/quintadacorte.com\/fr\/wp-json\/wp\/v2\/types\/page"}],"author":[{"embeddable":true,"href":"https:\/\/quintadacorte.com\/fr\/wp-json\/wp\/v2\/users\/1"}],"replies":[{"embeddable":true,"href":"https:\/\/quintadacorte.com\/fr\/wp-json\/wp\/v2\/comments?post=2592"}],"version-history":[{"count":2,"href":"https:\/\/quintadacorte.com\/fr\/wp-json\/wp\/v2\/pages\/2592\/revisions"}],"predecessor-version":[{"id":2595,"href":"https:\/\/quintadacorte.com\/fr\/wp-json\/wp\/v2\/pages\/2592\/revisions\/2595"}],"up":[{"embeddable":true,"href":"https:\/\/quintadacorte.com\/fr\/wp-json\/wp\/v2\/pages\/2537"}],"wp:featuredmedia":[{"embeddable":true,"href":"https:\/\/quintadacorte.com\/fr\/wp-json\/wp\/v2\/media\/1507"}],"wp:attachment":[{"href":"https:\/\/quintadacorte.com\/fr\/wp-json\/wp\/v2\/media?parent=2592"}],"curies":[{"name":"wp","href":"https:\/\/api.w.org\/{rel}","templated":true}]}}