{"id":2597,"date":"2024-01-29T13:30:44","date_gmt":"2024-01-29T13:30:44","guid":{"rendered":"https:\/\/quintadacorte.com\/vins\/quinta-da-corte\/tawny-30-anos\/"},"modified":"2024-02-15T17:50:30","modified_gmt":"2024-02-15T17:50:30","slug":"tawny-30-ans","status":"publish","type":"page","link":"https:\/\/quintadacorte.com\/fr\/vins\/vins-de-porto\/tawny-30-ans\/","title":{"rendered":"Tawny 30 ans"},"content":{"rendered":"<!--themify_builder_content-->\n<div id=\"themify_builder_content-2597\" data-postid=\"2597\" class=\"themify_builder_content themify_builder_content-2597 themify_builder tf_clear\">\n                    <div  data-css_id=\"gr4r546\" data-lazy=\"1\" class=\"module_row themify_builder_row fullwidth_row_container tb_gr4r546 tb_first tf_w wow\" data-tf-animation=\"fadeIn\">\n            <span class=\"builder_row_cover tf_abs\"><\/span>            <div class=\"row_inner col_align_top tb_col_count_1 tf_box tf_rel\">\n                        <div  data-lazy=\"1\" class=\"module_column tb-column col-full tb_xgon546 first\">\n                    <!-- module plain text -->\n<div  class=\"module module-plain-text tb_9nea547 \" data-lazy=\"1\">\n        <div class=\"tb_text_wrap\">\n    <h1 class=\"page-title-default\">\n\tTawny 30 ans\n<\/h1>    <\/div>\n<\/div>\n<!-- \/module plain text -->        <\/div>\n                        <\/div>\n        <\/div>\n                        <div  data-lazy=\"1\" class=\"module_row themify_builder_row vinho-detail-wrapper tb_ytix363 tf_w\">\n                        <div class=\"row_inner col_align_top tb_col_count_2 tf_box tf_rel\">\n                        <div  data-lazy=\"1\" class=\"module_column tb-column col4-2 tb_o6rq363 first\">\n                    <!-- module image -->\n<div  class=\"module module-image tb_tg31363 image-center  vinho-image tf_mw wow\" data-tf-animation=\"fadeIn\" data-tf-animation_delay=\"0.3\" data-lazy=\"1\">\n        <div class=\"image-wrap tf_rel tf_mw\">\n            <img loading=\"lazy\" decoding=\"async\" width=\"507\" height=\"953\" src=\"https:\/\/quintadacorte.com\/wp-content\/uploads\/2024\/01\/quinta-da-corte-tawny-30-anos-min.png\" class=\"wp-post-image wp-image-1509\" title=\"quinta-da-corte-tawny-30-anos-min\" alt=\"quinta-da-corte-tawny-30-anos-min\" srcset=\"https:\/\/quintadacorte.com\/wp-content\/uploads\/2024\/01\/quinta-da-corte-tawny-30-anos-min.png 507w, https:\/\/quintadacorte.com\/wp-content\/uploads\/2024\/01\/quinta-da-corte-tawny-30-anos-min-160x300.png 160w\" sizes=\"auto, (max-width: 507px) 100vw, 507px\" \/>    \n        <\/div>\n    <!-- \/image-wrap -->\n    \n        <\/div>\n<!-- \/module image -->        <\/div>\n                    <div  data-lazy=\"1\" class=\"module_column tb-column col4-2 tb_v25l363 last\">\n                    <!-- module text -->\n<div  class=\"module module-text tb_s81n511 vinhos-no-tabs   wow\" data-tf-animation=\"fadeIn\" data-tf-animation_delay=\"0.6\" data-lazy=\"1\">\n        <div  class=\"tb_text_wrap\">\n        <div class=\"ficha-tecnica\"><a href=\"\/wp-content\/uploads\/2024\/02\/Quinta-da-Corte-Porto-Tawny-30-ans_fiche-technique.pdf\" target=\"_blank\" rel=\"noopener\">Fiche Technique<\/a><\/div>\n<div class=\"caracteristicas-vinho\">\n<div class=\"item\">\n<div class=\"icon-img\"><img decoding=\"async\" src=\"\/wp-content\/uploads\/2024\/01\/castas-icon.png\" alt=\"castas\" \/><\/div>\n<div class=\"carcateristica-description\">\n<h4>Assemblage<\/h4>\n<p>M\u00e9lange de vieilles vignes<\/p>\n<\/div>\n<\/div>\n<div class=\"item\">\n<div class=\"icon-img\"><img decoding=\"async\" src=\"\/wp-content\/uploads\/2024\/01\/temperatura-icon.png\" alt=\"Temperatura de Servi\u00e7o\" \/><\/div>\n<div class=\"carcateristica-description\">\n<h4>Temp\u00e9rature de service<\/h4>\n<p>12\u00ba &#8211; 15\u00ba<\/p>\n<\/div>\n<\/div>\n<div class=\"item\">\n<div class=\"icon-img\"><img decoding=\"async\" src=\"\/wp-content\/uploads\/2024\/01\/tempo-conservacao-icon.png\" alt=\"Tempo de Conserva\u00e7\u00e3o\" \/><\/div>\n<div class=\"carcateristica-description\">\n<h4>Garde<\/h4>\n<p>20 ans<\/p>\n<\/div>\n<\/div>\n<div class=\"item\">\n<div class=\"icon-img\"><img decoding=\"async\" src=\"\/wp-content\/uploads\/2024\/01\/producao-icon.png\" alt=\"Produ\u00e7\u00e3o\" \/><\/div>\n<div class=\"carcateristica-description\">\n<h4>No. de bouteilles<\/h4>\n<p>220<\/p>\n<\/div>\n<\/div>\n<\/div>\n<h3>Notes de d\u00e9gustation<\/h3>\n<p>D&rsquo;une belle couleur brillante et ambr\u00e9e, ce porto tr\u00e8s \u00e9l\u00e9gant offre un nez magnifique, alliant fra\u00eecheur et vieillissement. Au palais, il d\u00e9voile des notes de fruits secs et d&rsquo;\u00e9corce d&rsquo;orange. Sa finale, longue et velout\u00e9e, prolonge tout le plaisir de sa d\u00e9gustation.<\/p>\n<h3>Vinification<\/h3>\n<p>Traditionnelles, elles s\u2019effectuent en \u00ab lagares \u00bb, avec pigeage au pied afin d\u2019extraire avec beaucoup de pr\u00e9cision les composants du raisin. <\/p>\n<h3>Donn\u00e9es analytiques<\/h3>\n<p>Alc -19,5 % vol ; B\u00e9 &#8211; 5,3 \u00ba; pH = 3,6; AT &#8211; 5,80 g\/l<\/p>\n<p><a class=\"btn-default\" href=\"mailto:enoturismo.reservas@quintadacorte.com?subject=Encomenda Quinta da C\u00f4rte - Tawny 30 ans\">Commandez<\/a><\/p>\n    <\/div>\n<\/div>\n<!-- \/module text -->        <\/div>\n                        <\/div>\n        <\/div>\n                        <div  data-css_id=\"5djm148\" data-lazy=\"1\" class=\"module_row themify_builder_row fullwidth tb_5djm148 tf_w wow\" data-tf-animation=\"fadeIn\" data-tf-animation_delay=\"0.3\">\n                        <div class=\"row_inner col_align_middle tb_col_count_2 tf_box tf_rel\">\n                        <div  data-lazy=\"1\" class=\"module_column tb-column col3-1 tb_w1vy148 first\">\n                            <\/div>\n                    <div  data-lazy=\"1\" class=\"module_column tb-column col3-2 tb_anvy148 last\">\n                            <\/div>\n                        <\/div>\n        <\/div>\n        <\/div>\n<!--\/themify_builder_content-->","protected":false},"excerpt":{"rendered":"<p>Fiche Technique Assemblage M\u00e9lange de vieilles vignes Temp\u00e9rature de service 12\u00ba &#8211; 15\u00ba Garde 20 ans No. de bouteilles 220 Notes de d\u00e9gustation D&rsquo;une belle couleur brillante et ambr\u00e9e, ce porto tr\u00e8s \u00e9l\u00e9gant offre un nez magnifique, alliant fra\u00eecheur et vieillissement. Au palais, il d\u00e9voile des notes de fruits secs et d&rsquo;\u00e9corce d&rsquo;orange. Sa finale, [&hellip;]<\/p>\n","protected":false},"author":1,"featured_media":1509,"parent":2537,"menu_order":0,"comment_status":"closed","ping_status":"closed","template":"","meta":{"_acf_changed":false,"footnotes":""},"class_list":["post-2597","page","type-page","status-publish","has-post-thumbnail","hentry","has-post-title","has-post-date","has-post-category","has-post-tag","has-post-comment","has-post-author",""],"acf":[],"builder_content":"<h1> Tawny 30 ans <\/h1>\n<img src=\"https:\/\/quintadacorte.com\/wp-content\/uploads\/2024\/01\/quinta-da-corte-tawny-30-anos-min.png\" title=\"quinta-da-corte-tawny-30-anos-min\" alt=\"quinta-da-corte-tawny-30-anos-min\" srcset=\"https:\/\/quintadacorte.com\/wp-content\/uploads\/2024\/01\/quinta-da-corte-tawny-30-anos-min.png 507w, https:\/\/quintadacorte.com\/wp-content\/uploads\/2024\/01\/quinta-da-corte-tawny-30-anos-min-160x300.png 160w\" sizes=\"(max-width: 507px) 100vw, 507px\" \/>\n<a href=\"\/wp-content\/uploads\/2024\/02\/Quinta-da-Corte-Porto-Tawny-30-ans_fiche-technique.pdf\" target=\"_blank\" rel=\"noopener\">Fiche Technique<\/a>\n<img decoding=\"async\" src=\"\/wp-content\/uploads\/2024\/01\/castas-icon.png\" alt=\"castas\" \/>\n<h4>Assemblage<\/h4> <p>M\u00e9lange de vieilles vignes<\/p>\n<img decoding=\"async\" src=\"\/wp-content\/uploads\/2024\/01\/temperatura-icon.png\" alt=\"Temperatura de Servi\u00e7o\" \/>\n<h4>Temp\u00e9rature de service<\/h4> <p>12\u00ba - 15\u00ba<\/p>\n<img decoding=\"async\" src=\"\/wp-content\/uploads\/2024\/01\/tempo-conservacao-icon.png\" alt=\"Tempo de Conserva\u00e7\u00e3o\" \/>\n<h4>Garde<\/h4> <p>20 ans<\/p>\n<img decoding=\"async\" src=\"\/wp-content\/uploads\/2024\/01\/producao-icon.png\" alt=\"Produ\u00e7\u00e3o\" \/>\n<h4>No. de bouteilles<\/h4> <p>220<\/p>\n<h3>Notes de d\u00e9gustation<\/h3> <p>D'une belle couleur brillante et ambr\u00e9e, ce porto tr\u00e8s \u00e9l\u00e9gant offre un nez magnifique, alliant fra\u00eecheur et vieillissement. Au palais, il d\u00e9voile des notes de fruits secs et d'\u00e9corce d'orange. Sa finale, longue et velout\u00e9e, prolonge tout le plaisir de sa d\u00e9gustation.<\/p> <h3>Vinification<\/h3> <p>Traditionnelles, elles s\u2019effectuent en \u00ab lagares \u00bb, avec pigeage au pied afin d\u2019extraire avec beaucoup de pr\u00e9cision les composants du raisin. <\/p> <h3>Donn\u00e9es analytiques<\/h3> <p>Alc -19,5 % vol ; B\u00e9 - 5,3 \u00ba; pH = 3,6; AT - 5,80 g\/l<\/p> <p><a href=\"mailto:enoturismo.reservas@quintadacorte.com?subject=Encomenda Quinta da C\u00f4rte - Tawny 30 ans\">Commandez<\/a><\/p>","post_mailing_queue_ids":[],"_links":{"self":[{"href":"https:\/\/quintadacorte.com\/fr\/wp-json\/wp\/v2\/pages\/2597","targetHints":{"allow":["GET"]}}],"collection":[{"href":"https:\/\/quintadacorte.com\/fr\/wp-json\/wp\/v2\/pages"}],"about":[{"href":"https:\/\/quintadacorte.com\/fr\/wp-json\/wp\/v2\/types\/page"}],"author":[{"embeddable":true,"href":"https:\/\/quintadacorte.com\/fr\/wp-json\/wp\/v2\/users\/1"}],"replies":[{"embeddable":true,"href":"https:\/\/quintadacorte.com\/fr\/wp-json\/wp\/v2\/comments?post=2597"}],"version-history":[{"count":2,"href":"https:\/\/quintadacorte.com\/fr\/wp-json\/wp\/v2\/pages\/2597\/revisions"}],"predecessor-version":[{"id":2600,"href":"https:\/\/quintadacorte.com\/fr\/wp-json\/wp\/v2\/pages\/2597\/revisions\/2600"}],"up":[{"embeddable":true,"href":"https:\/\/quintadacorte.com\/fr\/wp-json\/wp\/v2\/pages\/2537"}],"wp:featuredmedia":[{"embeddable":true,"href":"https:\/\/quintadacorte.com\/fr\/wp-json\/wp\/v2\/media\/1509"}],"wp:attachment":[{"href":"https:\/\/quintadacorte.com\/fr\/wp-json\/wp\/v2\/media?parent=2597"}],"curies":[{"name":"wp","href":"https:\/\/api.w.org\/{rel}","templated":true}]}}