{"id":2612,"date":"2024-01-29T12:47:20","date_gmt":"2024-01-29T12:47:20","guid":{"rendered":"https:\/\/quintadacorte.com\/vins\/quinta-da-corte\/lbv\/"},"modified":"2024-03-20T12:32:40","modified_gmt":"2024-03-20T12:32:40","slug":"lbv","status":"publish","type":"page","link":"https:\/\/quintadacorte.com\/fr\/vins\/vins-de-porto\/lbv\/","title":{"rendered":"Porto Late Bottled Vintage (LBV)"},"content":{"rendered":"<!--themify_builder_content-->\n<div id=\"themify_builder_content-2612\" data-postid=\"2612\" class=\"themify_builder_content themify_builder_content-2612 themify_builder tf_clear\">\n                    <div  data-css_id=\"9bbv224\" data-lazy=\"1\" class=\"module_row themify_builder_row fullwidth_row_container tb_9bbv224 tb_first tf_w wow\" data-tf-animation=\"fadeIn\">\n            <span class=\"builder_row_cover tf_abs\"><\/span>            <div class=\"row_inner col_align_top tb_col_count_1 tf_box tf_rel\">\n                        <div  data-lazy=\"1\" class=\"module_column tb-column col-full tb_wg3g224 first\">\n                    <!-- module plain text -->\n<div  class=\"module module-plain-text tb_kffp224 \" data-lazy=\"1\">\n        <div class=\"tb_text_wrap\">\n    <h1 class=\"page-title-default\">\n\tPorto Late Bottled Vintage (LBV)\n<\/h1>    <\/div>\n<\/div>\n<!-- \/module plain text -->        <\/div>\n                        <\/div>\n        <\/div>\n                        <div  data-lazy=\"1\" class=\"module_row themify_builder_row vinho-detail-wrapper tb_fwy591 tf_w\">\n                        <div class=\"row_inner col_align_top tb_col_count_2 tf_box tf_rel\">\n                        <div  data-lazy=\"1\" class=\"module_column tb-column col4-2 tb_038w91 first\">\n                    <!-- module image -->\n<div  class=\"module module-image tb_12rm91 image-center  vinho-image tf_mw wow\" data-tf-animation=\"fadeIn\" data-tf-animation_delay=\"0.3\" data-lazy=\"1\">\n        <div class=\"image-wrap tf_rel tf_mw\">\n            <img loading=\"lazy\" decoding=\"async\" width=\"507\" height=\"953\" src=\"https:\/\/quintadacorte.com\/wp-content\/uploads\/2024\/01\/quinta-da-corte-LBV-min.png\" class=\"wp-post-image wp-image-1511\" title=\"quinta-da-corte-LBV-min\" alt=\"Porto Late Bottled Vintage (LBV)\" srcset=\"https:\/\/quintadacorte.com\/wp-content\/uploads\/2024\/01\/quinta-da-corte-LBV-min.png 507w, https:\/\/quintadacorte.com\/wp-content\/uploads\/2024\/01\/quinta-da-corte-LBV-min-160x300.png 160w\" sizes=\"auto, (max-width: 507px) 100vw, 507px\" \/>    \n        <\/div>\n    <!-- \/image-wrap -->\n    \n        <\/div>\n<!-- \/module image -->        <\/div>\n                    <div  data-lazy=\"1\" class=\"module_column tb-column col4-2 tb_dzbo91 last\">\n                    <!-- module tab -->\n<div  id=\"tb_flqz91\" class=\"module ui module-tab tb_flqz91 minimal  tb_default_color vinhos-tabs wow\" data-tf-animation=\"fadeIn\" data-tf-animation_delay=\"0.6\" data-lazy=\"1\">\n        <div class=\"tab-nav-current-active tf_hide\">\n        <span class=\"tab_burger_icon tf_rel\"><\/span>\n        <span class=\"tb_tab_title\">2018<\/span>\n    <\/div>\n    <ul class=\"tab-nav tf_clearfix tf_scrollbar\">\n                <li class=\"current\" aria-expanded=\"true\">\n            <a href=\"#tab-tb_flqz91-0\">\n                                <span>2018<\/span>                                            <\/a>\n        <\/li>\n                <li aria-expanded=\"false\">\n            <a href=\"#tab-tb_flqz91-1\">\n                                <span>2016<\/span>                                            <\/a>\n        <\/li>\n                <li aria-expanded=\"false\">\n            <a href=\"#tab-tb_flqz91-2\">\n                                <span>2015<\/span>                                            <\/a>\n        <\/li>\n                <li aria-expanded=\"false\">\n            <a href=\"#tab-tb_flqz91-3\">\n                                <span>2014<\/span>                                            <\/a>\n        <\/li>\n            <\/ul>\n            <div data-id=\"tab-tb_flqz91-0\" class=\"tab-content tf_clear\" aria-hidden=\"false\">\n                            <div class=\"tb_text_wrap\">\n                    <div class=\"ficha-tecnica\"><a href=\"\/wp-content\/uploads\/2024\/03\/QC-LBV-2018-FR.pdf\" target=\"_blank\" rel=\"noopener\">Fiche Technique<\/a><\/div>\n<div class=\"caracteristicas-vinho\">\n<div class=\"item\">\n<div class=\"icon-img\"><img decoding=\"async\" src=\"\/wp-content\/uploads\/2024\/01\/castas-icon.png\" alt=\"castas\" \/><\/div>\n<div class=\"carcateristica-description\">\n<h4>Assemblage<\/h4>\n<p>M\u00e9lange de vieilles vignes<\/p>\n<\/div>\n<\/div>\n<div class=\"item\">\n<div class=\"icon-img\"><img decoding=\"async\" src=\"\/wp-content\/uploads\/2024\/01\/temperatura-icon.png\" alt=\"Temperatura de Servi\u00e7o\" \/><\/div>\n<div class=\"carcateristica-description\">\n<h4>Temp\u00e9rature de service<\/h4>\n<p>12\u00baC &#8211; 15\u00baC<\/p>\n<\/div>\n<\/div>\n<div class=\"item\">\n<div class=\"icon-img\"><img decoding=\"async\" src=\"\/wp-content\/uploads\/2024\/01\/tempo-conservacao-icon.png\" alt=\"Tempo de Conserva\u00e7\u00e3o\" \/><\/div>\n<div class=\"carcateristica-description\">\n<h4>Garde<\/h4>\n<p>10 &#8211; 20 ans<\/p>\n<\/div>\n<\/div>\n<div class=\"item\">\n<div class=\"icon-img\"><img decoding=\"async\" src=\"\/wp-content\/uploads\/2024\/01\/producao-icon.png\" alt=\"Produ\u00e7\u00e3o\" \/><\/div>\n<div class=\"carcateristica-description\">\n<h4>No. de bouteilles<\/h4>\n<p>6297<\/p>\n<\/div>\n<\/div>\n<\/div>\n<h3>Notes de d\u00e9gustation<\/h3>\n<p>Couleur d&rsquo;encre. Frais, fruit\u00e9 avec des ar\u00f4mes de chocolat et des notes subtiles de r\u00e9glisse et d&rsquo;\u00e9pices. Ample, avec des tanins fermes et bien int\u00e9gr\u00e9s. Montre beaucoup d&rsquo;\u00e9quilibre et d&rsquo;\u00e9l\u00e9gance. Il peut \u00eatre appr\u00e9ci\u00e9 jeune.<\/p>\n<h3>Vinification<\/h3>\n<p>En \u00ab\u00a0lagares\u00a0\u00bb avec pigeage au pied. Maturation en vieux tonneaux de bois de chatagne.<\/p>\n<h3>Donn\u00e9es analytiques<\/h3>\n<p>Teneur en alcool &#8211; 19,5% vol.; PH &#8211; 3,77; Acidit\u00e9 Total 4,8 g\/l (acide tartrique).<\/p>\n<p><a class=\"btn-default\" href=\"mailto:enoturismo.reservas@quintadacorte.com?subject=Commandez Quinta da C\u00f4rte - LBV\">Commandez<\/a><\/p>                <\/div>\n                    <\/div>\n            <div data-id=\"tab-tb_flqz91-1\" class=\"tab-content tf_clear\" aria-hidden=\"true\">\n                            <div class=\"tb_text_wrap\">\n                    <div class=\"ficha-tecnica\"><a href=\"\/wp-content\/uploads\/2024\/02\/Quinta-da-Corte-Porto-LBV-2016_fiche-technique.pdf\" target=\"_blank\" rel=\"noopener\">Fiche Technique<\/a><\/div>\n<div class=\"caracteristicas-vinho\">\n<div class=\"item\">\n<div class=\"icon-img\"><img decoding=\"async\" src=\"\/wp-content\/uploads\/2024\/01\/castas-icon.png\" alt=\"castas\" \/><\/div>\n<div class=\"carcateristica-description\">\n<h4>Assemblage<\/h4>\n<p>M\u00e9lange de vieilles vignes<\/p>\n<\/div>\n<\/div>\n<div class=\"item\">\n<div class=\"icon-img\"><img decoding=\"async\" src=\"\/wp-content\/uploads\/2024\/01\/temperatura-icon.png\" alt=\"Temperatura de Servi\u00e7o\" \/><\/div>\n<div class=\"carcateristica-description\">\n<h4>Temp\u00e9rature de service<\/h4>\n<p>12\u00baC &#8211; 15\u00baC<\/p>\n<\/div>\n<\/div>\n<div class=\"item\">\n<div class=\"icon-img\"><img decoding=\"async\" src=\"\/wp-content\/uploads\/2024\/01\/tempo-conservacao-icon.png\" alt=\"Tempo de Conserva\u00e7\u00e3o\" \/><\/div>\n<div class=\"carcateristica-description\">\n<h4>Garde<\/h4>\n<p>Plus de 20 ans<\/p>\n<\/div>\n<\/div>\n<div class=\"item\">\n<div class=\"icon-img\"><img decoding=\"async\" src=\"\/wp-content\/uploads\/2024\/01\/producao-icon.png\" alt=\"Produ\u00e7\u00e3o\" \/><\/div>\n<div class=\"carcateristica-description\">\n<h4>No. de bouteilles<\/h4>\n<p>15200<\/p>\n<\/div>\n<\/div>\n<\/div>\n<h3>Notes de d\u00e9gustation<\/h3>\n<p>Une couleur d&rsquo;un rouge rubis profond. Des ar\u00f4mes frais, fruit\u00e9s et chocolat\u00e9s aux subtiles notes de r\u00e9glisse et d&rsquo;\u00e9pices. Bien charpent\u00e9, ce vin d\u00e9voile des tanins bien pr\u00e9sents mais parfaitement fondus. Il affiche un bel \u00e9quilibre et une grande finesse. Peut \u00eatre d\u00e9gust\u00e9 jeune. Parfait sur un dessert au chocolat, des fromages doux, des amandes et des ch\u00e2taignes.<\/p>\n<h3>Vinification<\/h3>\n<p>Dans des pressoirs avec pigeage au pied. \u00c9levage en barriques de bois.<\/p>\n<h3>Donn\u00e9es analytiques<\/h3>\n<p>Titre alcool\u00e9mique \u2013 19,5% vol.; pH \u2013 3,60; B\u00e9 \u2013 3,6; Acidit\u00e9 totale \u2013 4,70 g\/l (acide tartrique).<\/p>\n<p><a class=\"btn-default\" href=\"mailto:enoturismo.reservas@quintadacorte.com?subject=Commandez Quinta da C\u00f4rte - LBV\">Commandez<\/a><\/p>\n                <\/div>\n                    <\/div>\n            <div data-id=\"tab-tb_flqz91-2\" class=\"tab-content tf_clear\" aria-hidden=\"true\">\n                            <div class=\"tb_text_wrap\">\n                    <div class=\"ficha-tecnica\"><a href=\"\/wp-content\/uploads\/2024\/02\/Quinta-da-Corte-Porto-LBV-2015_fiche-technique.pdf\" target=\"_blank\" rel=\"noopener\">Fiche Technique<\/a><\/div>\n<div class=\"caracteristicas-vinho\">\n<div class=\"item\">\n<div class=\"icon-img\"><img decoding=\"async\" src=\"\/wp-content\/uploads\/2024\/01\/castas-icon.png\" alt=\"castas\" \/><\/div>\n<div class=\"carcateristica-description\">\n<h4>Assemblage<\/h4>\n<p>M\u00e9lange de vieilles vignes<\/p>\n<\/div>\n<\/div>\n<div class=\"item\">\n<div class=\"icon-img\"><img decoding=\"async\" src=\"\/wp-content\/uploads\/2024\/01\/temperatura-icon.png\" alt=\"Temperatura de Servi\u00e7o\" \/><\/div>\n<div class=\"carcateristica-description\">\n<h4>Temp\u00e9rature de service<\/h4>\n<p>12\u00baC &#8211; 15\u00baC<\/p>\n<\/div>\n<\/div>\n<div class=\"item\">\n<div class=\"icon-img\"><img decoding=\"async\" src=\"\/wp-content\/uploads\/2024\/01\/tempo-conservacao-icon.png\" alt=\"Tempo de Conserva\u00e7\u00e3o\" \/><\/div>\n<div class=\"carcateristica-description\">\n<h4>Garde<\/h4>\n<p>10 &#8211; 20 ans<\/p>\n<\/div>\n<\/div>\n<div class=\"item\">\n<div class=\"icon-img\"><img decoding=\"async\" src=\"\/wp-content\/uploads\/2024\/01\/producao-icon.png\" alt=\"Produ\u00e7\u00e3o\" \/><\/div>\n<div class=\"carcateristica-description\">\n<h4>No. de bouteilles<\/h4>\n<p>8500<\/p>\n<\/div>\n<\/div>\n<\/div>\n<h3>Notes de d\u00e9gustation<\/h3>\n<p>&#8211;<\/p>\n<h3>Vinification<\/h3>\n<p>: Dans des pressoirs avec pigeage au pied. \u00c9levage en barriques de bois.<\/p>\n<h3>Donn\u00e9es analytiques<\/h3>\n<p>Titre alcool\u00e9mique \u2013 19,6% vol; pH \u2013 3,60; Acidit\u00e9 totale \u2013 5,15 g\/l (acide tartrique).<\/p>\n<p><a class=\"btn-default\" href=\"mailto:enoturismo.reservas@quintadacorte.com?subject=Commandez Quinta da C\u00f4rte - LBV\">Commandez<\/a><\/p>                <\/div>\n                    <\/div>\n            <div data-id=\"tab-tb_flqz91-3\" class=\"tab-content tf_clear\" aria-hidden=\"true\">\n                            <div class=\"tb_text_wrap\">\n                    <div class=\"ficha-tecnica\"><a href=\"\/wp-content\/uploads\/2024\/02\/Quinta-da-Corte-Porto-LBV-2014_fiche-technique.pdf\" target=\"_blank\" rel=\"noopener\">Fiche Technique<\/a><\/div>\n<div class=\"caracteristicas-vinho\">\n<div class=\"item\">\n<div class=\"icon-img\"><img decoding=\"async\" src=\"\/wp-content\/uploads\/2024\/01\/castas-icon.png\" alt=\"castas\" \/><\/div>\n<div class=\"carcateristica-description\">\n<h4>Assemblage<\/h4>\n<p>M\u00e9lange de vieilles vignes<\/p>\n<\/div>\n<\/div>\n<div class=\"item\">\n<div class=\"icon-img\"><img decoding=\"async\" src=\"\/wp-content\/uploads\/2024\/01\/temperatura-icon.png\" alt=\"Temperatura de Servi\u00e7o\" \/><\/div>\n<div class=\"carcateristica-description\">\n<h4>Temp\u00e9rature de service<\/h4>\n<p>14\u00ba C<\/p>\n<\/div>\n<\/div>\n<div class=\"item\">\n<div class=\"icon-img\"><img decoding=\"async\" src=\"\/wp-content\/uploads\/2024\/01\/tempo-conservacao-icon.png\" alt=\"Tempo de Conserva\u00e7\u00e3o\" \/><\/div>\n<div class=\"carcateristica-description\">\n<h4>Garde<\/h4>\n<p>20 ans<\/p>\n<\/div>\n<\/div>\n<div class=\"item\">\n<div class=\"icon-img\"><img decoding=\"async\" src=\"\/wp-content\/uploads\/2024\/01\/producao-icon.png\" alt=\"Produ\u00e7\u00e3o\" \/><\/div>\n<div class=\"carcateristica-description\">\n<h4>No. de bouteilles<\/h4>\n<p>6000<\/p>\n<\/div>\n<\/div>\n<\/div>\n<h3>Notes de d\u00e9gustation<\/h3>\n<p>D\u2019une couleur rubis profond, ce LBV d\u00e9gage imm\u00e9diatement des ar\u00f4mes de fruits noirs frais comme la m\u00fbre, le cassis puis la cerise prend le relais. Il \u00e9voque une belle maturit\u00e9. La bouche d\u00e9veloppe des saveurs complexes marqu\u00e9es par le cacao et la menthe. Charnue, tr\u00e8s \u00e9quilibr\u00e9e, d\u2019une belle longueur, elle se d\u00e9ploie sur une structure \u00e9lanc\u00e9e avec de l\u2019\u00e9l\u00e9gance et un beau volume. Sa finale pleine et fruit\u00e9e, l\u00e9g\u00e8rement menthol\u00e9e ponctue cet ensemble d\u2019une grande coh\u00e9rence.<\/p>\n<h3>Vinification<\/h3>\n<p>Traditionnelles, elles s\u2019effectuent en \u00ab lagares \u00bb, avec pigeage au pied afin d\u2019extraire avec beaucoup de pr\u00e9cision les composants du raisin.<\/p>\n<h3>Donn\u00e9es analytiques<\/h3>\n<p>Alc \u2013 19,5% vol ; B\u00e9 \u2013 3,8\u00b0 B\u00e9 ; pH \u2013 3,51 ; AT \u2013 3,70g\/l H2SO4.<\/p>\n<p><a class=\"btn-default\" href=\"mailto:enoturismo.reservas@quintadacorte.com?subject=Commandez Quinta da C\u00f4rte - LBV\">Commandez<\/a><\/p>                <\/div>\n                    <\/div>\n    <\/div>\n<!-- \/module tab -->\n        <\/div>\n                        <\/div>\n        <\/div>\n                        <div  data-css_id=\"8l6u394\" data-lazy=\"1\" class=\"module_row themify_builder_row fullwidth tb_8l6u394 tf_w wow\" data-tf-animation=\"fadeIn\" data-tf-animation_delay=\"0.3\">\n                        <div class=\"row_inner col_align_middle tb_col_count_2 tf_box tf_rel\">\n                        <div  data-lazy=\"1\" class=\"module_column tb-column col3-1 tb_ozg0394 first\">\n                            <\/div>\n                    <div  data-lazy=\"1\" class=\"module_column tb-column col3-2 tb_v883394 last\">\n                            <\/div>\n                        <\/div>\n        <\/div>\n        <\/div>\n<!--\/themify_builder_content-->","protected":false},"excerpt":{"rendered":"","protected":false},"author":1,"featured_media":1511,"parent":2537,"menu_order":0,"comment_status":"closed","ping_status":"closed","template":"","meta":{"_acf_changed":false,"footnotes":""},"class_list":["post-2612","page","type-page","status-publish","has-post-thumbnail","hentry","has-post-title","has-post-date","has-post-category","has-post-tag","has-post-comment","has-post-author",""],"acf":[],"builder_content":"<h1> Porto Late Bottled Vintage (LBV) <\/h1>\n<img src=\"https:\/\/quintadacorte.com\/wp-content\/uploads\/2024\/01\/quinta-da-corte-LBV-min.png\" title=\"quinta-da-corte-LBV-min\" alt=\"quinta-da-corte-LBV-min\" srcset=\"https:\/\/quintadacorte.com\/wp-content\/uploads\/2024\/01\/quinta-da-corte-LBV-min.png 507w, https:\/\/quintadacorte.com\/wp-content\/uploads\/2024\/01\/quinta-da-corte-LBV-min-160x300.png 160w\" sizes=\"(max-width: 507px) 100vw, 507px\" \/>\n<ul><li><h4>2018<\/h4><a href=\"\/wp-content\/uploads\/2024\/03\/QC-LBV-2018-FR.pdf\" target=\"_blank\" rel=\"noopener\">Fiche Technique<\/a>\n<img src=\"\/wp-content\/uploads\/2024\/01\/castas-icon.png\" alt=\"castas\" \/>\n<h4>Assemblage<\/h4> <p>M\u00e9lange de vieilles vignes<\/p>\n<img src=\"\/wp-content\/uploads\/2024\/01\/temperatura-icon.png\" alt=\"Temperatura de Servi\u00e7o\" \/>\n<h4>Temp\u00e9rature de service<\/h4> <p>12\u00baC - 15\u00baC<\/p>\n<img src=\"\/wp-content\/uploads\/2024\/01\/tempo-conservacao-icon.png\" alt=\"Tempo de Conserva\u00e7\u00e3o\" \/>\n<h4>Garde<\/h4> <p>10 - 20 ans<\/p>\n<img src=\"\/wp-content\/uploads\/2024\/01\/producao-icon.png\" alt=\"Produ\u00e7\u00e3o\" \/>\n<h4>No. de bouteilles<\/h4> <p>6297<\/p>\n<h3>Notes de d\u00e9gustation<\/h3> <p>Couleur d'encre. Frais, fruit\u00e9 avec des ar\u00f4mes de chocolat et des notes subtiles de r\u00e9glisse et d'\u00e9pices. Ample, avec des tanins fermes et bien int\u00e9gr\u00e9s. Montre beaucoup d'\u00e9quilibre et d'\u00e9l\u00e9gance. Il peut \u00eatre appr\u00e9ci\u00e9 jeune.<\/p> <h3>Vinification<\/h3> <p>En \"lagares\" avec pigeage au pied. Maturation en vieux tonneaux de bois de chatagne.<\/p> <h3>Donn\u00e9es analytiques<\/h3> <p>Teneur en alcool - 19,5% vol.; PH - 3,77; Acidit\u00e9 Total 4,8 g\/l (acide tartrique).<\/p> <p><a href=\"mailto:enoturismo.reservas@quintadacorte.com?subject=Commandez Quinta da C\u00f4rte - LBV\">Commandez<\/a><\/p><\/li><li><h4>2016<\/h4><a href=\"\/wp-content\/uploads\/2024\/02\/Quinta-da-Corte-Porto-LBV-2016_fiche-technique.pdf\" target=\"_blank\" rel=\"noopener\">Fiche Technique<\/a>\n<img src=\"\/wp-content\/uploads\/2024\/01\/castas-icon.png\" alt=\"castas\" \/>\n<h4>Assemblage<\/h4> <p>M\u00e9lange de vieilles vignes<\/p>\n<img src=\"\/wp-content\/uploads\/2024\/01\/temperatura-icon.png\" alt=\"Temperatura de Servi\u00e7o\" \/>\n<h4>Temp\u00e9rature de service<\/h4> <p>12\u00baC - 15\u00baC<\/p>\n<img src=\"\/wp-content\/uploads\/2024\/01\/tempo-conservacao-icon.png\" alt=\"Tempo de Conserva\u00e7\u00e3o\" \/>\n<h4>Garde<\/h4> <p>Plus de 20 ans<\/p>\n<img src=\"\/wp-content\/uploads\/2024\/01\/producao-icon.png\" alt=\"Produ\u00e7\u00e3o\" \/>\n<h4>No. de bouteilles<\/h4> <p>15200<\/p>\n<h3>Notes de d\u00e9gustation<\/h3> <p>Une couleur d'un rouge rubis profond. Des ar\u00f4mes frais, fruit\u00e9s et chocolat\u00e9s aux subtiles notes de r\u00e9glisse et d'\u00e9pices. Bien charpent\u00e9, ce vin d\u00e9voile des tanins bien pr\u00e9sents mais parfaitement fondus. Il affiche un bel \u00e9quilibre et une grande finesse. Peut \u00eatre d\u00e9gust\u00e9 jeune. Parfait sur un dessert au chocolat, des fromages doux, des amandes et des ch\u00e2taignes.<\/p> <h3>Vinification<\/h3> <p>Dans des pressoirs avec pigeage au pied. \u00c9levage en barriques de bois.<\/p> <h3>Donn\u00e9es analytiques<\/h3> <p>Titre alcool\u00e9mique \u2013 19,5% vol.; pH \u2013 3,60; B\u00e9 \u2013 3,6; Acidit\u00e9 totale \u2013 4,70 g\/l (acide tartrique).<\/p> <p><a href=\"mailto:enoturismo.reservas@quintadacorte.com?subject=Commandez Quinta da C\u00f4rte - LBV\">Commandez<\/a><\/p> <\/li><li><h4>2015<\/h4><a href=\"\/wp-content\/uploads\/2024\/02\/Quinta-da-Corte-Porto-LBV-2015_fiche-technique.pdf\" target=\"_blank\" rel=\"noopener\">Fiche Technique<\/a>\n<img src=\"\/wp-content\/uploads\/2024\/01\/castas-icon.png\" alt=\"castas\" \/>\n<h4>Assemblage<\/h4> <p>M\u00e9lange de vieilles vignes<\/p>\n<img src=\"\/wp-content\/uploads\/2024\/01\/temperatura-icon.png\" alt=\"Temperatura de Servi\u00e7o\" \/>\n<h4>Temp\u00e9rature de service<\/h4> <p>12\u00baC - 15\u00baC<\/p>\n<img src=\"\/wp-content\/uploads\/2024\/01\/tempo-conservacao-icon.png\" alt=\"Tempo de Conserva\u00e7\u00e3o\" \/>\n<h4>Garde<\/h4> <p>10 - 20 ans<\/p>\n<img src=\"\/wp-content\/uploads\/2024\/01\/producao-icon.png\" alt=\"Produ\u00e7\u00e3o\" \/>\n<h4>No. de bouteilles<\/h4> <p>8500<\/p>\n<h3>Notes de d\u00e9gustation<\/h3> <p>-<\/p> <h3>Vinification<\/h3> <p>: Dans des pressoirs avec pigeage au pied. \u00c9levage en barriques de bois.<\/p> <h3>Donn\u00e9es analytiques<\/h3> <p>Titre alcool\u00e9mique \u2013 19,6% vol; pH \u2013 3,60; Acidit\u00e9 totale \u2013 5,15 g\/l (acide tartrique).<\/p> <p><a href=\"mailto:enoturismo.reservas@quintadacorte.com?subject=Commandez Quinta da C\u00f4rte - LBV\">Commandez<\/a><\/p><\/li><li><h4>2014<\/h4><a href=\"\/wp-content\/uploads\/2024\/02\/Quinta-da-Corte-Porto-LBV-2014_fiche-technique.pdf\" target=\"_blank\" rel=\"noopener\">Fiche Technique<\/a>\n<img src=\"\/wp-content\/uploads\/2024\/01\/castas-icon.png\" alt=\"castas\" \/>\n<h4>Assemblage<\/h4> <p>M\u00e9lange de vieilles vignes<\/p>\n<img src=\"\/wp-content\/uploads\/2024\/01\/temperatura-icon.png\" alt=\"Temperatura de Servi\u00e7o\" \/>\n<h4>Temp\u00e9rature de service<\/h4> <p>14\u00ba C<\/p>\n<img src=\"\/wp-content\/uploads\/2024\/01\/tempo-conservacao-icon.png\" alt=\"Tempo de Conserva\u00e7\u00e3o\" \/>\n<h4>Garde<\/h4> <p>20 ans<\/p>\n<img src=\"\/wp-content\/uploads\/2024\/01\/producao-icon.png\" alt=\"Produ\u00e7\u00e3o\" \/>\n<h4>No. de bouteilles<\/h4> <p>6000<\/p>\n<h3>Notes de d\u00e9gustation<\/h3> <p>D\u2019une couleur rubis profond, ce LBV d\u00e9gage imm\u00e9diatement des ar\u00f4mes de fruits noirs frais comme la m\u00fbre, le cassis puis la cerise prend le relais. Il \u00e9voque une belle maturit\u00e9. La bouche d\u00e9veloppe des saveurs complexes marqu\u00e9es par le cacao et la menthe. Charnue, tr\u00e8s \u00e9quilibr\u00e9e, d\u2019une belle longueur, elle se d\u00e9ploie sur une structure \u00e9lanc\u00e9e avec de l\u2019\u00e9l\u00e9gance et un beau volume. Sa finale pleine et fruit\u00e9e, l\u00e9g\u00e8rement menthol\u00e9e ponctue cet ensemble d\u2019une grande coh\u00e9rence.<\/p> <h3>Vinification<\/h3> <p>Traditionnelles, elles s\u2019effectuent en \u00ab lagares \u00bb, avec pigeage au pied afin d\u2019extraire avec beaucoup de pr\u00e9cision les composants du raisin.<\/p> <h3>Donn\u00e9es analytiques<\/h3> <p>Alc \u2013 19,5% vol ; B\u00e9 \u2013 3,8\u00b0 B\u00e9 ; pH \u2013 3,51 ; AT \u2013 3,70g\/l H2SO4.<\/p> <p><a href=\"mailto:enoturismo.reservas@quintadacorte.com?subject=Commandez Quinta da C\u00f4rte - LBV\">Commandez<\/a><\/p><\/li><\/ul>","post_mailing_queue_ids":[],"_links":{"self":[{"href":"https:\/\/quintadacorte.com\/fr\/wp-json\/wp\/v2\/pages\/2612","targetHints":{"allow":["GET"]}}],"collection":[{"href":"https:\/\/quintadacorte.com\/fr\/wp-json\/wp\/v2\/pages"}],"about":[{"href":"https:\/\/quintadacorte.com\/fr\/wp-json\/wp\/v2\/types\/page"}],"author":[{"embeddable":true,"href":"https:\/\/quintadacorte.com\/fr\/wp-json\/wp\/v2\/users\/1"}],"replies":[{"embeddable":true,"href":"https:\/\/quintadacorte.com\/fr\/wp-json\/wp\/v2\/comments?post=2612"}],"version-history":[{"count":6,"href":"https:\/\/quintadacorte.com\/fr\/wp-json\/wp\/v2\/pages\/2612\/revisions"}],"predecessor-version":[{"id":3111,"href":"https:\/\/quintadacorte.com\/fr\/wp-json\/wp\/v2\/pages\/2612\/revisions\/3111"}],"up":[{"embeddable":true,"href":"https:\/\/quintadacorte.com\/fr\/wp-json\/wp\/v2\/pages\/2537"}],"wp:featuredmedia":[{"embeddable":true,"href":"https:\/\/quintadacorte.com\/fr\/wp-json\/wp\/v2\/media\/1511"}],"wp:attachment":[{"href":"https:\/\/quintadacorte.com\/fr\/wp-json\/wp\/v2\/media?parent=2612"}],"curies":[{"name":"wp","href":"https:\/\/api.w.org\/{rel}","templated":true}]}}