{"id":3206,"date":"2024-07-31T16:37:39","date_gmt":"2024-07-31T16:37:39","guid":{"rendered":"https:\/\/quintadacorte.com\/?page_id=3206"},"modified":"2024-08-01T10:32:03","modified_gmt":"2024-08-01T10:32:03","slug":"politique-en-matiere-de-cookies","status":"publish","type":"page","link":"https:\/\/quintadacorte.com\/fr\/politique-en-matiere-de-cookies\/","title":{"rendered":"Politique en mati\u00e8re de cookies"},"content":{"rendered":"<!--themify_builder_content-->\n<div id=\"themify_builder_content-3206\" data-postid=\"3206\" class=\"themify_builder_content themify_builder_content-3206 themify_builder tf_clear\">\n                    <div  data-lazy=\"1\" class=\"module_row themify_builder_row tb_28eu799 tb_first tf_w\">\n                        <div class=\"row_inner col_align_top tb_col_count_1 tf_box tf_rel\">\n                        <div  data-lazy=\"1\" class=\"module_column tb-column col-full tb_7i4k799 first\">\n                    <!-- module plain text -->\n<div  class=\"module module-plain-text tb_a2tn799 politica-privacidade\" data-lazy=\"1\">\n        <div class=\"tb_text_wrap\">\n    <h1>Politique en mati\u00e8re de cookies<\/h1>\n<p>La pr\u00e9sente politique en mati\u00e8re de cookies doit \u00eatre lue conjointement avec notre politique de confidentialit\u00e9.<\/p>\n<p>Afin de faciliter la navigation sur le site internet <a href=\"https:\/\/quintadacorte.com\">quintadacorte.com<\/a> (d\u00e9sign\u00e9 ci-apr\u00e8s le \u00ab site internet \u00bb) Pacheco &#038; Irm\u00e3os Lda personne morale n\u00b0 503 226 696 sise \u00e0 Quinta da C\u00f4rte 5120-491 Valen\u00e7a do Douro (d\u00e9sign\u00e9e ci-apr\u00e8s \u00ab Quinta da C\u00f4rte \u00bb) en tant que propri\u00e9taire dudit site internet vous informe qu&rsquo;elle utilise des cookies ou d&rsquo;autres dispositifs de stockage et de collecte de donn\u00e9es ayant une fonctionnalit\u00e9 similaire (d\u00e9sign\u00e9s ci-apr\u00e8s \u00ab cookies \u00bb).<\/p>\n<p>\u00c0 cette fin et pour garantir \u00e0 l&rsquo;utilisateur toutes les informations n\u00e9cessaires \u00e0 une bonne navigation nous fournissons \u00e0 l&rsquo;utilisateur le texte suivant l&rsquo;informant sur ce que sont les cookies sur le type de cookies utilis\u00e9s sur notre site internet et sur la mani\u00e8re dont ils peuvent \u00eatre configur\u00e9s ou d\u00e9sactiv\u00e9s.<\/p>\n<p>Si vous avez des questions concernant notre politique en mati\u00e8re de cookies vous pouvez nous contacter \u00e0 l&rsquo;adresse e-mail suivante : info@quintadacorte.com<\/p>\n\n<h3>Qu&rsquo;est-ce qu&rsquo;un cookie ?<\/h3>\n<p>Les cookies sont des fichiers contenant de petites quantit\u00e9s d&rsquo;informations qui sont t\u00e9l\u00e9charg\u00e9s sur le dispositif de l&rsquo;utilisateur lorsqu&rsquo;il visite une page internet et qui permettent d&rsquo;identifier le dispositif d&rsquo;acc\u00e8s ainsi que les pages et les \u00e9l\u00e9ments consult\u00e9s dans le but d&rsquo;offrir une meilleure exp\u00e9rience de navigation.<\/p>\n<p>Les cookies sont essentiels au fonctionnement d&rsquo;Internet car ils offrent des solutions techniques qui permettent \u00e0 l&rsquo;utilisateur de naviguer sur les diff\u00e9rents sites internet. Ils ne peuvent pas endommager l&rsquo;\u00e9quipement\/le dispositif de l&rsquo;utilisateur et peuvent \u00eatre utilis\u00e9s pour identifier et r\u00e9soudre d&rsquo;\u00e9ventuelles erreurs de fonctionnement de la plateforme. Ils peuvent \u00e9galement \u00eatre utilis\u00e9s \u00e0 des fins publicitaires ou analytiques.<\/p>\n<p>Les cookies utilis\u00e9s sur le site internet ne collectent pas d&rsquo;informations personnelles permettant d&rsquo;identifier l&rsquo;utilisateur. Ils ne stockent que des informations g\u00e9n\u00e9riques notamment la mani\u00e8re ou le lieu\/pays dans lequel l&rsquo;utilisateur acc\u00e8de au site internet et la fa\u00e7on dont il l&rsquo;utilise.<\/p>\n\n<h3>Utilisation des cookies<\/h3>\n<p>Nous utilisons en particulier des cookies que nous d\u00e9finissons &#8211; appel\u00e9s cookies primaires &#8211; g\u00e9n\u00e9r\u00e9s directement par ce domaine et des cookies de tiers &#8211; qui sont des cookies d&rsquo;un domaine diff\u00e9rent g\u00e9n\u00e9r\u00e9s \u00e0 partir d&rsquo;autres sites internet appartenant \u00e0 des entreprises tierces &#8211; pour nos initiatives de publicit\u00e9 et de marketing.<\/p>\n<p>Plus pr\u00e9cis\u00e9ment nous utilisons des cookies et d&rsquo;autres technologies de localisation aux fins suivantes :<\/p>\n\n<h3>Cookies n\u00e9cessaires<\/h3>\n<p>Ces cookies sont n\u00e9cessaires au fonctionnement du site internet. Ils permettent \u00e0 l&rsquo;utilisateur de naviguer sur le site et d&rsquo;utiliser les diff\u00e9rents services ou options qui y sont propos\u00e9s comme par exemple le contr\u00f4le du trafic et de la communication des donn\u00e9es l&rsquo;identification de la session l&rsquo;utilisation d&rsquo;\u00e9l\u00e9ments de s\u00e9curit\u00e9 pendant la navigation.<\/p>\n<p>Nous n&rsquo;avons pas besoin de votre consentement pour installer ces cookies sur votre dispositif et leur utilisation est bas\u00e9e sur le besoin de fournir les services demand\u00e9s. Vous pouvez configurer votre navigateur pour d\u00e9sactiver ou bloquer tous les cookies mais certains des utilitaires disponibles sur le site internet ne fonctionneront pas.<\/p>\n\n<table class=\"tabela\">\n    <thead>\n        <tr>\n            <th>Sous-groupe des cookies<\/th>\n            <th>Cookies<\/th>\n            <th>Type<\/th>\n            <th>Dur\u00e9e<\/th>\n        <\/tr>\n    <\/thead>\n    <tbody>\n        <tr>\n            <td>quintadacorte.com<\/td>\n            <td>_wpfuuid<\/td>\n            <td>Propres<\/td>\n            <td>1 an<\/td>\n        <\/tr>\n        <tr>\n            <td>quintadacorte.com<\/td>\n            <td>laravel_session<\/td>\n            <td>Propres<\/td>\n            <td>1 mois<\/td>\n        <\/tr>\n        <tr>\n            <td>quintadacorte.com<\/td>\n            <td>wp-wpml_current_language<\/td>\n            <td>Propres<\/td>\n            <td>Session<\/td>\n        <\/tr>\n    <\/tbody>\n<\/table>\n\n<h3>Cookies analytiques<\/h3>\n<p>Ces cookies collectent des informations sur la mani\u00e8re dont les visiteurs utilisent le site internet. La fonction de ces cookies est d&rsquo;obtenir des statistiques et des rapports nous permettant de mesurer et d&rsquo;am\u00e9liorer la performance de notre site internet. Ils nous aident par exemple \u00e0 savoir quelles sont les pages les plus et les moins populaires si les visiteurs re\u00e7oivent des messages d&rsquo;erreur de pages internet ou sur quels boutons du site internet ils cliquent. Toutes les informations collect\u00e9es par ces cookies sont regroup\u00e9es et donc anonymes.<\/p>\n<p>Ces cookies ne sont install\u00e9s sur le dispositif de l&rsquo;utilisateur que lorsque ce dernier les accepte.<\/p>\n\n<table class=\"tabela\">\n    <thead>\n        <tr>\n            <th>Sous-groupe des cookies<\/th>\n            <th>Cookies<\/th>\n            <th>Type<\/th>\n            <th>Dur\u00e9e<\/th>\n        <\/tr>\n    <\/thead>\n    <tbody>\n        <tr>\n            <td>quintadacorte.com<\/td>\n            <td>_ga<\/td>\n            <td>Propres<\/td>\n            <td>1 an 9 mois et 30 jours<\/td>\n        <\/tr>\n        <tr>\n            <td>quintadacorte.com<\/td>\n            <td>_gaPVVQ8TENFS<\/td>\n            <td>Propres<\/td>\n            <td>1 an 9 mois et 30 jours<\/td>\n        <\/tr>\n    <\/tbody>\n<\/table>\n\n<p>Le site internet peut utiliser des services de fournisseurs externes (tels que des vid\u00e9os de YouTube officiel ou des plug-ins et d&rsquo;autres pilotes et outils du site) qui peuvent collecter des informations sur la navigation de l&rsquo;utilisateur sur les pages internet. Lorsque de la visite des publications avec des contenus tels que ceux susmentionn\u00e9s des cookies provenant de ces sites internet peuvent \u00eatre cr\u00e9\u00e9s. Nous n&rsquo;avons aucun contr\u00f4le sur la diffusion de ces cookies.<\/p>\n<p>L&rsquo;utilisateur peut bloquer ou supprimer tous les cookies ainsi que les g\u00e9rer de mani\u00e8re personnalis\u00e9e via le menu Param\u00e8tres de son navigateur.<\/p>\n\n<h3>Gestion des cookies<\/h3>\n<p>Vous pouvez accepter refuser ou configurer vos pr\u00e9f\u00e9rences en mati\u00e8re de cookies via notre avis sur les cookies. Une fois les param\u00e8tres s\u00e9lectionn\u00e9s vous pouvez \u00e0 tout moment modifier ou d\u00e9sactiver une partie ou la totalit\u00e9 des cookies \u00e0 l&rsquo;exception des cookies n\u00e9cessaires (dont la d\u00e9sactivation pourrait invalider les fonctionnalit\u00e9s de base du site internet).<\/p>\n<p>La plupart des navigateurs internet (browers) permettent \u00e9galement \u00e0 l&rsquo;utilisateur de contr\u00f4ler les cookies stock\u00e9s sur son dispositif ainsi que leur suppression imm\u00e9diate si l&rsquo;utilisateur souhaite ne plus autoriser le stockage local de cookies par le biais des outils de configuration de son navigateur (browers).<\/p>\n<p>Pour ce faire l&rsquo;utilisateur doit suivre les instructions suivantes :<\/p>\n\n<h3>Param\u00e8tres des cookies dans Microsoft Edge &#8211; D\u00e9sactivation des cookies<\/h3>\n<ul>\n    <li>Cliquer sur le menu \u00ab Outils \u00bb et choisir \u00ab Options Internet \u00bb ;<\/li>\n    <li>S\u00e9lectionner l&rsquo;onglet \u00ab Confidentialit\u00e9 \u00bb ;<\/li>\n    <li>D\u00e9placez la barre vers le haut o\u00f9 appara\u00eet l&rsquo;option \u00ab Bloquer tous les cookies \u00bb.<\/li>\n<\/ul>\n<p>Note : il existe diff\u00e9rents niveaux d&rsquo;activation et de d\u00e9sactivation des cookies sur Internet Explorer. Pour plus d&rsquo;informations sur les param\u00e8tres des cookies d&rsquo;Internet Explorer l&rsquo;utilisateur devra consulter la page suivante de Microsoft :<\/p>\n<p><a href=\"https:\/\/support.microsoft.com\/pt-pt\/help\/17442\/windows-internet-explorer-delete-manage-cookies\">https:\/\/support.microsoft.com\/pt-pt\/help\/17442\/windows-internet-explorer-delete-manage-cookies<\/a><\/p>\n\n<h3>Param\u00e8tres des cookies dans Chrome &#8211; D\u00e9sactivation des cookies<\/h3>\n<ul>\n    <li>Cliquer sur le menu Chrome dans la barre d&rsquo;outils du navigateur.<\/li>\n    <li>S\u00e9lectionner \u00ab Param\u00e8tres \u00bb.<\/li>\n    <li>Dans la section \u00ab Confidentialit\u00e9 et s\u00e9curit\u00e9 \u00bb cliquer sur \u00ab Cookies et autres donn\u00e9es de sites \u00bb ;<\/li>\n    <li>S\u00e9lectionner l&rsquo;une des options suivantes : \u00ab Bloquer tous les cookies \u00bb \u00ab Bloquer les cookies tiers \u00bb ou \u00ab Bloquer les cookies tiers en mode navigation priv\u00e9e \u00bb.<\/li>\n<\/ul>\n<p>L&rsquo;utilisateur peut modifier les param\u00e8tres des cookies suivants dans la section \u00ab Cookies \u00bb :<\/p>\n<ul>\n    <li>Supprimer les cookies<\/li>\n    <li>Bloquer les cookies par d\u00e9finition<\/li>\n    <li>Autoriser les cookies par d\u00e9finition<\/li>\n    <li>Conserver les cookies et les donn\u00e9es du site web par d\u00e9faut jusqu&rsquo;\u00e0 la fermeture du navigateur internet (browser)<\/li>\n    <li>Cr\u00e9er des exceptions pour les cookies provenant de sites web ou de domaines sp\u00e9cifiques<\/li>\n<\/ul>\n<p>Note : il existe diff\u00e9rents niveaux d&rsquo;activation et de d\u00e9sactivation des cookies dans Google Chrome. Pour plus d&rsquo;informations sur la configuration des cookies dans Google Chrome l&rsquo;utilisateur peut consulter :<\/p>\n<p><a href=\"https:\/\/support.google.com\/chrome\/answer\/95647?hl=pt&#038;topic=14666&#038;ctx=topic\">https:\/\/support.google.com\/chrome\/answer\/95647?hl=pt&#038;topic=14666&#038;ctx=topic<\/a><\/p>\n\n<h3>Param\u00e8tres des cookies dans Mozilla Firefox &#8211; D\u00e9sactivation des cookies<\/h3>\n<ul>\n    <li>Cliquer sur le menu \u00ab Outils \u00bb ;<\/li>\n    <li>S\u00e9lectionnez \u00ab Options \u00bb ;<\/li>\n    <li>Cliquez sur l&rsquo;ic\u00f4ne \u00ab Vie priv\u00e9e \u00bb dans le panneau sup\u00e9rieur ;<\/li>\n    <li>Dans la section \u00ab Cookies \u00bb d\u00e9sactiver l&rsquo;option \u00ab Accepter les cookies des sites \u00bb ;<\/li>\n    <li>Cliquer sur \u00ab OK \u00bb pour enregistrer les modifications et fermer.<\/li>\n<\/ul>\n<p>Note : il existe diff\u00e9rents niveaux d&rsquo;activation et de d\u00e9sactivation des cookies dans Mozilla Firefox. Pour plus d&rsquo;informations sur la configuration des cookies dans Mozilla Firefox l&rsquo;utilisateur peut consulter :<\/p>\n<p><a href=\"https:\/\/support.mozilla.org\/fr\/kb\/cookies-informations-sites-enregistrent\">https:\/\/support.mozilla.org\/fr\/kb\/cookies-informations-sites-enregistrent<\/a><\/p>\n\n<h3>Param\u00e8tres des cookies dans Safari Web et iOS &#8211; D\u00e9sactivation des cookies<\/h3>\n<ul>\n    <li>Cliquer sur \u00ab Modifier \u00bb ;<\/li>\n    <li>S\u00e9lectionner \u00ab Pr\u00e9f\u00e9rences \u00bb ;<\/li>\n    <li>Dans le panneau sup\u00e9rieur s\u00e9lectionnez l&rsquo;ic\u00f4ne \u00ab Confidentialit\u00e9 \u00bb ;<\/li>\n    <li>Dans la section \u00ab Accepter les cookies \u00bb s\u00e9lectionner \u00ab Jamais \u00bb.<\/li>\n<\/ul>\n<p>Note : il existe diff\u00e9rents niveaux d&rsquo;activation et de d\u00e9sactivation des cookies dans Safari. Pour plus d&rsquo;informations sur la configuration des cookies dans Safari l&rsquo;utilisateur peut consulter :<\/p>\n<p><a href=\"https:\/\/support.apple.com\/pt-pt\/HT201265\">https:\/\/support.apple.com\/pt-pt\/HT201265<\/a><\/p>\n\n<h3>Autres navigateurs internet (browers)<\/h3>\n<p>Si vous utilisez un navigateur autre que ceux susmentionn\u00e9s recherchez dans le menu \u00ab aide \u00bb de votre navigateur internet la fonction permettant de supprimer les donn\u00e9es des cookies.<\/p>\n<p>Note : en d\u00e9sactivant les cookies le site internet risque de ne pas fonctionner correctement.<\/p>\n\n<h3>Modifications de la politique en mati\u00e8re de cookies<\/h3>\n<p>Nous pouvons \u00e0 tout moment apporter des ajustements ou des modifications \u00e0 la pr\u00e9sente politique en mati\u00e8re de cookies et ces modifications seront publi\u00e9es de mani\u00e8re appropri\u00e9e sur le site internet.<\/p>\n\n<p>Date de la derni\u00e8re mise \u00e0 jour : 01\/07\/2024<\/p>    <\/div>\n<\/div>\n<!-- \/module plain text -->        <\/div>\n                        <\/div>\n        <\/div>\n        <\/div>\n<!--\/themify_builder_content-->","protected":false},"excerpt":{"rendered":"","protected":false},"author":1,"featured_media":0,"parent":0,"menu_order":0,"comment_status":"closed","ping_status":"closed","template":"","meta":{"_acf_changed":false,"footnotes":""},"class_list":["post-3206","page","type-page","status-publish","hentry","has-post-title","has-post-date","has-post-category","has-post-tag","has-post-comment","has-post-author",""],"acf":[],"builder_content":"<h1>Politique en mati\u00e8re de cookies<\/h1> <p>La pr\u00e9sente politique en mati\u00e8re de cookies doit \u00eatre lue conjointement avec notre politique de confidentialit\u00e9.<\/p> <p>Afin de faciliter la navigation sur le site internet <a href=\"https:\/\/quintadacorte.com\">quintadacorte.com<\/a> (d\u00e9sign\u00e9 ci-apr\u00e8s le \u00ab site internet \u00bb) Pacheco & Irm\u00e3os Lda personne morale n\u00b0 503 226 696 sise \u00e0 Quinta da C\u00f4rte 5120-491 Valen\u00e7a do Douro (d\u00e9sign\u00e9e ci-apr\u00e8s \u00ab Quinta da C\u00f4rte \u00bb) en tant que propri\u00e9taire dudit site internet vous informe qu'elle utilise des cookies ou d'autres dispositifs de stockage et de collecte de donn\u00e9es ayant une fonctionnalit\u00e9 similaire (d\u00e9sign\u00e9s ci-apr\u00e8s \u00ab cookies \u00bb).<\/p> <p>\u00c0 cette fin et pour garantir \u00e0 l'utilisateur toutes les informations n\u00e9cessaires \u00e0 une bonne navigation nous fournissons \u00e0 l'utilisateur le texte suivant l'informant sur ce que sont les cookies sur le type de cookies utilis\u00e9s sur notre site internet et sur la mani\u00e8re dont ils peuvent \u00eatre configur\u00e9s ou d\u00e9sactiv\u00e9s.<\/p> <p>Si vous avez des questions concernant notre politique en mati\u00e8re de cookies vous pouvez nous contacter \u00e0 l'adresse e-mail suivante : info@quintadacorte.com<\/p>\n<h3>Qu'est-ce qu'un cookie ?<\/h3> <p>Les cookies sont des fichiers contenant de petites quantit\u00e9s d'informations qui sont t\u00e9l\u00e9charg\u00e9s sur le dispositif de l'utilisateur lorsqu'il visite une page internet et qui permettent d'identifier le dispositif d'acc\u00e8s ainsi que les pages et les \u00e9l\u00e9ments consult\u00e9s dans le but d'offrir une meilleure exp\u00e9rience de navigation.<\/p> <p>Les cookies sont essentiels au fonctionnement d'Internet car ils offrent des solutions techniques qui permettent \u00e0 l'utilisateur de naviguer sur les diff\u00e9rents sites internet. Ils ne peuvent pas endommager l'\u00e9quipement\/le dispositif de l'utilisateur et peuvent \u00eatre utilis\u00e9s pour identifier et r\u00e9soudre d'\u00e9ventuelles erreurs de fonctionnement de la plateforme. Ils peuvent \u00e9galement \u00eatre utilis\u00e9s \u00e0 des fins publicitaires ou analytiques.<\/p> <p>Les cookies utilis\u00e9s sur le site internet ne collectent pas d'informations personnelles permettant d'identifier l'utilisateur. Ils ne stockent que des informations g\u00e9n\u00e9riques notamment la mani\u00e8re ou le lieu\/pays dans lequel l'utilisateur acc\u00e8de au site internet et la fa\u00e7on dont il l'utilise.<\/p>\n<h3>Utilisation des cookies<\/h3> <p>Nous utilisons en particulier des cookies que nous d\u00e9finissons - appel\u00e9s cookies primaires - g\u00e9n\u00e9r\u00e9s directement par ce domaine et des cookies de tiers - qui sont des cookies d'un domaine diff\u00e9rent g\u00e9n\u00e9r\u00e9s \u00e0 partir d'autres sites internet appartenant \u00e0 des entreprises tierces - pour nos initiatives de publicit\u00e9 et de marketing.<\/p> <p>Plus pr\u00e9cis\u00e9ment nous utilisons des cookies et d'autres technologies de localisation aux fins suivantes :<\/p>\n<h3>Cookies n\u00e9cessaires<\/h3> <p>Ces cookies sont n\u00e9cessaires au fonctionnement du site internet. Ils permettent \u00e0 l'utilisateur de naviguer sur le site et d'utiliser les diff\u00e9rents services ou options qui y sont propos\u00e9s comme par exemple le contr\u00f4le du trafic et de la communication des donn\u00e9es l'identification de la session l'utilisation d'\u00e9l\u00e9ments de s\u00e9curit\u00e9 pendant la navigation.<\/p> <p>Nous n'avons pas besoin de votre consentement pour installer ces cookies sur votre dispositif et leur utilisation est bas\u00e9e sur le besoin de fournir les services demand\u00e9s. Vous pouvez configurer votre navigateur pour d\u00e9sactiver ou bloquer tous les cookies mais certains des utilitaires disponibles sur le site internet ne fonctionneront pas.<\/p>\n<table> <thead> <tr> <th>Sous-groupe des cookies<\/th> <th>Cookies<\/th> <th>Type<\/th> <th>Dur\u00e9e<\/th> <\/tr> <\/thead> <tbody> <tr> <td>quintadacorte.com<\/td> <td>_wpfuuid<\/td> <td>Propres<\/td> <td>1 an<\/td> <\/tr> <tr> <td>quintadacorte.com<\/td> <td>laravel_session<\/td> <td>Propres<\/td> <td>1 mois<\/td> <\/tr> <tr> <td>quintadacorte.com<\/td> <td>wp-wpml_current_language<\/td> <td>Propres<\/td> <td>Session<\/td> <\/tr> <\/tbody> <\/table>\n<h3>Cookies analytiques<\/h3> <p>Ces cookies collectent des informations sur la mani\u00e8re dont les visiteurs utilisent le site internet. La fonction de ces cookies est d'obtenir des statistiques et des rapports nous permettant de mesurer et d'am\u00e9liorer la performance de notre site internet. Ils nous aident par exemple \u00e0 savoir quelles sont les pages les plus et les moins populaires si les visiteurs re\u00e7oivent des messages d'erreur de pages internet ou sur quels boutons du site internet ils cliquent. Toutes les informations collect\u00e9es par ces cookies sont regroup\u00e9es et donc anonymes.<\/p> <p>Ces cookies ne sont install\u00e9s sur le dispositif de l'utilisateur que lorsque ce dernier les accepte.<\/p>\n<table> <thead> <tr> <th>Sous-groupe des cookies<\/th> <th>Cookies<\/th> <th>Type<\/th> <th>Dur\u00e9e<\/th> <\/tr> <\/thead> <tbody> <tr> <td>quintadacorte.com<\/td> <td>_ga<\/td> <td>Propres<\/td> <td>1 an 9 mois et 30 jours<\/td> <\/tr> <tr> <td>quintadacorte.com<\/td> <td>_gaPVVQ8TENFS<\/td> <td>Propres<\/td> <td>1 an 9 mois et 30 jours<\/td> <\/tr> <\/tbody> <\/table>\n<p>Le site internet peut utiliser des services de fournisseurs externes (tels que des vid\u00e9os de YouTube officiel ou des plug-ins et d'autres pilotes et outils du site) qui peuvent collecter des informations sur la navigation de l'utilisateur sur les pages internet. Lorsque de la visite des publications avec des contenus tels que ceux susmentionn\u00e9s des cookies provenant de ces sites internet peuvent \u00eatre cr\u00e9\u00e9s. Nous n'avons aucun contr\u00f4le sur la diffusion de ces cookies.<\/p> <p>L'utilisateur peut bloquer ou supprimer tous les cookies ainsi que les g\u00e9rer de mani\u00e8re personnalis\u00e9e via le menu Param\u00e8tres de son navigateur.<\/p>\n<h3>Gestion des cookies<\/h3> <p>Vous pouvez accepter refuser ou configurer vos pr\u00e9f\u00e9rences en mati\u00e8re de cookies via notre avis sur les cookies. Une fois les param\u00e8tres s\u00e9lectionn\u00e9s vous pouvez \u00e0 tout moment modifier ou d\u00e9sactiver une partie ou la totalit\u00e9 des cookies \u00e0 l'exception des cookies n\u00e9cessaires (dont la d\u00e9sactivation pourrait invalider les fonctionnalit\u00e9s de base du site internet).<\/p> <p>La plupart des navigateurs internet (browers) permettent \u00e9galement \u00e0 l'utilisateur de contr\u00f4ler les cookies stock\u00e9s sur son dispositif ainsi que leur suppression imm\u00e9diate si l'utilisateur souhaite ne plus autoriser le stockage local de cookies par le biais des outils de configuration de son navigateur (browers).<\/p> <p>Pour ce faire l'utilisateur doit suivre les instructions suivantes :<\/p>\n<h3>Param\u00e8tres des cookies dans Microsoft Edge - D\u00e9sactivation des cookies<\/h3> <ul> <li>Cliquer sur le menu \u00ab Outils \u00bb et choisir \u00ab Options Internet \u00bb ;<\/li> <li>S\u00e9lectionner l'onglet \u00ab Confidentialit\u00e9 \u00bb ;<\/li> <li>D\u00e9placez la barre vers le haut o\u00f9 appara\u00eet l'option \u00ab Bloquer tous les cookies \u00bb.<\/li> <\/ul> <p>Note : il existe diff\u00e9rents niveaux d'activation et de d\u00e9sactivation des cookies sur Internet Explorer. Pour plus d'informations sur les param\u00e8tres des cookies d'Internet Explorer l'utilisateur devra consulter la page suivante de Microsoft :<\/p> <p><a href=\"https:\/\/support.microsoft.com\/pt-pt\/help\/17442\/windows-internet-explorer-delete-manage-cookies\">https:\/\/support.microsoft.com\/pt-pt\/help\/17442\/windows-internet-explorer-delete-manage-cookies<\/a><\/p>\n<h3>Param\u00e8tres des cookies dans Chrome - D\u00e9sactivation des cookies<\/h3> <ul> <li>Cliquer sur le menu Chrome dans la barre d'outils du navigateur.<\/li> <li>S\u00e9lectionner \u00ab Param\u00e8tres \u00bb.<\/li> <li>Dans la section \u00ab Confidentialit\u00e9 et s\u00e9curit\u00e9 \u00bb cliquer sur \u00ab Cookies et autres donn\u00e9es de sites \u00bb ;<\/li> <li>S\u00e9lectionner l'une des options suivantes : \u00ab Bloquer tous les cookies \u00bb \u00ab Bloquer les cookies tiers \u00bb ou \u00ab Bloquer les cookies tiers en mode navigation priv\u00e9e \u00bb.<\/li> <\/ul> <p>L'utilisateur peut modifier les param\u00e8tres des cookies suivants dans la section \u00ab Cookies \u00bb :<\/p> <ul> <li>Supprimer les cookies<\/li> <li>Bloquer les cookies par d\u00e9finition<\/li> <li>Autoriser les cookies par d\u00e9finition<\/li> <li>Conserver les cookies et les donn\u00e9es du site web par d\u00e9faut jusqu'\u00e0 la fermeture du navigateur internet (browser)<\/li> <li>Cr\u00e9er des exceptions pour les cookies provenant de sites web ou de domaines sp\u00e9cifiques<\/li> <\/ul> <p>Note : il existe diff\u00e9rents niveaux d'activation et de d\u00e9sactivation des cookies dans Google Chrome. Pour plus d'informations sur la configuration des cookies dans Google Chrome l'utilisateur peut consulter :<\/p> <p><a href=\"https:\/\/support.google.com\/chrome\/answer\/95647?hl=pt&topic=14666&ctx=topic\">https:\/\/support.google.com\/chrome\/answer\/95647?hl=pt&topic=14666&ctx=topic<\/a><\/p>\n<h3>Param\u00e8tres des cookies dans Mozilla Firefox - D\u00e9sactivation des cookies<\/h3> <ul> <li>Cliquer sur le menu \u00ab Outils \u00bb ;<\/li> <li>S\u00e9lectionnez \u00ab Options \u00bb ;<\/li> <li>Cliquez sur l'ic\u00f4ne \u00ab Vie priv\u00e9e \u00bb dans le panneau sup\u00e9rieur ;<\/li> <li>Dans la section \u00ab Cookies \u00bb d\u00e9sactiver l'option \u00ab Accepter les cookies des sites \u00bb ;<\/li> <li>Cliquer sur \u00ab OK \u00bb pour enregistrer les modifications et fermer.<\/li> <\/ul> <p>Note : il existe diff\u00e9rents niveaux d'activation et de d\u00e9sactivation des cookies dans Mozilla Firefox. Pour plus d'informations sur la configuration des cookies dans Mozilla Firefox l'utilisateur peut consulter :<\/p> <p><a href=\"https:\/\/support.mozilla.org\/fr\/kb\/cookies-informations-sites-enregistrent\">https:\/\/support.mozilla.org\/fr\/kb\/cookies-informations-sites-enregistrent<\/a><\/p>\n<h3>Param\u00e8tres des cookies dans Safari Web et iOS - D\u00e9sactivation des cookies<\/h3> <ul> <li>Cliquer sur \u00ab Modifier \u00bb ;<\/li> <li>S\u00e9lectionner \u00ab Pr\u00e9f\u00e9rences \u00bb ;<\/li> <li>Dans le panneau sup\u00e9rieur s\u00e9lectionnez l'ic\u00f4ne \u00ab Confidentialit\u00e9 \u00bb ;<\/li> <li>Dans la section \u00ab Accepter les cookies \u00bb s\u00e9lectionner \u00ab Jamais \u00bb.<\/li> <\/ul> <p>Note : il existe diff\u00e9rents niveaux d'activation et de d\u00e9sactivation des cookies dans Safari. Pour plus d'informations sur la configuration des cookies dans Safari l'utilisateur peut consulter :<\/p> <p><a href=\"https:\/\/support.apple.com\/pt-pt\/HT201265\">https:\/\/support.apple.com\/pt-pt\/HT201265<\/a><\/p>\n<h3>Autres navigateurs internet (browers)<\/h3> <p>Si vous utilisez un navigateur autre que ceux susmentionn\u00e9s recherchez dans le menu \u00ab aide \u00bb de votre navigateur internet la fonction permettant de supprimer les donn\u00e9es des cookies.<\/p> <p>Note : en d\u00e9sactivant les cookies le site internet risque de ne pas fonctionner correctement.<\/p>\n<h3>Modifications de la politique en mati\u00e8re de cookies<\/h3> <p>Nous pouvons \u00e0 tout moment apporter des ajustements ou des modifications \u00e0 la pr\u00e9sente politique en mati\u00e8re de cookies et ces modifications seront publi\u00e9es de mani\u00e8re appropri\u00e9e sur le site internet.<\/p>\n<p>Date de la derni\u00e8re mise \u00e0 jour : 01\/07\/2024<\/p>","post_mailing_queue_ids":[],"_links":{"self":[{"href":"https:\/\/quintadacorte.com\/fr\/wp-json\/wp\/v2\/pages\/3206","targetHints":{"allow":["GET"]}}],"collection":[{"href":"https:\/\/quintadacorte.com\/fr\/wp-json\/wp\/v2\/pages"}],"about":[{"href":"https:\/\/quintadacorte.com\/fr\/wp-json\/wp\/v2\/types\/page"}],"author":[{"embeddable":true,"href":"https:\/\/quintadacorte.com\/fr\/wp-json\/wp\/v2\/users\/1"}],"replies":[{"embeddable":true,"href":"https:\/\/quintadacorte.com\/fr\/wp-json\/wp\/v2\/comments?post=3206"}],"version-history":[{"count":7,"href":"https:\/\/quintadacorte.com\/fr\/wp-json\/wp\/v2\/pages\/3206\/revisions"}],"predecessor-version":[{"id":3228,"href":"https:\/\/quintadacorte.com\/fr\/wp-json\/wp\/v2\/pages\/3206\/revisions\/3228"}],"wp:attachment":[{"href":"https:\/\/quintadacorte.com\/fr\/wp-json\/wp\/v2\/media?parent=3206"}],"curies":[{"name":"wp","href":"https:\/\/api.w.org\/{rel}","templated":true}]}}