{"id":3313,"date":"2024-10-28T17:11:13","date_gmt":"2024-10-28T17:11:13","guid":{"rendered":"https:\/\/quintadacorte.com\/junte-se-ao-clube\/"},"modified":"2024-11-05T15:42:39","modified_gmt":"2024-11-05T15:42:39","slug":"join-the-club","status":"publish","type":"page","link":"https:\/\/quintadacorte.com\/fr\/join-the-club\/","title":{"rendered":"Join the Club"},"content":{"rendered":"<!--themify_builder_content-->\n<div id=\"themify_builder_content-3313\" data-postid=\"3313\" class=\"themify_builder_content themify_builder_content-3313 themify_builder tf_clear\">\n                    <div  data-css_id=\"lnhn839\" data-lazy=\"1\" class=\"module_row themify_builder_row fullwidth_row_container tb_lnhn839 tb_first tf_w wow\" data-tf-animation=\"fadeIn\">\n            <span class=\"builder_row_cover tf_abs\"><\/span>            <div class=\"row_inner col_align_top tb_col_count_1 tf_box tf_rel\">\n                        <div  data-lazy=\"1\" class=\"module_column tb-column col-full tb_h13p839 first\">\n                    <!-- module plain text -->\n<div  class=\"module module-plain-text tb_3r8k839 \" data-lazy=\"1\">\n        <div class=\"tb_text_wrap\">\n    <h1 class=\"page-title-default\">\n\tClub \u201cAmis du Domaine Quinta da C\u00f4rte\u201d\n<\/h1>    <\/div>\n<\/div>\n<!-- \/module plain text -->        <\/div>\n                        <\/div>\n        <\/div>\n                        <div  data-parallax-bg=\"desktop\" data-css_id=\"obe5767\" data-lazy=\"1\" class=\"module_row themify_builder_row highlighted-section fullwidth_row_container tb_obe5767 tf_w\">\n                        <div class=\"row_inner col_align_top tb_col_count_1 tf_box tf_rel\">\n                        <div  data-lazy=\"1\" class=\"module_column tb-column col-full tb_qub0767 first\">\n                    <!-- module plain text -->\n<div  class=\"module module-plain-text tb_9y7f974 \" data-lazy=\"1\">\n        <div class=\"tb_text_wrap\">\n    <h2>\n\tJoin the Club!\n<\/h2>\n<div class=\"emaillist\" id=\"es_form_f3-n1\"><form action=\"\/fr\/wp-json\/wp\/v2\/pages\/3313#es_form_f3-n1\" method=\"post\" class=\"es_subscription_form es_shortcode_form  es_ajax_subscription_form\" id=\"es_subscription_form_69e6b5c90b3be\" data-source=\"ig-es\" data-form-id=\"3\"><input type=\"hidden\" name=\"esfpx_form_id\" value=\"3\" \/><input type=\"hidden\" name=\"esfpx_lists[]\" value=\"22a483d3f3cf\" \/><input type=\"hidden\" name=\"es\" value=\"subscribe\" \/>\n\t\t\t<input type=\"hidden\" name=\"esfpx_es_form_identifier\" value=\"f3-n1\" \/>\n\t\t\t<input type=\"hidden\" name=\"esfpx_es_email_page\" value=\"3313\" \/>\n\t\t\t<input type=\"hidden\" name=\"esfpx_es_email_page_url\" value=\"https:\/\/quintadacorte.com\/fr\/join-the-club\/\" \/>\n\t\t\t<input type=\"hidden\" name=\"esfpx_status\" value=\"Unconfirmed\" \/>\n\t\t\t<input type=\"hidden\" name=\"esfpx_es-subscribe\" id=\"es-subscribe-69e6b5c90b3be\" value=\"8091bb7aa7\" \/>\n\t\t\t<label style=\"position:absolute;top:-99999px;left:-99999px;z-index:-99;\" aria-hidden=\"true\"><span hidden>Please leave this field empty.<\/span><input type=\"email\" name=\"esfpx_es_hp_email\" class=\"es_required_field\" tabindex=\"-1\" autocomplete=\"-1\" value=\"\" \/><\/label><style>form.es_subscription_form[data-form-id=\"3\"] * { box-sizing: border-box; } body {margin: 0;}#ioi4{text-align:center;}#idch{text-align:center;}#i0dla{text-align:center;}form[data-form-id=\"3\"] .es-form-field-container .gjs-row{display:flex;justify-content:flex-start;align-items:stretch;flex-wrap:nowrap;}form[data-form-id=\"3\"] .es-form-field-container .gjs-cell{flex-grow:1;flex-basis:100%;}form[data-form-id=\"3\"] .es-form-field-container .gjs-cell[data-highlightable=\"1\"]:empty{border-top-width:1px;border-top-style:dashed;border-top-color:rgb(204, 204, 204);border-right-width:1px;border-right-style:dashed;border-right-color:rgb(204, 204, 204);border-bottom-width:1px;border-bottom-style:dashed;border-bottom-color:rgb(204, 204, 204);border-left-width:1px;border-left-style:dashed;border-left-color:rgb(204, 204, 204);border-image-outset:0;border-image-repeat:stretch;border-image-slice:100%;border-image-source:none;border-image-width:1;height:30px;}form[data-form-id=\"3\"] .es-form-field-container .gjs-row .gjs-cell input[type=\"checkbox\"], form[data-form-id=\"3\"] .es-form-field-container .gjs-row .gjs-cell input[type=\"radio\"]{margin-top:0px;margin-right:5px;margin-bottom:0px;margin-left:0px;width:auto;}form[data-form-id=\"3\"] .es-form-field-container .gjs-row{margin-bottom:0.6em;}form[data-form-id=\"3\"] .es-form-field-container label.es-field-label{display:block;}@media (max-width: 320px){form[data-form-id=\"3\"] .es-form-field-container{padding-top:1rem;padding-right:1rem;padding-bottom:1rem;padding-left:1rem;}}<\/style><div class=\"es-form-field-container\"><div class=\"gjs-row\"><div class=\"gjs-cell\" id=\"ioi4\"><input type=\"text\" name=\"esfpx_name\" autocomplete=\"off\" placeholder=\"Votre Nom\" id=\"esfpx_name_c19bd137ba2ce8\" required class=\"es-name\" \/><\/div><\/div><div class=\"gjs-row\"><div class=\"gjs-cell\" id=\"idch\"><input type=\"email\" required name=\"esfpx_email\" autocomplete=\"off\" placeholder=\"Votre Email\" id=\"esfpx_email_c19bd137ba2ce8\" class=\"es-email\" \/><\/div><\/div><label class=\"es-field-label\" id=\"i0dla\"><input type=\"checkbox\" required=\"required\" name=\"es_gdpr_consent\" value=\"true\" \/>J&#039;ai lu et j&#039;accepte la <a href=\"\/fr\/politique-de-confidentialite\/\" class=\"link\">politique de confidentialit\u00e9<\/a><\/label><div class=\"gjs-row\"><div class=\"gjs-cell\"><div class=\"es_gdpr\"><\/div><\/div><\/div><div class=\"gjs-row\"><div class=\"gjs-cell\"><input type=\"submit\" name=\"submit\" value=\"Envoyer\" \/><\/div><\/div><\/div><span class=\"es_spinner_image\" id=\"spinner-image\"><img decoding=\"async\" src=\"https:\/\/quintadacorte.com\/wp-content\/plugins\/email-subscribers\/lite\/public\/images\/spinner.gif\" alt=\"Loading\" \/><\/span><\/form><span class=\"es_subscription_message \" id=\"es_subscription_message_69e6b5c90b3be\"><\/span><\/div>    <\/div>\n<\/div>\n<!-- \/module plain text -->        <\/div>\n                        <\/div>\n        <\/div>\n                        <div  data-css_id=\"chqa599\" data-lazy=\"1\" class=\"module_row themify_builder_row section-default fullwidth tb_chqa599 tf_w wow\" data-tf-animation=\"fadeIn\" data-tf-animation_delay=\"0.6\">\n                        <div class=\"row_inner col_align_middle tb_col_count_2 tf_box tf_rel\">\n                        <div  data-lazy=\"1\" class=\"module_column tb-column col4-2 tb_2emo599 first\">\n                    <!-- module plain text -->\n<div  class=\"module module-plain-text tb_54yh599 \" data-lazy=\"1\">\n        <div class=\"tb_text_wrap\">\n    <h2>\n\tCher Ami du Domaine Quinta da C\u00f4rte,\n<\/h2>\n\n<p>Devenez partie int\u00e9grante du tr\u00e9sor du Douro ! Situ\u00e9e dans le triangle d&rsquo;or des domaines les plus renomm\u00e9s au monde, la Quinta da C\u00f4rte cultive sa singularit\u00e9. Bas\u00e9e sur le respect de sa belle Terre et des gestes ancestraux revisit\u00e9s par les connaissances les plus modernes, elle produit des vins v\u00e9ritablement remarquables. Gr\u00e2ce \u00e0 notre Club, vous pouvez b\u00e9n\u00e9ficier d&rsquo;avantages exclusifs que seule la r\u00e9gion du Douro peut offrir, tels que des lancements anticip\u00e9s de nos nouvelles cuv\u00e9es, des \u00e9v\u00e9nements, des offres sp\u00e9ciales sur nos vins et des conditions sp\u00e9ciales pour les diff\u00e9rents programmes d&rsquo;\u0153notourisme au domaine.<\/p>\n\n<p>Nous souhaitons \u00e9tablir un lien plus \u00e9troit avec vous, o\u00f9 vous pourrez participer virtuellement ou en personne aux diff\u00e9rentes \u00e9tapes de production, ainsi que de vivre des exp\u00e9riences uniques en plein c\u0153ur du Douro tout en profitant de la tranquillit\u00e9 et de la beaut\u00e9 des paysages ainsi que de participer aux travails saisonniers telles que la r\u00e9colte de divers fruits et l\u00e9gumes de nos vergers et jardins directement jusqu\u00b4\u00e0 notre cuisine.<\/p>\n\n<p>Bienvenue dans le Club \u201cAmis du Domaine Quinta da C\u00f4rte\u201d!<\/p>    <\/div>\n<\/div>\n<!-- \/module plain text -->        <\/div>\n                    <div  data-lazy=\"1\" class=\"module_column tb-column col4-2 tb_iuwa599 last\">\n                            <\/div>\n                        <\/div>\n        <\/div>\n        <\/div>\n<!--\/themify_builder_content-->","protected":false},"excerpt":{"rendered":"","protected":false},"author":1,"featured_media":0,"parent":0,"menu_order":0,"comment_status":"closed","ping_status":"closed","template":"","meta":{"_acf_changed":false,"footnotes":""},"class_list":["post-3313","page","type-page","status-publish","hentry","has-post-title","has-post-date","has-post-category","has-post-tag","has-post-comment","has-post-author",""],"acf":[],"builder_content":"<h1> Club \u201cAmis du Domaine Quinta da C\u00f4rte\u201d <\/h1>\n<h2> Join the Club! <\/h2> [email-subscribers-form id=\"3\"]\n<h2> Cher Ami du Domaine Quinta da C\u00f4rte, <\/h2>\n<p>Devenez partie int\u00e9grante du tr\u00e9sor du Douro ! Situ\u00e9e dans le triangle d'or des domaines les plus renomm\u00e9s au monde, la Quinta da C\u00f4rte cultive sa singularit\u00e9. Bas\u00e9e sur le respect de sa belle Terre et des gestes ancestraux revisit\u00e9s par les connaissances les plus modernes, elle produit des vins v\u00e9ritablement remarquables. Gr\u00e2ce \u00e0 notre Club, vous pouvez b\u00e9n\u00e9ficier d'avantages exclusifs que seule la r\u00e9gion du Douro peut offrir, tels que des lancements anticip\u00e9s de nos nouvelles cuv\u00e9es, des \u00e9v\u00e9nements, des offres sp\u00e9ciales sur nos vins et des conditions sp\u00e9ciales pour les diff\u00e9rents programmes d'\u0153notourisme au domaine.<\/p>\n<p>Nous souhaitons \u00e9tablir un lien plus \u00e9troit avec vous, o\u00f9 vous pourrez participer virtuellement ou en personne aux diff\u00e9rentes \u00e9tapes de production, ainsi que de vivre des exp\u00e9riences uniques en plein c\u0153ur du Douro tout en profitant de la tranquillit\u00e9 et de la beaut\u00e9 des paysages ainsi que de participer aux travails saisonniers telles que la r\u00e9colte de divers fruits et l\u00e9gumes de nos vergers et jardins directement jusqu\u00b4\u00e0 notre cuisine.<\/p>\n<p>Bienvenue dans le Club \u201cAmis du Domaine Quinta da C\u00f4rte\u201d!<\/p>","post_mailing_queue_ids":[],"_links":{"self":[{"href":"https:\/\/quintadacorte.com\/fr\/wp-json\/wp\/v2\/pages\/3313","targetHints":{"allow":["GET"]}}],"collection":[{"href":"https:\/\/quintadacorte.com\/fr\/wp-json\/wp\/v2\/pages"}],"about":[{"href":"https:\/\/quintadacorte.com\/fr\/wp-json\/wp\/v2\/types\/page"}],"author":[{"embeddable":true,"href":"https:\/\/quintadacorte.com\/fr\/wp-json\/wp\/v2\/users\/1"}],"replies":[{"embeddable":true,"href":"https:\/\/quintadacorte.com\/fr\/wp-json\/wp\/v2\/comments?post=3313"}],"version-history":[{"count":6,"href":"https:\/\/quintadacorte.com\/fr\/wp-json\/wp\/v2\/pages\/3313\/revisions"}],"predecessor-version":[{"id":3353,"href":"https:\/\/quintadacorte.com\/fr\/wp-json\/wp\/v2\/pages\/3313\/revisions\/3353"}],"wp:attachment":[{"href":"https:\/\/quintadacorte.com\/fr\/wp-json\/wp\/v2\/media?parent=3313"}],"curies":[{"name":"wp","href":"https:\/\/api.w.org\/{rel}","templated":true}]}}